{"id":917,"date":"2026-03-28T08:08:21","date_gmt":"2026-03-28T11:08:21","guid":{"rendered":"https:\/\/marsangomateriais.com.br\/index.php\/produto\/suporte-p-filtro-de-cafe-com-bule-700ml-102-preto-sanremo\/"},"modified":"2026-04-10T10:25:53","modified_gmt":"2026-04-10T13:25:53","slug":"suporte-p-filtro-de-cafe-com-bule-700ml-102-preto-sanremo","status":"publish","type":"product","link":"https:\/\/marsangomateriais.com.br\/index.php\/produto\/suporte-p-filtro-de-cafe-com-bule-700ml-102-preto-sanremo\/","title":{"rendered":"Suporte para Filtro de Caf\u00e9 com Bule 700ML Preto &#8211; SANREMOS"},"content":{"rendered":"<p>ESPECIFICA\u00c7\u00d5ES DO PRODUTO<\/p>\n<p>Garrafa T\u00e9rmica Bule Com Suporte Para Filtro 700ml &#8211; Sanremo<br \/>\nBule T\u00e9rmico com Suporte para Filtro de Caf\u00e9<\/p>\n<p>A linha Cuidar Sanremo Termic possui design elegante e carinhoso. Al\u00e7a ergon\u00f4mica, tampa rolha e bico direcionador anti pingo.<\/p>\n<p>Produto desenvolvido com alta tecnologia e resistente. Superf\u00edcie polida e brilhante conservando bebidas quentes e geladas.<\/p>\n<p>O Suporte encaixa-se perfeitamente, podendo coar o caf\u00e9 diretamente no bule.<\/p>\n<p>\u00d3timo para presentear, excelente para o seu dia a dia.<\/p>\n<p>Caracter\u00edsticas:<br \/>\n&#8211; Marca: Sanremo<br \/>\n&#8211; Filtro tamanho 102<br \/>\n&#8211; Conserva\u00e7\u00e3o quente 6 horas<br \/>\n&#8211; Conserva\u00e7\u00e3o gelado: 12 horas<br \/>\n&#8211; Capacidade: 700 ml<br \/>\n&#8211; Tampa de rosca<br \/>\n&#8211; Material: polipropileno<br \/>\n&#8211; Al\u00e7a ergon\u00f4mica<br \/>\n&#8211; Livre de BPA<\/p>\n<p>Medidas da garrafa t\u00e9rmica:<br \/>\n&#8211; Comprimento do bico at\u00e9 o cabo: 15,5 cm<br \/>\n&#8211; Di\u00e2metro base: 11,5 cm<br \/>\n&#8211; Altura: 19,5 cm<\/p>\n<p>Medidas do suporte para filtro:<br \/>\n&#8211; Comprimento com a al\u00e7a: 13,5 cm<br \/>\n&#8211; Di\u00e2metro da boca: 11 cm<br \/>\n&#8211; Altura: 12 cm<\/p>\n<p>Indica\u00e7\u00f5es:<br \/>\n&#8211; Bebidas quentes: caf\u00e9, ch\u00e1, chocolate quente;<br \/>\n&#8211; Bebidas geladas: \u00e1gua, ch\u00e1 gelado, sucos.<\/p>\n<p>Dicas:<br \/>\nA conserva\u00e7\u00e3o da temperatura do l\u00edquido dentro da garrafa \u00e9 potencializada se escaldada previamente. Para l\u00edquidos quentes, escaldar com \u00e1gua quente e para l\u00edquidos gelados, escaldar com \u00e1gua gelada;<br \/>\nA temperatura \u00e9 mantida por maior tempo se a garrafa estiver com o l\u00edquido em seu volume m\u00e1ximo;<br \/>\nA temperatura de conserva\u00e7\u00e3o, pode variar de acordo com a temperatura inicial do l\u00edquido, preenchimento interno e o n\u00famero de vezes em que a garrafa \u00e9 aberta.<\/p>\n<p>Capacidade: 700 ml<br \/>\nCor: Preto<br \/>\nMarca: Sanremo<br \/>\nRefer\u00eancia: 37867<\/p>\n","protected":false},"excerpt":{"rendered":"<p>ESPECIFICA\u00c7\u00d5ES DO PRODUTO Garrafa T\u00e9rmica Bule Com Suporte Para Filtro 700ml &#8211; Sanremo Bule T\u00e9rmico com Suporte para Filtro de Caf\u00e9 A linha Cuidar Sanremo Termic possui design elegante e carinhoso. Al\u00e7a ergon\u00f4mica, tampa rolha e bico direcionador anti pingo. Produto desenvolvido com alta tecnologia e resistente. Superf\u00edcie polida e brilhante conservando bebidas quentes e [&hellip;]<\/p>\n","protected":false},"featured_media":1239,"comment_status":"open","ping_status":"closed","template":"","meta":[],"product_brand":[],"product_cat":[30],"product_tag":[],"class_list":{"0":"post-917","1":"product","2":"type-product","3":"status-publish","4":"has-post-thumbnail","6":"product_cat-utilidades-domesticas","8":"first","9":"instock","10":"sale","11":"shipping-taxable","12":"purchasable","13":"product-type-simple"},"_links":{"self":[{"href":"https:\/\/marsangomateriais.com.br\/index.php\/wp-json\/wp\/v2\/product\/917","targetHints":{"allow":["GET"]}}],"collection":[{"href":"https:\/\/marsangomateriais.com.br\/index.php\/wp-json\/wp\/v2\/product"}],"about":[{"href":"https:\/\/marsangomateriais.com.br\/index.php\/wp-json\/wp\/v2\/types\/product"}],"replies":[{"embeddable":true,"href":"https:\/\/marsangomateriais.com.br\/index.php\/wp-json\/wp\/v2\/comments?post=917"}],"wp:featuredmedia":[{"embeddable":true,"href":"https:\/\/marsangomateriais.com.br\/index.php\/wp-json\/wp\/v2\/media\/1239"}],"wp:attachment":[{"href":"https:\/\/marsangomateriais.com.br\/index.php\/wp-json\/wp\/v2\/media?parent=917"}],"wp:term":[{"taxonomy":"product_brand","embeddable":true,"href":"https:\/\/marsangomateriais.com.br\/index.php\/wp-json\/wp\/v2\/product_brand?post=917"},{"taxonomy":"product_cat","embeddable":true,"href":"https:\/\/marsangomateriais.com.br\/index.php\/wp-json\/wp\/v2\/product_cat?post=917"},{"taxonomy":"product_tag","embeddable":true,"href":"https:\/\/marsangomateriais.com.br\/index.php\/wp-json\/wp\/v2\/product_tag?post=917"}],"curies":[{"name":"wp","href":"https:\/\/api.w.org\/{rel}","templated":true}]}}