{"id":916,"date":"2026-03-28T08:08:20","date_gmt":"2026-03-28T11:08:20","guid":{"rendered":"https:\/\/marsangomateriais.com.br\/index.php\/produto\/vaso-quadrado-coluna-ceramico-rattan-175-litros-plasnew\/"},"modified":"2026-04-13T13:34:02","modified_gmt":"2026-04-13T16:34:02","slug":"vaso-quadrado-coluna-ceramico-rattan-175-litros-plasnew","status":"publish","type":"product","link":"https:\/\/marsangomateriais.com.br\/index.php\/produto\/vaso-quadrado-coluna-ceramico-rattan-175-litros-plasnew\/","title":{"rendered":"Vaso Quadrado Coluna Cer\u00e2mico Rattan 17,5 Litros &#8211; PLASNEW"},"content":{"rendered":"<p>ESPECIFICA\u00c7\u00d5ES DO PRODUTO<\/p>\n<p>O Vaso quadrado formato em coluna, em Polietileno estilo Cachepot \u00e9 um item essencial para decorar v\u00e1rios ambientes da sua casa. Pode ser utilizado para plantas e folhagens.<\/p>\n<p>&#8211; Vaso Polietileno Cachepot, decorar sua casa e dar o destaque ideal para suas plantas;<br \/>\n&#8211; Combina com v\u00e1rios ambientes da sua casa;<br \/>\n&#8211; Material resistente e dur\u00e1vel;<br \/>\n&#8211; Pr\u00e1tico e leve;<br \/>\n&#8211; Design Moderno e Minimalista.<br \/>\nRefer\u00eancia: 36778<\/p>\n","protected":false},"excerpt":{"rendered":"<p>ESPECIFICA\u00c7\u00d5ES DO PRODUTO O Vaso quadrado formato em coluna, em Polietileno estilo Cachepot \u00e9 um item essencial para decorar v\u00e1rios ambientes da sua casa. Pode ser utilizado para plantas e folhagens. &#8211; Vaso Polietileno Cachepot, decorar sua casa e dar o destaque ideal para suas plantas; &#8211; Combina com v\u00e1rios ambientes da sua casa; &#8211; [&hellip;]<\/p>\n","protected":false},"featured_media":1235,"comment_status":"open","ping_status":"closed","template":"","meta":[],"product_brand":[],"product_cat":[30],"product_tag":[],"class_list":{"0":"post-916","1":"product","2":"type-product","3":"status-publish","4":"has-post-thumbnail","6":"product_cat-utilidades-domesticas","8":"first","9":"instock","10":"sale","11":"shipping-taxable","12":"purchasable","13":"product-type-simple"},"_links":{"self":[{"href":"https:\/\/marsangomateriais.com.br\/index.php\/wp-json\/wp\/v2\/product\/916","targetHints":{"allow":["GET"]}}],"collection":[{"href":"https:\/\/marsangomateriais.com.br\/index.php\/wp-json\/wp\/v2\/product"}],"about":[{"href":"https:\/\/marsangomateriais.com.br\/index.php\/wp-json\/wp\/v2\/types\/product"}],"replies":[{"embeddable":true,"href":"https:\/\/marsangomateriais.com.br\/index.php\/wp-json\/wp\/v2\/comments?post=916"}],"wp:featuredmedia":[{"embeddable":true,"href":"https:\/\/marsangomateriais.com.br\/index.php\/wp-json\/wp\/v2\/media\/1235"}],"wp:attachment":[{"href":"https:\/\/marsangomateriais.com.br\/index.php\/wp-json\/wp\/v2\/media?parent=916"}],"wp:term":[{"taxonomy":"product_brand","embeddable":true,"href":"https:\/\/marsangomateriais.com.br\/index.php\/wp-json\/wp\/v2\/product_brand?post=916"},{"taxonomy":"product_cat","embeddable":true,"href":"https:\/\/marsangomateriais.com.br\/index.php\/wp-json\/wp\/v2\/product_cat?post=916"},{"taxonomy":"product_tag","embeddable":true,"href":"https:\/\/marsangomateriais.com.br\/index.php\/wp-json\/wp\/v2\/product_tag?post=916"}],"curies":[{"name":"wp","href":"https:\/\/api.w.org\/{rel}","templated":true}]}}