{"id":911,"date":"2026-03-28T08:06:33","date_gmt":"2026-03-28T11:06:33","guid":{"rendered":"https:\/\/marsangomateriais.com.br\/index.php\/produto\/fruteira-copacabana-dupla-cromada-niquelart\/"},"modified":"2026-04-10T10:23:03","modified_gmt":"2026-04-10T13:23:03","slug":"fruteira-copacabana-dupla-cromada-niquelart","status":"publish","type":"product","link":"https:\/\/marsangomateriais.com.br\/index.php\/produto\/fruteira-copacabana-dupla-cromada-niquelart\/","title":{"rendered":"Fruteira Copacabana Dupla Cromada &#8211; NIQUELART"},"content":{"rendered":"<p>ESPECIFICA\u00c7\u00d5ES DO PRODUTO<\/p>\n<p>A Fruteira Dupla Cromada Niquelart decora a sua cozinha ou copa, deixa suas frutas organizadas e ainda incentiva toda a fam\u00edlia a ter uma alimenta\u00e7\u00e3o mais saud\u00e1vel.<br \/>\nUm produto completo, bonito e que n\u00e3o pode faltar em seu lar.<\/p>\n<p>Composi\u00e7\u00e3o: A\u00e7o<\/p>\n<p>Dimens\u00e3o: 28cm x 28cm x 30cm (C-L-A)<br \/>\nPeso: 401g<br \/>\nRefer\u00eancia: 8357<\/p>\n","protected":false},"excerpt":{"rendered":"<p>ESPECIFICA\u00c7\u00d5ES DO PRODUTO A Fruteira Dupla Cromada Niquelart decora a sua cozinha ou copa, deixa suas frutas organizadas e ainda incentiva toda a fam\u00edlia a ter uma alimenta\u00e7\u00e3o mais saud\u00e1vel. Um produto completo, bonito e que n\u00e3o pode faltar em seu lar. Composi\u00e7\u00e3o: A\u00e7o Dimens\u00e3o: 28cm x 28cm x 30cm (C-L-A) Peso: 401g Refer\u00eancia: 8357<\/p>\n","protected":false},"featured_media":1227,"comment_status":"open","ping_status":"closed","template":"","meta":[],"product_brand":[],"product_cat":[30],"product_tag":[],"class_list":{"0":"post-911","1":"product","2":"type-product","3":"status-publish","4":"has-post-thumbnail","6":"product_cat-utilidades-domesticas","8":"first","9":"instock","10":"sale","11":"shipping-taxable","12":"purchasable","13":"product-type-simple"},"_links":{"self":[{"href":"https:\/\/marsangomateriais.com.br\/index.php\/wp-json\/wp\/v2\/product\/911","targetHints":{"allow":["GET"]}}],"collection":[{"href":"https:\/\/marsangomateriais.com.br\/index.php\/wp-json\/wp\/v2\/product"}],"about":[{"href":"https:\/\/marsangomateriais.com.br\/index.php\/wp-json\/wp\/v2\/types\/product"}],"replies":[{"embeddable":true,"href":"https:\/\/marsangomateriais.com.br\/index.php\/wp-json\/wp\/v2\/comments?post=911"}],"wp:featuredmedia":[{"embeddable":true,"href":"https:\/\/marsangomateriais.com.br\/index.php\/wp-json\/wp\/v2\/media\/1227"}],"wp:attachment":[{"href":"https:\/\/marsangomateriais.com.br\/index.php\/wp-json\/wp\/v2\/media?parent=911"}],"wp:term":[{"taxonomy":"product_brand","embeddable":true,"href":"https:\/\/marsangomateriais.com.br\/index.php\/wp-json\/wp\/v2\/product_brand?post=911"},{"taxonomy":"product_cat","embeddable":true,"href":"https:\/\/marsangomateriais.com.br\/index.php\/wp-json\/wp\/v2\/product_cat?post=911"},{"taxonomy":"product_tag","embeddable":true,"href":"https:\/\/marsangomateriais.com.br\/index.php\/wp-json\/wp\/v2\/product_tag?post=911"}],"curies":[{"name":"wp","href":"https:\/\/api.w.org\/{rel}","templated":true}]}}