{"id":909,"date":"2026-03-28T08:06:22","date_gmt":"2026-03-28T11:06:22","guid":{"rendered":"https:\/\/marsangomateriais.com.br\/index.php\/produto\/frigideira-granito-orleans-n20-com-inducao-a5\/"},"modified":"2026-04-10T10:20:51","modified_gmt":"2026-04-10T13:20:51","slug":"frigideira-granito-orleans-n20-com-inducao-a5","status":"publish","type":"product","link":"https:\/\/marsangomateriais.com.br\/index.php\/produto\/frigideira-granito-orleans-n20-com-inducao-a5\/","title":{"rendered":"Frigideira Granito Orleans com Indu\u00e7\u00e3o"},"content":{"rendered":"<p>ESPECIFICA\u00c7\u00d5ES DO PRODUTO<\/p>\n<p>Frigideira Granito Orleans A5 com indu\u00e7\u00e3oela \u00e9 antiaderente, dur\u00e1veis e duram muitos anos com o devido cuidado, e f\u00e1cil de limpar. Espessura 3,5mm em toda a frigideira, distribui\u00e7\u00e3o perfeita do calor, cabo siliconado de alta resist\u00eancia,<br \/>\nVelocidade no preparo dos alimentos,<\/p>\n<p>Ideal fazer a cura da frigideira:<br \/>\nLave a panela com uma esponja macia e detergente l\u00edquido.<br \/>\nSeque bem com um pano de prato.<br \/>\nColoque um pouco de \u00f3leo na parte interna.<br \/>\nLeva ao fogo baixo e aguarde 2 minutos.<br \/>\nDesligue o fogo e espere a panela esfriar.<br \/>\nLave novamente e passe um pano para secar.<\/p>\n<p>Marca: A5<br \/>\nMaterial: Alum\u00ednio<br \/>\nCaracter\u00edsticas especiais: Antiaderente<br \/>\nDispositivos compat\u00edveis: Indu\u00e7\u00e3o de superf\u00edcie lisa<br \/>\nCompat\u00edvel com Fog\u00e3o a g\u00e1s, el\u00e9tricos e por indu\u00e7\u00e3o<br \/>\nAntiaderente, n\u00e3o gruda alimentos.<br \/>\nRefer\u00eancia: 100000162<\/p>\n","protected":false},"excerpt":{"rendered":"<p>ESPECIFICA\u00c7\u00d5ES DO PRODUTO Frigideira Granito Orleans A5 com indu\u00e7\u00e3oela \u00e9 antiaderente, dur\u00e1veis e duram muitos anos com o devido cuidado, e f\u00e1cil de limpar. Espessura 3,5mm em toda a frigideira, distribui\u00e7\u00e3o perfeita do calor, cabo siliconado de alta resist\u00eancia, Velocidade no preparo dos alimentos, Ideal fazer a cura da frigideira: Lave a panela com uma [&hellip;]<\/p>\n","protected":false},"featured_media":1224,"comment_status":"open","ping_status":"closed","template":"","meta":[],"product_brand":[],"product_cat":[30],"product_tag":[],"class_list":{"0":"post-909","1":"product","2":"type-product","3":"status-publish","4":"has-post-thumbnail","6":"product_cat-utilidades-domesticas","8":"first","9":"instock","10":"sale","11":"shipping-taxable","12":"purchasable","13":"product-type-simple"},"_links":{"self":[{"href":"https:\/\/marsangomateriais.com.br\/index.php\/wp-json\/wp\/v2\/product\/909","targetHints":{"allow":["GET"]}}],"collection":[{"href":"https:\/\/marsangomateriais.com.br\/index.php\/wp-json\/wp\/v2\/product"}],"about":[{"href":"https:\/\/marsangomateriais.com.br\/index.php\/wp-json\/wp\/v2\/types\/product"}],"replies":[{"embeddable":true,"href":"https:\/\/marsangomateriais.com.br\/index.php\/wp-json\/wp\/v2\/comments?post=909"}],"wp:featuredmedia":[{"embeddable":true,"href":"https:\/\/marsangomateriais.com.br\/index.php\/wp-json\/wp\/v2\/media\/1224"}],"wp:attachment":[{"href":"https:\/\/marsangomateriais.com.br\/index.php\/wp-json\/wp\/v2\/media?parent=909"}],"wp:term":[{"taxonomy":"product_brand","embeddable":true,"href":"https:\/\/marsangomateriais.com.br\/index.php\/wp-json\/wp\/v2\/product_brand?post=909"},{"taxonomy":"product_cat","embeddable":true,"href":"https:\/\/marsangomateriais.com.br\/index.php\/wp-json\/wp\/v2\/product_cat?post=909"},{"taxonomy":"product_tag","embeddable":true,"href":"https:\/\/marsangomateriais.com.br\/index.php\/wp-json\/wp\/v2\/product_tag?post=909"}],"curies":[{"name":"wp","href":"https:\/\/api.w.org\/{rel}","templated":true}]}}