{"id":907,"date":"2026-03-28T08:06:21","date_gmt":"2026-03-28T11:06:21","guid":{"rendered":"https:\/\/marsangomateriais.com.br\/index.php\/produto\/gamela-c-5-divisorias-bamboo-mor\/"},"modified":"2026-04-10T10:19:20","modified_gmt":"2026-04-10T13:19:20","slug":"gamela-c-5-divisorias-bamboo-mor","status":"publish","type":"product","link":"https:\/\/marsangomateriais.com.br\/index.php\/produto\/gamela-c-5-divisorias-bamboo-mor\/","title":{"rendered":"Gamela com 5 Divis\u00f3rias Bamboo &#8211; MOR"},"content":{"rendered":"<p>ESPECIFICA\u00c7\u00d5ES DO PRODUTO<\/p>\n<p>Tanto para quem gosta de um aperitivo enquanto assa a carne, quanto para quem gosta de servir diversos salgadinhos e legumes picados, a Gamela Bamboo com 5 divis\u00f3rias \u00e9 perfeita para reuni\u00f5es com amigos ou familiares.<br \/>\nAl\u00e9m de ser super funcional e de f\u00e1cil limpeza, a gamela tem design r\u00fastico que decora enquanto serve, trazendo mais charme para sua cozinha. Produzida em madeira de bambu \u00e9 um produto ecologicamente correto e resistente, al\u00e9m de ser 30% mais leve que as outras madeiras. Presente perfeito para surpreender os amigos!<\/p>\n<p>Especifica\u00e7\u00f5es<br \/>\nMaterial: Bamboo<br \/>\nCor predominante: Marrom<br \/>\nObserva\u00e7\u00e3o: Os objetos que ambientam as imagens n\u00e3o acompanham o produto!<\/p>\n<p>Altura: 4,00 Cent\u00edmetros<br \/>\nLargura: 33,00 Cent\u00edmetros<br \/>\nComprimento: 33,00 Cent\u00edmetros<br \/>\nPeso: 1,27 Kilogramas<br \/>\nRefer\u00eancia: 003365<\/p>\n","protected":false},"excerpt":{"rendered":"<p>ESPECIFICA\u00c7\u00d5ES DO PRODUTO Tanto para quem gosta de um aperitivo enquanto assa a carne, quanto para quem gosta de servir diversos salgadinhos e legumes picados, a Gamela Bamboo com 5 divis\u00f3rias \u00e9 perfeita para reuni\u00f5es com amigos ou familiares. Al\u00e9m de ser super funcional e de f\u00e1cil limpeza, a gamela tem design r\u00fastico que decora [&hellip;]<\/p>\n","protected":false},"featured_media":1217,"comment_status":"open","ping_status":"closed","template":"","meta":[],"product_brand":[],"product_cat":[30],"product_tag":[],"class_list":{"0":"post-907","1":"product","2":"type-product","3":"status-publish","4":"has-post-thumbnail","6":"product_cat-utilidades-domesticas","8":"first","9":"instock","10":"sale","11":"shipping-taxable","12":"purchasable","13":"product-type-simple"},"_links":{"self":[{"href":"https:\/\/marsangomateriais.com.br\/index.php\/wp-json\/wp\/v2\/product\/907","targetHints":{"allow":["GET"]}}],"collection":[{"href":"https:\/\/marsangomateriais.com.br\/index.php\/wp-json\/wp\/v2\/product"}],"about":[{"href":"https:\/\/marsangomateriais.com.br\/index.php\/wp-json\/wp\/v2\/types\/product"}],"replies":[{"embeddable":true,"href":"https:\/\/marsangomateriais.com.br\/index.php\/wp-json\/wp\/v2\/comments?post=907"}],"wp:featuredmedia":[{"embeddable":true,"href":"https:\/\/marsangomateriais.com.br\/index.php\/wp-json\/wp\/v2\/media\/1217"}],"wp:attachment":[{"href":"https:\/\/marsangomateriais.com.br\/index.php\/wp-json\/wp\/v2\/media?parent=907"}],"wp:term":[{"taxonomy":"product_brand","embeddable":true,"href":"https:\/\/marsangomateriais.com.br\/index.php\/wp-json\/wp\/v2\/product_brand?post=907"},{"taxonomy":"product_cat","embeddable":true,"href":"https:\/\/marsangomateriais.com.br\/index.php\/wp-json\/wp\/v2\/product_cat?post=907"},{"taxonomy":"product_tag","embeddable":true,"href":"https:\/\/marsangomateriais.com.br\/index.php\/wp-json\/wp\/v2\/product_tag?post=907"}],"curies":[{"name":"wp","href":"https:\/\/api.w.org\/{rel}","templated":true}]}}