{"id":905,"date":"2026-03-28T08:04:30","date_gmt":"2026-03-28T11:04:30","guid":{"rendered":"https:\/\/marsangomateriais.com.br\/index.php\/produto\/gamela-oval-bamboo-41x27cm-mor\/"},"modified":"2026-04-10T10:10:55","modified_gmt":"2026-04-10T13:10:55","slug":"gamela-oval-bamboo-41x27cm-mor","status":"publish","type":"product","link":"https:\/\/marsangomateriais.com.br\/index.php\/produto\/gamela-oval-bamboo-41x27cm-mor\/","title":{"rendered":"Gamela Oval Bamboo 41&#215;27 cm &#8211; MOR"},"content":{"rendered":"<p>ESPECIFICA\u00c7\u00d5ES DO PRODUTO<\/p>\n<p>A Gamela Oval Bamboo deixar\u00e1 a sua mesa ainda mais bonita! Com suas medidas de 41cm x 27cm ela \u00e9 ideal para servir peda\u00e7os inteiros de carne junto com aquela deliciosa farofa. Ecologicamente correto, o bambu \u00e9 autossustent\u00e1vel e os produtos produzidos a partir dele apresentam alta resist\u00eancia e s\u00e3o 30% mais leves que as outras madeiras. Uma excelente escolha para presentear aquele casal de amigos que acabou de se mudar pra casa nova!<\/p>\n<p>Especifica\u00e7\u00f5es<br \/>\nMATERIAL Bamboo<br \/>\nFORMATO Oval<br \/>\nCOR PREDOMINANTE Marrom<br \/>\nOBSERVA\u00c7\u00d5ES Os objetos que ambientam as imagens n\u00e3o acompanham o produto!<br \/>\nALTURA 5,00 Cent\u00edmetros<br \/>\nLARGURA 27,00 Cent\u00edmetros<br \/>\nCOMPRIMENTO 41,00 Cent\u00edmetros<br \/>\nPESO 752,00 Gramas<br \/>\nRefer\u00eancia: 003363<\/p>\n","protected":false},"excerpt":{"rendered":"<p>ESPECIFICA\u00c7\u00d5ES DO PRODUTO A Gamela Oval Bamboo deixar\u00e1 a sua mesa ainda mais bonita! Com suas medidas de 41cm x 27cm ela \u00e9 ideal para servir peda\u00e7os inteiros de carne junto com aquela deliciosa farofa. Ecologicamente correto, o bambu \u00e9 autossustent\u00e1vel e os produtos produzidos a partir dele apresentam alta resist\u00eancia e s\u00e3o 30% mais [&hellip;]<\/p>\n","protected":false},"featured_media":1214,"comment_status":"open","ping_status":"closed","template":"","meta":[],"product_brand":[],"product_cat":[30],"product_tag":[],"class_list":{"0":"post-905","1":"product","2":"type-product","3":"status-publish","4":"has-post-thumbnail","6":"product_cat-utilidades-domesticas","8":"first","9":"instock","10":"sale","11":"shipping-taxable","12":"purchasable","13":"product-type-simple"},"_links":{"self":[{"href":"https:\/\/marsangomateriais.com.br\/index.php\/wp-json\/wp\/v2\/product\/905","targetHints":{"allow":["GET"]}}],"collection":[{"href":"https:\/\/marsangomateriais.com.br\/index.php\/wp-json\/wp\/v2\/product"}],"about":[{"href":"https:\/\/marsangomateriais.com.br\/index.php\/wp-json\/wp\/v2\/types\/product"}],"replies":[{"embeddable":true,"href":"https:\/\/marsangomateriais.com.br\/index.php\/wp-json\/wp\/v2\/comments?post=905"}],"wp:featuredmedia":[{"embeddable":true,"href":"https:\/\/marsangomateriais.com.br\/index.php\/wp-json\/wp\/v2\/media\/1214"}],"wp:attachment":[{"href":"https:\/\/marsangomateriais.com.br\/index.php\/wp-json\/wp\/v2\/media?parent=905"}],"wp:term":[{"taxonomy":"product_brand","embeddable":true,"href":"https:\/\/marsangomateriais.com.br\/index.php\/wp-json\/wp\/v2\/product_brand?post=905"},{"taxonomy":"product_cat","embeddable":true,"href":"https:\/\/marsangomateriais.com.br\/index.php\/wp-json\/wp\/v2\/product_cat?post=905"},{"taxonomy":"product_tag","embeddable":true,"href":"https:\/\/marsangomateriais.com.br\/index.php\/wp-json\/wp\/v2\/product_tag?post=905"}],"curies":[{"name":"wp","href":"https:\/\/api.w.org\/{rel}","templated":true}]}}