{"id":815,"date":"2026-03-27T15:58:22","date_gmt":"2026-03-27T18:58:22","guid":{"rendered":"https:\/\/marsangomateriais.com.br\/index.php\/produto\/conjunto-do-assador-2pcs-mor\/"},"modified":"2026-04-10T09:50:14","modified_gmt":"2026-04-10T12:50:14","slug":"conjunto-do-assador-2pcs-mor","status":"publish","type":"product","link":"https:\/\/marsangomateriais.com.br\/index.php\/produto\/conjunto-do-assador-2pcs-mor\/","title":{"rendered":"Conjunto do Assador 2 Pe\u00e7as &#8211; MOR"},"content":{"rendered":"<p>ESPECIFICA\u00c7\u00d5ES DO PRODUTO<\/p>\n<p>Em embalagem ideal para presente, o Conjunto do Assador Mor \u00e9 formado por uma faca e um garfo com l\u00e2mina em a\u00e7o inoxid\u00e1vel, que confere durabilidade e resist\u00eancia, e cabos pretos em polipropileno que facilitam a higiene e d\u00e3o firmeza durante o manuseio. Itens que n\u00e3o podem faltar em qualquer cozinha e facilitam seu dia-a-dia!<\/p>\n<p>ESPECIFICA\u00c7\u00d5ES T\u00c9CNICAS<\/p>\n<p>MATERIAL: Polipropileno<br \/>\nCOR PREDOMINANTE: branco<\/p>\n<p>INFORMA\u00c7\u00d5ES IMPORTANTES<\/p>\n<p>01 Faca &#8211; 30cm x 4cm x 2cm<br \/>\n01 Garfo &#8211; 28,3cm x 2,2cm x 1,5cm<\/p>\n<p>OBSERVA\u00c7\u00d5ES: Os objetos que ambientam as imagens n\u00e3o acompanham o produto!<br \/>\nALTURA: 36,10 Cent\u00edmetros<br \/>\nLARGURA: 2,50 Cent\u00edmetros<br \/>\nCOMPRIMENTO: 11,20 Cent\u00edmetros<br \/>\nPESO: 164,00 Gramas<\/p>\n","protected":false},"excerpt":{"rendered":"<p>ESPECIFICA\u00c7\u00d5ES DO PRODUTO Em embalagem ideal para presente, o Conjunto do Assador Mor \u00e9 formado por uma faca e um garfo com l\u00e2mina em a\u00e7o inoxid\u00e1vel, que confere durabilidade e resist\u00eancia, e cabos pretos em polipropileno que facilitam a higiene e d\u00e3o firmeza durante o manuseio. Itens que n\u00e3o podem faltar em qualquer cozinha e [&hellip;]<\/p>\n","protected":false},"featured_media":901,"comment_status":"open","ping_status":"closed","template":"","meta":[],"product_brand":[],"product_cat":[30],"product_tag":[],"class_list":{"0":"post-815","1":"product","2":"type-product","3":"status-publish","4":"has-post-thumbnail","6":"product_cat-utilidades-domesticas","8":"first","9":"instock","10":"sale","11":"shipping-taxable","12":"purchasable","13":"product-type-simple"},"_links":{"self":[{"href":"https:\/\/marsangomateriais.com.br\/index.php\/wp-json\/wp\/v2\/product\/815","targetHints":{"allow":["GET"]}}],"collection":[{"href":"https:\/\/marsangomateriais.com.br\/index.php\/wp-json\/wp\/v2\/product"}],"about":[{"href":"https:\/\/marsangomateriais.com.br\/index.php\/wp-json\/wp\/v2\/types\/product"}],"replies":[{"embeddable":true,"href":"https:\/\/marsangomateriais.com.br\/index.php\/wp-json\/wp\/v2\/comments?post=815"}],"wp:featuredmedia":[{"embeddable":true,"href":"https:\/\/marsangomateriais.com.br\/index.php\/wp-json\/wp\/v2\/media\/901"}],"wp:attachment":[{"href":"https:\/\/marsangomateriais.com.br\/index.php\/wp-json\/wp\/v2\/media?parent=815"}],"wp:term":[{"taxonomy":"product_brand","embeddable":true,"href":"https:\/\/marsangomateriais.com.br\/index.php\/wp-json\/wp\/v2\/product_brand?post=815"},{"taxonomy":"product_cat","embeddable":true,"href":"https:\/\/marsangomateriais.com.br\/index.php\/wp-json\/wp\/v2\/product_cat?post=815"},{"taxonomy":"product_tag","embeddable":true,"href":"https:\/\/marsangomateriais.com.br\/index.php\/wp-json\/wp\/v2\/product_tag?post=815"}],"curies":[{"name":"wp","href":"https:\/\/api.w.org\/{rel}","templated":true}]}}