{"id":813,"date":"2026-03-27T15:58:20","date_gmt":"2026-03-27T18:58:20","guid":{"rendered":"https:\/\/marsangomateriais.com.br\/index.php\/produto\/churrasqueira-araguaia-cod-3007-mor\/"},"modified":"2026-04-10T09:06:14","modified_gmt":"2026-04-10T12:06:14","slug":"churrasqueira-araguaia-cod-3007-mor","status":"publish","type":"product","link":"https:\/\/marsangomateriais.com.br\/index.php\/produto\/churrasqueira-araguaia-cod-3007-mor\/","title":{"rendered":"Churrasqueira Araguaia &#8211; MOR"},"content":{"rendered":"<p>ESPECIFICA\u00c7\u00d5ES DO PRODUTO<\/p>\n<p>Ideais para assar carnes, aves e peixes, as churrasqueiras s\u00e3o port\u00e1teis e projetadas para ambientes externos como: quintais, camping, \u00e1reas de piscina, praias entre outros.<br \/>\nElas s\u00e3o totalmente desmont\u00e1veis, leves e pr\u00e1ticas para transportar guardar e limpar.<br \/>\nRe\u00fana a fam\u00edlia e os amigos num delicioso churrasco feito na Churrasqueira Araguaia.<\/p>\n<p>ESPECIFICA\u00c7\u00d5ES:<br \/>\nFornecedor: Mor<br \/>\nMedida do produto: 44x72x75 cm (LxCxA)<br \/>\nPeso do produto: 4497 gramas<br \/>\n\u00cdtens inclusos: 01 Grelha ,03 espetos simples 58 cm e 01 espeto duplo 58 cm.<br \/>\nMaterial (Composi\u00e7\u00e3o): Estrutra em a\u00e7o com acabamento em pintura preta a base de \u00e1gua. Acess\u00f3rios cromados.<br \/>\nMedida da embalagem: 45x62x12 cm (LxCxA)<br \/>\nPeso da embalagem: 5077 gramas<\/p>\n","protected":false},"excerpt":{"rendered":"<p>ESPECIFICA\u00c7\u00d5ES DO PRODUTO Ideais para assar carnes, aves e peixes, as churrasqueiras s\u00e3o port\u00e1teis e projetadas para ambientes externos como: quintais, camping, \u00e1reas de piscina, praias entre outros. Elas s\u00e3o totalmente desmont\u00e1veis, leves e pr\u00e1ticas para transportar guardar e limpar. Re\u00fana a fam\u00edlia e os amigos num delicioso churrasco feito na Churrasqueira Araguaia. ESPECIFICA\u00c7\u00d5ES: Fornecedor: [&hellip;]<\/p>\n","protected":false},"featured_media":873,"comment_status":"open","ping_status":"closed","template":"","meta":[],"product_brand":[],"product_cat":[30],"product_tag":[],"class_list":{"0":"post-813","1":"product","2":"type-product","3":"status-publish","4":"has-post-thumbnail","6":"product_cat-utilidades-domesticas","8":"first","9":"instock","10":"sale","11":"shipping-taxable","12":"purchasable","13":"product-type-simple"},"_links":{"self":[{"href":"https:\/\/marsangomateriais.com.br\/index.php\/wp-json\/wp\/v2\/product\/813","targetHints":{"allow":["GET"]}}],"collection":[{"href":"https:\/\/marsangomateriais.com.br\/index.php\/wp-json\/wp\/v2\/product"}],"about":[{"href":"https:\/\/marsangomateriais.com.br\/index.php\/wp-json\/wp\/v2\/types\/product"}],"replies":[{"embeddable":true,"href":"https:\/\/marsangomateriais.com.br\/index.php\/wp-json\/wp\/v2\/comments?post=813"}],"wp:featuredmedia":[{"embeddable":true,"href":"https:\/\/marsangomateriais.com.br\/index.php\/wp-json\/wp\/v2\/media\/873"}],"wp:attachment":[{"href":"https:\/\/marsangomateriais.com.br\/index.php\/wp-json\/wp\/v2\/media?parent=813"}],"wp:term":[{"taxonomy":"product_brand","embeddable":true,"href":"https:\/\/marsangomateriais.com.br\/index.php\/wp-json\/wp\/v2\/product_brand?post=813"},{"taxonomy":"product_cat","embeddable":true,"href":"https:\/\/marsangomateriais.com.br\/index.php\/wp-json\/wp\/v2\/product_cat?post=813"},{"taxonomy":"product_tag","embeddable":true,"href":"https:\/\/marsangomateriais.com.br\/index.php\/wp-json\/wp\/v2\/product_tag?post=813"}],"curies":[{"name":"wp","href":"https:\/\/api.w.org\/{rel}","templated":true}]}}