{"id":810,"date":"2026-03-27T15:56:20","date_gmt":"2026-03-27T18:56:20","guid":{"rendered":"https:\/\/marsangomateriais.com.br\/index.php\/produto\/cadeira-alta-mor\/"},"modified":"2026-04-10T09:00:18","modified_gmt":"2026-04-10T12:00:18","slug":"cadeira-alta-mor","status":"publish","type":"product","link":"https:\/\/marsangomateriais.com.br\/index.php\/produto\/cadeira-alta-mor\/","title":{"rendered":"Cadeira Alta &#8211; MOR"},"content":{"rendered":"<p>ESPECIFICA\u00c7\u00d5ES DO PRODUTO<\/p>\n<p>Dobr\u00e1vel e f\u00e1cil de carregar, a Cadeira Alta A\u00e7o, al\u00e9m de tudo, \u00e9 pr\u00e1tica e confort\u00e1vel, perfeita para te acompanhar na praia, no camping, na pescaria ou no final de tarde com os amigos na varanda ou jardim de casa. Muito resistente, tem estrutura fabricada em a\u00e7o carbono com acabamento em pintura ep\u00f3xi \u00e0 p\u00f3 branca e pe\u00e7as pl\u00e1sticas em polipropileno, suportando at\u00e9 110 Kg. Para guard\u00e1-la, basta dobrar e colocar em qualquer cantinho da sua casa. Sua tela \u00e9 produzida em 100 % polietileno em diferentes modelos de tecido listrado. Basta escolher entre as suas cores preferidas e come\u00e7ar sua cole\u00e7\u00e3o!<\/p>\n<p>Mor<br \/>\nCapacidade 110 kg<br \/>\nColorido<br \/>\nPraia e Piscina<br \/>\nG\u00eanero Unissex<br \/>\nMaterial A\u00e7o Pintado<br \/>\nObserva\u00e7\u00f5es: Os objetos que ambientam as imagens n\u00e3o acompanham o produto!<br \/>\nmarca Mor<br \/>\nMaterial da Estrutura A\u00e7o<br \/>\nRefer\u00eancia: 002002<\/p>\n","protected":false},"excerpt":{"rendered":"<p>ESPECIFICA\u00c7\u00d5ES DO PRODUTO Dobr\u00e1vel e f\u00e1cil de carregar, a Cadeira Alta A\u00e7o, al\u00e9m de tudo, \u00e9 pr\u00e1tica e confort\u00e1vel, perfeita para te acompanhar na praia, no camping, na pescaria ou no final de tarde com os amigos na varanda ou jardim de casa. Muito resistente, tem estrutura fabricada em a\u00e7o carbono com acabamento em pintura [&hellip;]<\/p>\n","protected":false},"featured_media":823,"comment_status":"open","ping_status":"closed","template":"","meta":[],"product_brand":[],"product_cat":[30],"product_tag":[],"class_list":{"0":"post-810","1":"product","2":"type-product","3":"status-publish","4":"has-post-thumbnail","6":"product_cat-utilidades-domesticas","8":"first","9":"instock","10":"sale","11":"shipping-taxable","12":"purchasable","13":"product-type-simple"},"_links":{"self":[{"href":"https:\/\/marsangomateriais.com.br\/index.php\/wp-json\/wp\/v2\/product\/810","targetHints":{"allow":["GET"]}}],"collection":[{"href":"https:\/\/marsangomateriais.com.br\/index.php\/wp-json\/wp\/v2\/product"}],"about":[{"href":"https:\/\/marsangomateriais.com.br\/index.php\/wp-json\/wp\/v2\/types\/product"}],"replies":[{"embeddable":true,"href":"https:\/\/marsangomateriais.com.br\/index.php\/wp-json\/wp\/v2\/comments?post=810"}],"wp:featuredmedia":[{"embeddable":true,"href":"https:\/\/marsangomateriais.com.br\/index.php\/wp-json\/wp\/v2\/media\/823"}],"wp:attachment":[{"href":"https:\/\/marsangomateriais.com.br\/index.php\/wp-json\/wp\/v2\/media?parent=810"}],"wp:term":[{"taxonomy":"product_brand","embeddable":true,"href":"https:\/\/marsangomateriais.com.br\/index.php\/wp-json\/wp\/v2\/product_brand?post=810"},{"taxonomy":"product_cat","embeddable":true,"href":"https:\/\/marsangomateriais.com.br\/index.php\/wp-json\/wp\/v2\/product_cat?post=810"},{"taxonomy":"product_tag","embeddable":true,"href":"https:\/\/marsangomateriais.com.br\/index.php\/wp-json\/wp\/v2\/product_tag?post=810"}],"curies":[{"name":"wp","href":"https:\/\/api.w.org\/{rel}","templated":true}]}}