{"id":809,"date":"2026-03-27T15:56:19","date_gmt":"2026-03-27T18:56:19","guid":{"rendered":"https:\/\/marsangomateriais.com.br\/index.php\/produto\/lixeira-fosca-12l-safira-mor\/"},"modified":"2026-04-10T08:48:59","modified_gmt":"2026-04-10T11:48:59","slug":"lixeira-fosca-12l-safira-mor","status":"publish","type":"product","link":"https:\/\/marsangomateriais.com.br\/index.php\/produto\/lixeira-fosca-12l-safira-mor\/","title":{"rendered":"Lixeira Fosca 12L Safira &#8211; MOR"},"content":{"rendered":"<p>ESPECIFICA\u00c7\u00d5ES DO PRODUTO<\/p>\n<p>Muito mais modernidade e requinte ao seu espa\u00e7o, que pode ser a cozinha, o escrit\u00f3rio, o banheiro, entre outros. Por ser de Inox, a Lixeira tem muito mais harmonia com a decora\u00e7\u00e3o do ambiente e dura mais. Possui tampa basculante para facilitar o uso e o descarte de lixo, com um simples toque aciona a abertura da tampa, tamb\u00e9m tem o pedal com apoio de borracha. Conta com base antiderrapante, tornando a limpeza mais f\u00e1cil e segura. Detalhes que fazem toda diferen\u00e7a. Tenha o espa\u00e7o mais organizado! A Mor \u00e9 uma empresa que hoje, com suas linhas voltadas ao camping e lazer e \u00e0 casa, \u00e9 capaz de atender as necessidades dos consumidores, oferecendo variedade, beleza, conforto e qualidade. Tudo isso para proporcionar o melhor custo-benef\u00edcio aos Brasileiros.<\/p>\n","protected":false},"excerpt":{"rendered":"<p>ESPECIFICA\u00c7\u00d5ES DO PRODUTO Muito mais modernidade e requinte ao seu espa\u00e7o, que pode ser a cozinha, o escrit\u00f3rio, o banheiro, entre outros. Por ser de Inox, a Lixeira tem muito mais harmonia com a decora\u00e7\u00e3o do ambiente e dura mais. Possui tampa basculante para facilitar o uso e o descarte de lixo, com um simples [&hellip;]<\/p>\n","protected":false},"featured_media":820,"comment_status":"open","ping_status":"closed","template":"","meta":[],"product_brand":[],"product_cat":[30],"product_tag":[44],"class_list":{"0":"post-809","1":"product","2":"type-product","3":"status-publish","4":"has-post-thumbnail","6":"product_cat-utilidades-domesticas","7":"product_tag-44","9":"first","10":"instock","11":"sale","12":"shipping-taxable","13":"purchasable","14":"product-type-simple"},"_links":{"self":[{"href":"https:\/\/marsangomateriais.com.br\/index.php\/wp-json\/wp\/v2\/product\/809","targetHints":{"allow":["GET"]}}],"collection":[{"href":"https:\/\/marsangomateriais.com.br\/index.php\/wp-json\/wp\/v2\/product"}],"about":[{"href":"https:\/\/marsangomateriais.com.br\/index.php\/wp-json\/wp\/v2\/types\/product"}],"replies":[{"embeddable":true,"href":"https:\/\/marsangomateriais.com.br\/index.php\/wp-json\/wp\/v2\/comments?post=809"}],"wp:featuredmedia":[{"embeddable":true,"href":"https:\/\/marsangomateriais.com.br\/index.php\/wp-json\/wp\/v2\/media\/820"}],"wp:attachment":[{"href":"https:\/\/marsangomateriais.com.br\/index.php\/wp-json\/wp\/v2\/media?parent=809"}],"wp:term":[{"taxonomy":"product_brand","embeddable":true,"href":"https:\/\/marsangomateriais.com.br\/index.php\/wp-json\/wp\/v2\/product_brand?post=809"},{"taxonomy":"product_cat","embeddable":true,"href":"https:\/\/marsangomateriais.com.br\/index.php\/wp-json\/wp\/v2\/product_cat?post=809"},{"taxonomy":"product_tag","embeddable":true,"href":"https:\/\/marsangomateriais.com.br\/index.php\/wp-json\/wp\/v2\/product_tag?post=809"}],"curies":[{"name":"wp","href":"https:\/\/api.w.org\/{rel}","templated":true}]}}