{"id":2510,"date":"2026-04-10T07:53:15","date_gmt":"2026-04-10T10:53:15","guid":{"rendered":"https:\/\/marsangomateriais.com.br\/index.php\/produto\/ducha-ducali-premium-eletronica-branco-7500w-220v-zagonel\/"},"modified":"2026-04-14T08:18:56","modified_gmt":"2026-04-14T11:18:56","slug":"ducha-ducali-premium-eletronica-branco-7500w-220v-zagonel","status":"publish","type":"product","link":"https:\/\/marsangomateriais.com.br\/index.php\/produto\/ducha-ducali-premium-eletronica-branco-7500w-220v-zagonel\/","title":{"rendered":"DUCHA DUCALI PREMIUM ELETR\u00d4NICA BRANCO 7500W 220V &#8211; ZAGONEL"},"content":{"rendered":"<p>ESPECIFICA\u00c7\u00d5ES DO PRODUTO<\/p>\n<p>Refer\u00eancia: DDPEL75220BR03<\/p>\n","protected":false},"excerpt":{"rendered":"<p>ESPECIFICA\u00c7\u00d5ES DO PRODUTO Refer\u00eancia: DDPEL75220BR03<\/p>\n","protected":false},"featured_media":2519,"comment_status":"open","ping_status":"closed","template":"","meta":[],"product_brand":[],"product_cat":[36],"product_tag":[],"class_list":{"0":"post-2510","1":"product","2":"type-product","3":"status-publish","4":"has-post-thumbnail","6":"product_cat-materiais-eletricos","8":"first","9":"instock","10":"sale","11":"shipping-taxable","12":"purchasable","13":"product-type-simple"},"_links":{"self":[{"href":"https:\/\/marsangomateriais.com.br\/index.php\/wp-json\/wp\/v2\/product\/2510","targetHints":{"allow":["GET"]}}],"collection":[{"href":"https:\/\/marsangomateriais.com.br\/index.php\/wp-json\/wp\/v2\/product"}],"about":[{"href":"https:\/\/marsangomateriais.com.br\/index.php\/wp-json\/wp\/v2\/types\/product"}],"replies":[{"embeddable":true,"href":"https:\/\/marsangomateriais.com.br\/index.php\/wp-json\/wp\/v2\/comments?post=2510"}],"wp:featuredmedia":[{"embeddable":true,"href":"https:\/\/marsangomateriais.com.br\/index.php\/wp-json\/wp\/v2\/media\/2519"}],"wp:attachment":[{"href":"https:\/\/marsangomateriais.com.br\/index.php\/wp-json\/wp\/v2\/media?parent=2510"}],"wp:term":[{"taxonomy":"product_brand","embeddable":true,"href":"https:\/\/marsangomateriais.com.br\/index.php\/wp-json\/wp\/v2\/product_brand?post=2510"},{"taxonomy":"product_cat","embeddable":true,"href":"https:\/\/marsangomateriais.com.br\/index.php\/wp-json\/wp\/v2\/product_cat?post=2510"},{"taxonomy":"product_tag","embeddable":true,"href":"https:\/\/marsangomateriais.com.br\/index.php\/wp-json\/wp\/v2\/product_tag?post=2510"}],"curies":[{"name":"wp","href":"https:\/\/api.w.org\/{rel}","templated":true}]}}