{"id":2349,"date":"2026-04-07T14:11:07","date_gmt":"2026-04-07T17:11:07","guid":{"rendered":"https:\/\/marsangomateriais.com.br\/index.php\/produto\/spray-premium-multiuso-azul-bebe-brilhante-lukscolor\/"},"modified":"2026-04-11T08:16:51","modified_gmt":"2026-04-11T11:16:51","slug":"spray-premium-multiuso-azul-bebe-brilhante-lukscolor","status":"publish","type":"product","link":"https:\/\/marsangomateriais.com.br\/index.php\/produto\/spray-premium-multiuso-azul-bebe-brilhante-lukscolor\/","title":{"rendered":"SPRAY PREMIUM MULTIUSO AZUL BEBE BRILHANTE &#8211; LUKSCOLOR"},"content":{"rendered":"<p>ESPECIFICA\u00c7\u00d5ES DO PRODUTO<\/p>\n<p>SPRAY PREMIUM MULTIUSO AZUL BEBE BRILHANTE ? LUKSCOLOR<br \/>\nRefer\u00eancia: 1F050060034029<\/p>\n","protected":false},"excerpt":{"rendered":"<p>ESPECIFICA\u00c7\u00d5ES DO PRODUTO SPRAY PREMIUM MULTIUSO AZUL BEBE BRILHANTE ? LUKSCOLOR Refer\u00eancia: 1F050060034029<\/p>\n","protected":false},"featured_media":2448,"comment_status":"open","ping_status":"closed","template":"","meta":[],"product_brand":[],"product_cat":[28],"product_tag":[],"class_list":{"0":"post-2349","1":"product","2":"type-product","3":"status-publish","4":"has-post-thumbnail","6":"product_cat-tintas-e-acessorios","8":"first","9":"instock","10":"sale","11":"shipping-taxable","12":"purchasable","13":"product-type-simple"},"_links":{"self":[{"href":"https:\/\/marsangomateriais.com.br\/index.php\/wp-json\/wp\/v2\/product\/2349","targetHints":{"allow":["GET"]}}],"collection":[{"href":"https:\/\/marsangomateriais.com.br\/index.php\/wp-json\/wp\/v2\/product"}],"about":[{"href":"https:\/\/marsangomateriais.com.br\/index.php\/wp-json\/wp\/v2\/types\/product"}],"replies":[{"embeddable":true,"href":"https:\/\/marsangomateriais.com.br\/index.php\/wp-json\/wp\/v2\/comments?post=2349"}],"wp:featuredmedia":[{"embeddable":true,"href":"https:\/\/marsangomateriais.com.br\/index.php\/wp-json\/wp\/v2\/media\/2448"}],"wp:attachment":[{"href":"https:\/\/marsangomateriais.com.br\/index.php\/wp-json\/wp\/v2\/media?parent=2349"}],"wp:term":[{"taxonomy":"product_brand","embeddable":true,"href":"https:\/\/marsangomateriais.com.br\/index.php\/wp-json\/wp\/v2\/product_brand?post=2349"},{"taxonomy":"product_cat","embeddable":true,"href":"https:\/\/marsangomateriais.com.br\/index.php\/wp-json\/wp\/v2\/product_cat?post=2349"},{"taxonomy":"product_tag","embeddable":true,"href":"https:\/\/marsangomateriais.com.br\/index.php\/wp-json\/wp\/v2\/product_tag?post=2349"}],"curies":[{"name":"wp","href":"https:\/\/api.w.org\/{rel}","templated":true}]}}