{"id":2347,"date":"2026-04-07T14:07:10","date_gmt":"2026-04-07T17:07:10","guid":{"rendered":"https:\/\/marsangomateriais.com.br\/index.php\/produto\/2013-rolo-de-la-23-cm-condor\/"},"modified":"2026-04-10T16:02:47","modified_gmt":"2026-04-10T19:02:47","slug":"2013-rolo-de-la-23-cm-condor","status":"publish","type":"product","link":"https:\/\/marsangomateriais.com.br\/index.php\/produto\/2013-rolo-de-la-23-cm-condor\/","title":{"rendered":"2013 ROLO DE LA 23 CM &#8211; CONDOR"},"content":{"rendered":"<p>ESPECIFICA\u00c7\u00d5ES DO PRODUTO<\/p>\n<p>Refer\u00eancia: 973098<\/p>\n","protected":false},"excerpt":{"rendered":"<p>ESPECIFICA\u00c7\u00d5ES DO PRODUTO Refer\u00eancia: 973098<\/p>\n","protected":false},"featured_media":2445,"comment_status":"open","ping_status":"closed","template":"","meta":[],"product_brand":[],"product_cat":[28],"product_tag":[],"class_list":{"0":"post-2347","1":"product","2":"type-product","3":"status-publish","4":"has-post-thumbnail","6":"product_cat-tintas-e-acessorios","8":"first","9":"instock","10":"sale","11":"shipping-taxable","12":"purchasable","13":"product-type-simple"},"_links":{"self":[{"href":"https:\/\/marsangomateriais.com.br\/index.php\/wp-json\/wp\/v2\/product\/2347","targetHints":{"allow":["GET"]}}],"collection":[{"href":"https:\/\/marsangomateriais.com.br\/index.php\/wp-json\/wp\/v2\/product"}],"about":[{"href":"https:\/\/marsangomateriais.com.br\/index.php\/wp-json\/wp\/v2\/types\/product"}],"replies":[{"embeddable":true,"href":"https:\/\/marsangomateriais.com.br\/index.php\/wp-json\/wp\/v2\/comments?post=2347"}],"wp:featuredmedia":[{"embeddable":true,"href":"https:\/\/marsangomateriais.com.br\/index.php\/wp-json\/wp\/v2\/media\/2445"}],"wp:attachment":[{"href":"https:\/\/marsangomateriais.com.br\/index.php\/wp-json\/wp\/v2\/media?parent=2347"}],"wp:term":[{"taxonomy":"product_brand","embeddable":true,"href":"https:\/\/marsangomateriais.com.br\/index.php\/wp-json\/wp\/v2\/product_brand?post=2347"},{"taxonomy":"product_cat","embeddable":true,"href":"https:\/\/marsangomateriais.com.br\/index.php\/wp-json\/wp\/v2\/product_cat?post=2347"},{"taxonomy":"product_tag","embeddable":true,"href":"https:\/\/marsangomateriais.com.br\/index.php\/wp-json\/wp\/v2\/product_tag?post=2347"}],"curies":[{"name":"wp","href":"https:\/\/api.w.org\/{rel}","templated":true}]}}