{"id":2340,"date":"2026-04-07T14:03:07","date_gmt":"2026-04-07T17:03:07","guid":{"rendered":"https:\/\/marsangomateriais.com.br\/index.php\/produto\/tinta-spray-geral-preto-fosco-tsg98-d06-killing\/"},"modified":"2026-04-09T09:42:57","modified_gmt":"2026-04-09T12:42:57","slug":"tinta-spray-geral-preto-fosco-tsg98-d06-killing","status":"publish","type":"product","link":"https:\/\/marsangomateriais.com.br\/index.php\/produto\/tinta-spray-geral-preto-fosco-tsg98-d06-killing\/","title":{"rendered":"TINTA SPRAY GERAL PRETO FOSCO TSG98\/D06 &#8211; KILLING"},"content":{"rendered":"<p>ESPECIFICA\u00c7\u00d5ES DO PRODUTO<\/p>\n<p>Tinta spray multiuso em aerossol de alta qualidade excelente acabamento. Indicada para pinturas em geral, artesanatos, decora\u00e7\u00f5es, reparos e uso profissional.<br \/>\nRefer\u00eancia: TSG98\/D06<\/p>\n","protected":false},"excerpt":{"rendered":"<p>ESPECIFICA\u00c7\u00d5ES DO PRODUTO Tinta spray multiuso em aerossol de alta qualidade excelente acabamento. Indicada para pinturas em geral, artesanatos, decora\u00e7\u00f5es, reparos e uso profissional. Refer\u00eancia: TSG98\/D06<\/p>\n","protected":false},"featured_media":2441,"comment_status":"open","ping_status":"closed","template":"","meta":[],"product_brand":[],"product_cat":[28],"product_tag":[],"class_list":{"0":"post-2340","1":"product","2":"type-product","3":"status-publish","4":"has-post-thumbnail","6":"product_cat-tintas-e-acessorios","8":"first","9":"instock","10":"shipping-taxable","11":"purchasable","12":"product-type-simple"},"_links":{"self":[{"href":"https:\/\/marsangomateriais.com.br\/index.php\/wp-json\/wp\/v2\/product\/2340","targetHints":{"allow":["GET"]}}],"collection":[{"href":"https:\/\/marsangomateriais.com.br\/index.php\/wp-json\/wp\/v2\/product"}],"about":[{"href":"https:\/\/marsangomateriais.com.br\/index.php\/wp-json\/wp\/v2\/types\/product"}],"replies":[{"embeddable":true,"href":"https:\/\/marsangomateriais.com.br\/index.php\/wp-json\/wp\/v2\/comments?post=2340"}],"wp:featuredmedia":[{"embeddable":true,"href":"https:\/\/marsangomateriais.com.br\/index.php\/wp-json\/wp\/v2\/media\/2441"}],"wp:attachment":[{"href":"https:\/\/marsangomateriais.com.br\/index.php\/wp-json\/wp\/v2\/media?parent=2340"}],"wp:term":[{"taxonomy":"product_brand","embeddable":true,"href":"https:\/\/marsangomateriais.com.br\/index.php\/wp-json\/wp\/v2\/product_brand?post=2340"},{"taxonomy":"product_cat","embeddable":true,"href":"https:\/\/marsangomateriais.com.br\/index.php\/wp-json\/wp\/v2\/product_cat?post=2340"},{"taxonomy":"product_tag","embeddable":true,"href":"https:\/\/marsangomateriais.com.br\/index.php\/wp-json\/wp\/v2\/product_tag?post=2340"}],"curies":[{"name":"wp","href":"https:\/\/api.w.org\/{rel}","templated":true}]}}