{"id":2338,"date":"2026-04-07T13:59:19","date_gmt":"2026-04-07T16:59:19","guid":{"rendered":"https:\/\/marsangomateriais.com.br\/index.php\/produto\/rolo-la-sint-1377-150-antirresp-tigre\/"},"modified":"2026-04-17T14:05:26","modified_gmt":"2026-04-17T17:05:26","slug":"rolo-la-sint-1377-150-antirresp-tigre","status":"publish","type":"product","link":"https:\/\/marsangomateriais.com.br\/index.php\/produto\/rolo-la-sint-1377-150-antirresp-tigre\/","title":{"rendered":"Rolo La Sint 1377-150 Antirrespingo &#8211;  TIGRE"},"content":{"rendered":"<p>ESPECIFICA\u00c7\u00d5ES DO PRODUTO<\/p>\n<p>O Rolo de L\u00e3 Sint\u00e9tica Tigre \u00e9 um excelente produto que proporciona muita facilidade na utiliza\u00e7\u00e3o, pois al\u00e9m do material de qualidade em que \u00e9 confeccionado, tem maior resist\u00eancia e durabilidade. Vale ressaltar, que esse rolo de l\u00e3 sint\u00e9tica conta com 9mm de altura da l\u00e3, sendo indicado para superf\u00edcies lisas no geral e metal, tintas ep\u00f3xi, esmalte, \u00f3leo e resina. Com ele, voc\u00ea ir\u00e1 desfrutar de um material de qualidade com a resist\u00eancia e nome que s\u00f3 a Tigre oferece.<\/p>\n","protected":false},"excerpt":{"rendered":"<p>ESPECIFICA\u00c7\u00d5ES DO PRODUTO O Rolo de L\u00e3 Sint\u00e9tica Tigre \u00e9 um excelente produto que proporciona muita facilidade na utiliza\u00e7\u00e3o, pois al\u00e9m do material de qualidade em que \u00e9 confeccionado, tem maior resist\u00eancia e durabilidade. Vale ressaltar, que esse rolo de l\u00e3 sint\u00e9tica conta com 9mm de altura da l\u00e3, sendo indicado para superf\u00edcies lisas no [&hellip;]<\/p>\n","protected":false},"featured_media":2438,"comment_status":"open","ping_status":"closed","template":"","meta":[],"product_brand":[],"product_cat":[28],"product_tag":[],"class_list":{"0":"post-2338","1":"product","2":"type-product","3":"status-publish","4":"has-post-thumbnail","6":"product_cat-tintas-e-acessorios","8":"first","9":"instock","10":"sale","11":"shipping-taxable","12":"purchasable","13":"product-type-simple"},"_links":{"self":[{"href":"https:\/\/marsangomateriais.com.br\/index.php\/wp-json\/wp\/v2\/product\/2338","targetHints":{"allow":["GET"]}}],"collection":[{"href":"https:\/\/marsangomateriais.com.br\/index.php\/wp-json\/wp\/v2\/product"}],"about":[{"href":"https:\/\/marsangomateriais.com.br\/index.php\/wp-json\/wp\/v2\/types\/product"}],"replies":[{"embeddable":true,"href":"https:\/\/marsangomateriais.com.br\/index.php\/wp-json\/wp\/v2\/comments?post=2338"}],"wp:featuredmedia":[{"embeddable":true,"href":"https:\/\/marsangomateriais.com.br\/index.php\/wp-json\/wp\/v2\/media\/2438"}],"wp:attachment":[{"href":"https:\/\/marsangomateriais.com.br\/index.php\/wp-json\/wp\/v2\/media?parent=2338"}],"wp:term":[{"taxonomy":"product_brand","embeddable":true,"href":"https:\/\/marsangomateriais.com.br\/index.php\/wp-json\/wp\/v2\/product_brand?post=2338"},{"taxonomy":"product_cat","embeddable":true,"href":"https:\/\/marsangomateriais.com.br\/index.php\/wp-json\/wp\/v2\/product_cat?post=2338"},{"taxonomy":"product_tag","embeddable":true,"href":"https:\/\/marsangomateriais.com.br\/index.php\/wp-json\/wp\/v2\/product_tag?post=2338"}],"curies":[{"name":"wp","href":"https:\/\/api.w.org\/{rel}","templated":true}]}}