{"id":2336,"date":"2026-04-07T13:59:15","date_gmt":"2026-04-07T16:59:15","guid":{"rendered":"https:\/\/marsangomateriais.com.br\/index.php\/produto\/rolo-textura-extra-rustica-23cm-atlas\/"},"modified":"2026-04-07T15:29:00","modified_gmt":"2026-04-07T18:29:00","slug":"rolo-textura-extra-rustica-23cm-atlas","status":"publish","type":"product","link":"https:\/\/marsangomateriais.com.br\/index.php\/produto\/rolo-textura-extra-rustica-23cm-atlas\/","title":{"rendered":"ROLO TEXTURA EXTRA RUSTICA 23CM &#8211; ATLAS"},"content":{"rendered":"<p>ESPECIFICA\u00c7\u00d5ES DO PRODUTO<\/p>\n<p>Indicado para aplica\u00e7\u00e3o de produtos pr\u00f3prios para dar efeito de textura grossa e alta.<\/p>\n","protected":false},"excerpt":{"rendered":"<p>ESPECIFICA\u00c7\u00d5ES DO PRODUTO Indicado para aplica\u00e7\u00e3o de produtos pr\u00f3prios para dar efeito de textura grossa e alta.<\/p>\n","protected":false},"featured_media":0,"comment_status":"open","ping_status":"closed","template":"","meta":[],"product_brand":[],"product_cat":[28],"product_tag":[],"class_list":{"0":"post-2336","1":"product","2":"type-product","3":"status-publish","5":"product_cat-tintas-e-acessorios","7":"first","8":"instock","9":"shipping-taxable","10":"purchasable","11":"product-type-simple"},"_links":{"self":[{"href":"https:\/\/marsangomateriais.com.br\/index.php\/wp-json\/wp\/v2\/product\/2336","targetHints":{"allow":["GET"]}}],"collection":[{"href":"https:\/\/marsangomateriais.com.br\/index.php\/wp-json\/wp\/v2\/product"}],"about":[{"href":"https:\/\/marsangomateriais.com.br\/index.php\/wp-json\/wp\/v2\/types\/product"}],"replies":[{"embeddable":true,"href":"https:\/\/marsangomateriais.com.br\/index.php\/wp-json\/wp\/v2\/comments?post=2336"}],"wp:attachment":[{"href":"https:\/\/marsangomateriais.com.br\/index.php\/wp-json\/wp\/v2\/media?parent=2336"}],"wp:term":[{"taxonomy":"product_brand","embeddable":true,"href":"https:\/\/marsangomateriais.com.br\/index.php\/wp-json\/wp\/v2\/product_brand?post=2336"},{"taxonomy":"product_cat","embeddable":true,"href":"https:\/\/marsangomateriais.com.br\/index.php\/wp-json\/wp\/v2\/product_cat?post=2336"},{"taxonomy":"product_tag","embeddable":true,"href":"https:\/\/marsangomateriais.com.br\/index.php\/wp-json\/wp\/v2\/product_tag?post=2336"}],"curies":[{"name":"wp","href":"https:\/\/api.w.org\/{rel}","templated":true}]}}