{"id":2333,"date":"2026-04-07T13:59:13","date_gmt":"2026-04-07T16:59:13","guid":{"rendered":"https:\/\/marsangomateriais.com.br\/index.php\/produto\/952-rolo-de-la-23cm-especial-condor\/"},"modified":"2026-04-10T15:45:32","modified_gmt":"2026-04-10T18:45:32","slug":"952-rolo-de-la-23cm-especial-condor","status":"publish","type":"product","link":"https:\/\/marsangomateriais.com.br\/index.php\/produto\/952-rolo-de-la-23cm-especial-condor\/","title":{"rendered":"952 ROLO DE LA 23CM ESPECIAL CONDOR"},"content":{"rendered":"<p>ESPECIFICA\u00c7\u00d5ES DO PRODUTO<\/p>\n<p>Rolo de l\u00e3, uso em gesso, massa corrida e forros de madeira, superf\u00edcies lisas, tinta acr\u00edlica, vinil acr\u00edlica e l\u00e1tex pva<\/p>\n","protected":false},"excerpt":{"rendered":"<p>ESPECIFICA\u00c7\u00d5ES DO PRODUTO Rolo de l\u00e3, uso em gesso, massa corrida e forros de madeira, superf\u00edcies lisas, tinta acr\u00edlica, vinil acr\u00edlica e l\u00e1tex pva<\/p>\n","protected":false},"featured_media":2430,"comment_status":"open","ping_status":"closed","template":"","meta":[],"product_brand":[],"product_cat":[28],"product_tag":[],"class_list":{"0":"post-2333","1":"product","2":"type-product","3":"status-publish","4":"has-post-thumbnail","6":"product_cat-tintas-e-acessorios","8":"first","9":"instock","10":"sale","11":"shipping-taxable","12":"purchasable","13":"product-type-simple"},"_links":{"self":[{"href":"https:\/\/marsangomateriais.com.br\/index.php\/wp-json\/wp\/v2\/product\/2333","targetHints":{"allow":["GET"]}}],"collection":[{"href":"https:\/\/marsangomateriais.com.br\/index.php\/wp-json\/wp\/v2\/product"}],"about":[{"href":"https:\/\/marsangomateriais.com.br\/index.php\/wp-json\/wp\/v2\/types\/product"}],"replies":[{"embeddable":true,"href":"https:\/\/marsangomateriais.com.br\/index.php\/wp-json\/wp\/v2\/comments?post=2333"}],"wp:featuredmedia":[{"embeddable":true,"href":"https:\/\/marsangomateriais.com.br\/index.php\/wp-json\/wp\/v2\/media\/2430"}],"wp:attachment":[{"href":"https:\/\/marsangomateriais.com.br\/index.php\/wp-json\/wp\/v2\/media?parent=2333"}],"wp:term":[{"taxonomy":"product_brand","embeddable":true,"href":"https:\/\/marsangomateriais.com.br\/index.php\/wp-json\/wp\/v2\/product_brand?post=2333"},{"taxonomy":"product_cat","embeddable":true,"href":"https:\/\/marsangomateriais.com.br\/index.php\/wp-json\/wp\/v2\/product_cat?post=2333"},{"taxonomy":"product_tag","embeddable":true,"href":"https:\/\/marsangomateriais.com.br\/index.php\/wp-json\/wp\/v2\/product_tag?post=2333"}],"curies":[{"name":"wp","href":"https:\/\/api.w.org\/{rel}","templated":true}]}}