{"id":2332,"date":"2026-04-07T13:59:12","date_gmt":"2026-04-07T16:59:12","guid":{"rendered":"https:\/\/marsangomateriais.com.br\/index.php\/produto\/867-6-espatula-aco-6cm-condor\/"},"modified":"2026-04-10T15:44:17","modified_gmt":"2026-04-10T18:44:17","slug":"867-6-espatula-aco-6cm-condor","status":"publish","type":"product","link":"https:\/\/marsangomateriais.com.br\/index.php\/produto\/867-6-espatula-aco-6cm-condor\/","title":{"rendered":"867-6 ESPATULA ACO 6CM &#8211; CONDOR"},"content":{"rendered":"<p>ESPECIFICA\u00c7\u00d5ES DO PRODUTO<\/p>\n<p>Espatula de A\u00e7o Inox<br \/>\nMarca: Condor<br \/>\nTamanho: 6cm<br \/>\nTamanho ideal para uso em superf\u00edcies pequenas<br \/>\nFabricada com l\u00e2mina de a\u00e7o inox<br \/>\nCabo de madeira tratada com design anat\u00f4mico<br \/>\nAp\u00f3s o uso, retirar os res\u00edduos do produto utilizado conforme instru\u00e7\u00f5es do fabricante e lavar a esp\u00e1tula em \u00e1gua corrente<br \/>\nSecar se poss\u00edvel, aplicar uma fina camada de \u00f3leo protetivo<br \/>\nGuardar em local seco e arejado.<\/p>\n","protected":false},"excerpt":{"rendered":"<p>ESPECIFICA\u00c7\u00d5ES DO PRODUTO Espatula de A\u00e7o Inox Marca: Condor Tamanho: 6cm Tamanho ideal para uso em superf\u00edcies pequenas Fabricada com l\u00e2mina de a\u00e7o inox Cabo de madeira tratada com design anat\u00f4mico Ap\u00f3s o uso, retirar os res\u00edduos do produto utilizado conforme instru\u00e7\u00f5es do fabricante e lavar a esp\u00e1tula em \u00e1gua corrente Secar se poss\u00edvel, aplicar [&hellip;]<\/p>\n","protected":false},"featured_media":2429,"comment_status":"open","ping_status":"closed","template":"","meta":[],"product_brand":[],"product_cat":[28],"product_tag":[],"class_list":{"0":"post-2332","1":"product","2":"type-product","3":"status-publish","4":"has-post-thumbnail","6":"product_cat-tintas-e-acessorios","8":"first","9":"instock","10":"sale","11":"shipping-taxable","12":"purchasable","13":"product-type-simple"},"_links":{"self":[{"href":"https:\/\/marsangomateriais.com.br\/index.php\/wp-json\/wp\/v2\/product\/2332","targetHints":{"allow":["GET"]}}],"collection":[{"href":"https:\/\/marsangomateriais.com.br\/index.php\/wp-json\/wp\/v2\/product"}],"about":[{"href":"https:\/\/marsangomateriais.com.br\/index.php\/wp-json\/wp\/v2\/types\/product"}],"replies":[{"embeddable":true,"href":"https:\/\/marsangomateriais.com.br\/index.php\/wp-json\/wp\/v2\/comments?post=2332"}],"wp:featuredmedia":[{"embeddable":true,"href":"https:\/\/marsangomateriais.com.br\/index.php\/wp-json\/wp\/v2\/media\/2429"}],"wp:attachment":[{"href":"https:\/\/marsangomateriais.com.br\/index.php\/wp-json\/wp\/v2\/media?parent=2332"}],"wp:term":[{"taxonomy":"product_brand","embeddable":true,"href":"https:\/\/marsangomateriais.com.br\/index.php\/wp-json\/wp\/v2\/product_brand?post=2332"},{"taxonomy":"product_cat","embeddable":true,"href":"https:\/\/marsangomateriais.com.br\/index.php\/wp-json\/wp\/v2\/product_cat?post=2332"},{"taxonomy":"product_tag","embeddable":true,"href":"https:\/\/marsangomateriais.com.br\/index.php\/wp-json\/wp\/v2\/product_tag?post=2332"}],"curies":[{"name":"wp","href":"https:\/\/api.w.org\/{rel}","templated":true}]}}