{"id":2196,"date":"2026-04-07T08:39:05","date_gmt":"2026-04-07T11:39:05","guid":{"rendered":"https:\/\/marsangomateriais.com.br\/index.php\/produto\/trincha-media-p-pint-steinverniz-4\/"},"modified":"2026-04-09T08:42:21","modified_gmt":"2026-04-09T11:42:21","slug":"trincha-media-p-pint-steinverniz-4","status":"publish","type":"product","link":"https:\/\/marsangomateriais.com.br\/index.php\/produto\/trincha-media-p-pint-steinverniz-4\/","title":{"rendered":"TRINCHA MEDIA P\/ PINT STEIN&amp;VERNIZ 4"},"content":{"rendered":"<p>ESPECIFICA\u00c7\u00d5ES DO PRODUTO<\/p>\n<p>Trincha com cerdas brancas selecionadas. Indicada para verniz e stain.<\/p>\n<p>INDICA\u00c7\u00c3O DE USO:<br \/>\nIndicada para verniz e stain.<br \/>\nRefer\u00eancia: 396\/9<\/p>\n","protected":false},"excerpt":{"rendered":"<p>ESPECIFICA\u00c7\u00d5ES DO PRODUTO Trincha com cerdas brancas selecionadas. Indicada para verniz e stain. INDICA\u00c7\u00c3O DE USO: Indicada para verniz e stain. Refer\u00eancia: 396\/9<\/p>\n","protected":false},"featured_media":2414,"comment_status":"open","ping_status":"closed","template":"","meta":[],"product_brand":[],"product_cat":[28],"product_tag":[],"class_list":{"0":"post-2196","1":"product","2":"type-product","3":"status-publish","4":"has-post-thumbnail","6":"product_cat-tintas-e-acessorios","8":"first","9":"instock","10":"shipping-taxable","11":"purchasable","12":"product-type-simple"},"_links":{"self":[{"href":"https:\/\/marsangomateriais.com.br\/index.php\/wp-json\/wp\/v2\/product\/2196","targetHints":{"allow":["GET"]}}],"collection":[{"href":"https:\/\/marsangomateriais.com.br\/index.php\/wp-json\/wp\/v2\/product"}],"about":[{"href":"https:\/\/marsangomateriais.com.br\/index.php\/wp-json\/wp\/v2\/types\/product"}],"replies":[{"embeddable":true,"href":"https:\/\/marsangomateriais.com.br\/index.php\/wp-json\/wp\/v2\/comments?post=2196"}],"wp:featuredmedia":[{"embeddable":true,"href":"https:\/\/marsangomateriais.com.br\/index.php\/wp-json\/wp\/v2\/media\/2414"}],"wp:attachment":[{"href":"https:\/\/marsangomateriais.com.br\/index.php\/wp-json\/wp\/v2\/media?parent=2196"}],"wp:term":[{"taxonomy":"product_brand","embeddable":true,"href":"https:\/\/marsangomateriais.com.br\/index.php\/wp-json\/wp\/v2\/product_brand?post=2196"},{"taxonomy":"product_cat","embeddable":true,"href":"https:\/\/marsangomateriais.com.br\/index.php\/wp-json\/wp\/v2\/product_cat?post=2196"},{"taxonomy":"product_tag","embeddable":true,"href":"https:\/\/marsangomateriais.com.br\/index.php\/wp-json\/wp\/v2\/product_tag?post=2196"}],"curies":[{"name":"wp","href":"https:\/\/api.w.org\/{rel}","templated":true}]}}