{"id":2171,"date":"2026-04-07T08:33:03","date_gmt":"2026-04-07T11:33:03","guid":{"rendered":"https:\/\/marsangomateriais.com.br\/index.php\/produto\/trincha-media-para-pintura-stein-verniz-2-1-2-atlas\/"},"modified":"2026-04-09T08:39:08","modified_gmt":"2026-04-09T11:39:08","slug":"trincha-media-para-pintura-stein-verniz-2-1-2-atlas","status":"publish","type":"product","link":"https:\/\/marsangomateriais.com.br\/index.php\/produto\/trincha-media-para-pintura-stein-verniz-2-1-2-atlas\/","title":{"rendered":"TRINCHA M\u00c9DIA PARA PINTURA STEIN &amp; VERNIZ 2 1\/2 &#8211; ATLAS"},"content":{"rendered":"<p>ESPECIFICA\u00c7\u00d5ES DO PRODUTO<\/p>\n<p>Trincha com cerdas brancas selecionadas. Indicada para verniz e stain.<\/p>\n<p>INDICA\u00c7\u00c3O DE USO:<br \/>\nIndicada para verniz e stain.<br \/>\nRefer\u00eancia: 396\/6<\/p>\n","protected":false},"excerpt":{"rendered":"<p>ESPECIFICA\u00c7\u00d5ES DO PRODUTO Trincha com cerdas brancas selecionadas. Indicada para verniz e stain. INDICA\u00c7\u00c3O DE USO: Indicada para verniz e stain. Refer\u00eancia: 396\/6<\/p>\n","protected":false},"featured_media":2411,"comment_status":"open","ping_status":"closed","template":"","meta":[],"product_brand":[],"product_cat":[28],"product_tag":[],"class_list":{"0":"post-2171","1":"product","2":"type-product","3":"status-publish","4":"has-post-thumbnail","6":"product_cat-tintas-e-acessorios","8":"first","9":"instock","10":"shipping-taxable","11":"purchasable","12":"product-type-simple"},"_links":{"self":[{"href":"https:\/\/marsangomateriais.com.br\/index.php\/wp-json\/wp\/v2\/product\/2171","targetHints":{"allow":["GET"]}}],"collection":[{"href":"https:\/\/marsangomateriais.com.br\/index.php\/wp-json\/wp\/v2\/product"}],"about":[{"href":"https:\/\/marsangomateriais.com.br\/index.php\/wp-json\/wp\/v2\/types\/product"}],"replies":[{"embeddable":true,"href":"https:\/\/marsangomateriais.com.br\/index.php\/wp-json\/wp\/v2\/comments?post=2171"}],"wp:featuredmedia":[{"embeddable":true,"href":"https:\/\/marsangomateriais.com.br\/index.php\/wp-json\/wp\/v2\/media\/2411"}],"wp:attachment":[{"href":"https:\/\/marsangomateriais.com.br\/index.php\/wp-json\/wp\/v2\/media?parent=2171"}],"wp:term":[{"taxonomy":"product_brand","embeddable":true,"href":"https:\/\/marsangomateriais.com.br\/index.php\/wp-json\/wp\/v2\/product_brand?post=2171"},{"taxonomy":"product_cat","embeddable":true,"href":"https:\/\/marsangomateriais.com.br\/index.php\/wp-json\/wp\/v2\/product_cat?post=2171"},{"taxonomy":"product_tag","embeddable":true,"href":"https:\/\/marsangomateriais.com.br\/index.php\/wp-json\/wp\/v2\/product_tag?post=2171"}],"curies":[{"name":"wp","href":"https:\/\/api.w.org\/{rel}","templated":true}]}}