{"id":2166,"date":"2026-04-07T08:29:03","date_gmt":"2026-04-07T11:29:03","guid":{"rendered":"https:\/\/marsangomateriais.com.br\/index.php\/produto\/tinta-spray-metalica-dourado-killing\/"},"modified":"2026-04-09T08:17:42","modified_gmt":"2026-04-09T11:17:42","slug":"tinta-spray-metalica-dourado-killing","status":"publish","type":"product","link":"https:\/\/marsangomateriais.com.br\/index.php\/produto\/tinta-spray-metalica-dourado-killing\/","title":{"rendered":"TINTA SPRAY MET\u00c1LICA DOURADO &#8211; KILLING"},"content":{"rendered":"<p>ESPECIFICA\u00c7\u00d5ES DO PRODUTO<\/p>\n<p>Tinta Spray Met\u00e1lica Killing \u00e9 elaborada com produtos de alta qualidade, indicada e aprovada para uso em objetos artesanais, decora\u00e7\u00f5es, gesso, cer\u00e2mica, madeira, ferro, metais e pap\u00e9is, obtendo um acabamento metalizado. Tinta Spray Met\u00e1lica \u00e9 indicada somente para uso interno.<\/p>\n<p>EMBALAGEM: Dispon\u00edvel em 400ml<\/p>\n<p>SECAGEM: Secagem ao toque em 15 minutos, secagem para manuseio em 1 hora e secagem total em 24 horas<\/p>\n<p>APLICA\u00c7\u00c3O: AGITE BEM A LATA, ANTES DE CADA APLICA\u00c7\u00c3O. Fa\u00e7a um pequeno teste do aplicador, pressionando a v\u00e1lvula algumas vezes em qualquer superf\u00edcie, verificando o formato do jato. Pulverize a uma dist\u00e2ncia m\u00ednima de 10cm do local, utilizando-se de movimentos<\/p>\n<p>N\u00daMERO DE M\u00c3OS: Para uma melhor cobertura aplique v\u00e1rias dem\u00e3os com intervalos regulares.<br \/>\nRefer\u00eancia: TSM78\/D06<\/p>\n","protected":false},"excerpt":{"rendered":"<p>ESPECIFICA\u00c7\u00d5ES DO PRODUTO Tinta Spray Met\u00e1lica Killing \u00e9 elaborada com produtos de alta qualidade, indicada e aprovada para uso em objetos artesanais, decora\u00e7\u00f5es, gesso, cer\u00e2mica, madeira, ferro, metais e pap\u00e9is, obtendo um acabamento metalizado. Tinta Spray Met\u00e1lica \u00e9 indicada somente para uso interno. EMBALAGEM: Dispon\u00edvel em 400ml SECAGEM: Secagem ao toque em 15 minutos, secagem [&hellip;]<\/p>\n","protected":false},"featured_media":2405,"comment_status":"open","ping_status":"closed","template":"","meta":[],"product_brand":[],"product_cat":[28],"product_tag":[],"class_list":{"0":"post-2166","1":"product","2":"type-product","3":"status-publish","4":"has-post-thumbnail","6":"product_cat-tintas-e-acessorios","8":"first","9":"instock","10":"shipping-taxable","11":"purchasable","12":"product-type-simple"},"_links":{"self":[{"href":"https:\/\/marsangomateriais.com.br\/index.php\/wp-json\/wp\/v2\/product\/2166","targetHints":{"allow":["GET"]}}],"collection":[{"href":"https:\/\/marsangomateriais.com.br\/index.php\/wp-json\/wp\/v2\/product"}],"about":[{"href":"https:\/\/marsangomateriais.com.br\/index.php\/wp-json\/wp\/v2\/types\/product"}],"replies":[{"embeddable":true,"href":"https:\/\/marsangomateriais.com.br\/index.php\/wp-json\/wp\/v2\/comments?post=2166"}],"wp:featuredmedia":[{"embeddable":true,"href":"https:\/\/marsangomateriais.com.br\/index.php\/wp-json\/wp\/v2\/media\/2405"}],"wp:attachment":[{"href":"https:\/\/marsangomateriais.com.br\/index.php\/wp-json\/wp\/v2\/media?parent=2166"}],"wp:term":[{"taxonomy":"product_brand","embeddable":true,"href":"https:\/\/marsangomateriais.com.br\/index.php\/wp-json\/wp\/v2\/product_brand?post=2166"},{"taxonomy":"product_cat","embeddable":true,"href":"https:\/\/marsangomateriais.com.br\/index.php\/wp-json\/wp\/v2\/product_cat?post=2166"},{"taxonomy":"product_tag","embeddable":true,"href":"https:\/\/marsangomateriais.com.br\/index.php\/wp-json\/wp\/v2\/product_tag?post=2166"}],"curies":[{"name":"wp","href":"https:\/\/api.w.org\/{rel}","templated":true}]}}