{"id":2152,"date":"2026-04-07T08:17:02","date_gmt":"2026-04-07T11:17:02","guid":{"rendered":"https:\/\/marsangomateriais.com.br\/index.php\/produto\/rolo-textura-media-1352-230-vinil-tigre\/"},"modified":"2026-04-17T11:39:31","modified_gmt":"2026-04-17T14:39:31","slug":"rolo-textura-media-1352-230-vinil-tigre","status":"publish","type":"product","link":"https:\/\/marsangomateriais.com.br\/index.php\/produto\/rolo-textura-media-1352-230-vinil-tigre\/","title":{"rendered":"Rolo Textura Media 1352-230 Vinil &#8211; TIGRE"},"content":{"rendered":"<p>ESPECIFICA\u00c7\u00d5ES DO PRODUTO<\/p>\n<p>COMPOSI\u00c7\u00c3O: Fibra de Vinil<br \/>\nlINDICA\u00c7\u00c3O: Para efeito de textura m\u00e9dia\/alta com tintas ou massas<br \/>\nNSTRU\u00c7\u00d5ES: Textura para Efeitos<br \/>\nEfeito: Textura M\u00e9dia\/Altal<\/p>\n","protected":false},"excerpt":{"rendered":"<p>ESPECIFICA\u00c7\u00d5ES DO PRODUTO COMPOSI\u00c7\u00c3O: Fibra de Vinil lINDICA\u00c7\u00c3O: Para efeito de textura m\u00e9dia\/alta com tintas ou massas NSTRU\u00c7\u00d5ES: Textura para Efeitos Efeito: Textura M\u00e9dia\/Altal<\/p>\n","protected":false},"featured_media":2401,"comment_status":"open","ping_status":"closed","template":"","meta":[],"product_brand":[],"product_cat":[28],"product_tag":[],"class_list":{"0":"post-2152","1":"product","2":"type-product","3":"status-publish","4":"has-post-thumbnail","6":"product_cat-tintas-e-acessorios","8":"first","9":"instock","10":"sale","11":"shipping-taxable","12":"purchasable","13":"product-type-simple"},"_links":{"self":[{"href":"https:\/\/marsangomateriais.com.br\/index.php\/wp-json\/wp\/v2\/product\/2152","targetHints":{"allow":["GET"]}}],"collection":[{"href":"https:\/\/marsangomateriais.com.br\/index.php\/wp-json\/wp\/v2\/product"}],"about":[{"href":"https:\/\/marsangomateriais.com.br\/index.php\/wp-json\/wp\/v2\/types\/product"}],"replies":[{"embeddable":true,"href":"https:\/\/marsangomateriais.com.br\/index.php\/wp-json\/wp\/v2\/comments?post=2152"}],"wp:featuredmedia":[{"embeddable":true,"href":"https:\/\/marsangomateriais.com.br\/index.php\/wp-json\/wp\/v2\/media\/2401"}],"wp:attachment":[{"href":"https:\/\/marsangomateriais.com.br\/index.php\/wp-json\/wp\/v2\/media?parent=2152"}],"wp:term":[{"taxonomy":"product_brand","embeddable":true,"href":"https:\/\/marsangomateriais.com.br\/index.php\/wp-json\/wp\/v2\/product_brand?post=2152"},{"taxonomy":"product_cat","embeddable":true,"href":"https:\/\/marsangomateriais.com.br\/index.php\/wp-json\/wp\/v2\/product_cat?post=2152"},{"taxonomy":"product_tag","embeddable":true,"href":"https:\/\/marsangomateriais.com.br\/index.php\/wp-json\/wp\/v2\/product_tag?post=2152"}],"curies":[{"name":"wp","href":"https:\/\/api.w.org\/{rel}","templated":true}]}}