{"id":2146,"date":"2026-04-07T08:15:03","date_gmt":"2026-04-07T11:15:03","guid":{"rendered":"https:\/\/marsangomateriais.com.br\/index.php\/produto\/trincha-3-cerda-br-tigre\/"},"modified":"2026-04-09T08:05:37","modified_gmt":"2026-04-09T11:05:37","slug":"trincha-3-cerda-br-tigre","status":"publish","type":"product","link":"https:\/\/marsangomateriais.com.br\/index.php\/produto\/trincha-3-cerda-br-tigre\/","title":{"rendered":"TRINCHA 3&#8221; CERDA BR &#8211; TIGRE"},"content":{"rendered":"<p>ESPECIFICA\u00c7\u00d5ES DO PRODUTO<\/p>\n<p>Produto efici\u00eante, a marca Tigre busca excel\u00eancia. O produto tem seu cabo em pl\u00e1stico laranja com cabo anzol. Rendimento Standart. Indicado para superf\u00edcies de madeira. A Escolha certa em sua ferramenta de pintura e verniz. Cerda Branca.<\/p>\n","protected":false},"excerpt":{"rendered":"<p>ESPECIFICA\u00c7\u00d5ES DO PRODUTO Produto efici\u00eante, a marca Tigre busca excel\u00eancia. O produto tem seu cabo em pl\u00e1stico laranja com cabo anzol. Rendimento Standart. Indicado para superf\u00edcies de madeira. A Escolha certa em sua ferramenta de pintura e verniz. Cerda Branca.<\/p>\n","protected":false},"featured_media":2400,"comment_status":"open","ping_status":"closed","template":"","meta":[],"product_brand":[],"product_cat":[28],"product_tag":[],"class_list":{"0":"post-2146","1":"product","2":"type-product","3":"status-publish","4":"has-post-thumbnail","6":"product_cat-tintas-e-acessorios","8":"first","9":"instock","10":"shipping-taxable","11":"purchasable","12":"product-type-simple"},"_links":{"self":[{"href":"https:\/\/marsangomateriais.com.br\/index.php\/wp-json\/wp\/v2\/product\/2146","targetHints":{"allow":["GET"]}}],"collection":[{"href":"https:\/\/marsangomateriais.com.br\/index.php\/wp-json\/wp\/v2\/product"}],"about":[{"href":"https:\/\/marsangomateriais.com.br\/index.php\/wp-json\/wp\/v2\/types\/product"}],"replies":[{"embeddable":true,"href":"https:\/\/marsangomateriais.com.br\/index.php\/wp-json\/wp\/v2\/comments?post=2146"}],"wp:featuredmedia":[{"embeddable":true,"href":"https:\/\/marsangomateriais.com.br\/index.php\/wp-json\/wp\/v2\/media\/2400"}],"wp:attachment":[{"href":"https:\/\/marsangomateriais.com.br\/index.php\/wp-json\/wp\/v2\/media?parent=2146"}],"wp:term":[{"taxonomy":"product_brand","embeddable":true,"href":"https:\/\/marsangomateriais.com.br\/index.php\/wp-json\/wp\/v2\/product_brand?post=2146"},{"taxonomy":"product_cat","embeddable":true,"href":"https:\/\/marsangomateriais.com.br\/index.php\/wp-json\/wp\/v2\/product_cat?post=2146"},{"taxonomy":"product_tag","embeddable":true,"href":"https:\/\/marsangomateriais.com.br\/index.php\/wp-json\/wp\/v2\/product_tag?post=2146"}],"curies":[{"name":"wp","href":"https:\/\/api.w.org\/{rel}","templated":true}]}}