{"id":2113,"date":"2026-04-07T08:03:06","date_gmt":"2026-04-07T11:03:06","guid":{"rendered":"https:\/\/marsangomateriais.com.br\/index.php\/produto\/pistola-para-pintura-caneca-gravidade-baixa-pressao-mister\/"},"modified":"2026-04-17T11:41:52","modified_gmt":"2026-04-17T14:41:52","slug":"pistola-para-pintura-caneca-gravidade-baixa-pressao-mister","status":"publish","type":"product","link":"https:\/\/marsangomateriais.com.br\/index.php\/produto\/pistola-para-pintura-caneca-gravidade-baixa-pressao-mister\/","title":{"rendered":"Pistola Para Pintura Aneca Gravidade Baixa Press\u00e3o &#8211; MISTER"},"content":{"rendered":"<p>ESPECIFICA\u00c7\u00d5ES DO PRODUTO<\/p>\n<p>Alum\u00ednio com agulha em inox 1,5mm.<br \/>\nPress\u00e3o 30-50 BAR (50PSI).<br \/>\nCaneca 600ml em Polietileno mat\u00e9ria prima virgem.<br \/>\nTratamento Anti-ressecamento.<br \/>\nDe gravidade que tem como caracter\u00edstica a facilidade de manuseio em pequenos retoques, filetes, pinturas art\u00edsticas e etc.<br \/>\nUtilizada na ind\u00fastria de brinquedos, curtume, cer\u00e2mica, m\u00f3veis e tamb\u00e9m para retoques de pinturas em autom\u00f3veis.<br \/>\nEntrada de Ar 1\/4&#8243;.<br \/>\nAcompanha 1 pistola e 1 caneca\/copo para pintura.<\/p>\n","protected":false},"excerpt":{"rendered":"<p>ESPECIFICA\u00c7\u00d5ES DO PRODUTO Alum\u00ednio com agulha em inox 1,5mm. Press\u00e3o 30-50 BAR (50PSI). Caneca 600ml em Polietileno mat\u00e9ria prima virgem. Tratamento Anti-ressecamento. De gravidade que tem como caracter\u00edstica a facilidade de manuseio em pequenos retoques, filetes, pinturas art\u00edsticas e etc. Utilizada na ind\u00fastria de brinquedos, curtume, cer\u00e2mica, m\u00f3veis e tamb\u00e9m para retoques de pinturas em [&hellip;]<\/p>\n","protected":false},"featured_media":2398,"comment_status":"open","ping_status":"closed","template":"","meta":[],"product_brand":[],"product_cat":[28],"product_tag":[],"class_list":{"0":"post-2113","1":"product","2":"type-product","3":"status-publish","4":"has-post-thumbnail","6":"product_cat-tintas-e-acessorios","8":"first","9":"instock","10":"sale","11":"shipping-taxable","12":"purchasable","13":"product-type-simple"},"_links":{"self":[{"href":"https:\/\/marsangomateriais.com.br\/index.php\/wp-json\/wp\/v2\/product\/2113","targetHints":{"allow":["GET"]}}],"collection":[{"href":"https:\/\/marsangomateriais.com.br\/index.php\/wp-json\/wp\/v2\/product"}],"about":[{"href":"https:\/\/marsangomateriais.com.br\/index.php\/wp-json\/wp\/v2\/types\/product"}],"replies":[{"embeddable":true,"href":"https:\/\/marsangomateriais.com.br\/index.php\/wp-json\/wp\/v2\/comments?post=2113"}],"wp:featuredmedia":[{"embeddable":true,"href":"https:\/\/marsangomateriais.com.br\/index.php\/wp-json\/wp\/v2\/media\/2398"}],"wp:attachment":[{"href":"https:\/\/marsangomateriais.com.br\/index.php\/wp-json\/wp\/v2\/media?parent=2113"}],"wp:term":[{"taxonomy":"product_brand","embeddable":true,"href":"https:\/\/marsangomateriais.com.br\/index.php\/wp-json\/wp\/v2\/product_brand?post=2113"},{"taxonomy":"product_cat","embeddable":true,"href":"https:\/\/marsangomateriais.com.br\/index.php\/wp-json\/wp\/v2\/product_cat?post=2113"},{"taxonomy":"product_tag","embeddable":true,"href":"https:\/\/marsangomateriais.com.br\/index.php\/wp-json\/wp\/v2\/product_tag?post=2113"}],"curies":[{"name":"wp","href":"https:\/\/api.w.org\/{rel}","templated":true}]}}