{"id":2103,"date":"2026-04-07T07:59:16","date_gmt":"2026-04-07T10:59:16","guid":{"rendered":"https:\/\/marsangomateriais.com.br\/index.php\/produto\/trincha-3-condor\/"},"modified":"2026-04-08T16:50:43","modified_gmt":"2026-04-08T19:50:43","slug":"trincha-3-condor","status":"publish","type":"product","link":"https:\/\/marsangomateriais.com.br\/index.php\/produto\/trincha-3-condor\/","title":{"rendered":"TRINCHA 3&#8221; CONDOR"},"content":{"rendered":"<p>ESPECIFICA\u00c7\u00d5ES DO PRODUTO<\/p>\n<p>Trincha macia e suave com cerdas gris selecionadas.<br \/>\nIndicada para tintas l\u00e1tex e acr\u00edlica.<br \/>\nSuperf\u00edcies: Parede.<br \/>\nEspessura: 3 polegadas.<br \/>\nCerda\/Filamento: Natural Gris Selecionadas.<br \/>\nCabo: Pl\u00e1stico Marrom.<\/p>\n","protected":false},"excerpt":{"rendered":"<p>ESPECIFICA\u00c7\u00d5ES DO PRODUTO Trincha macia e suave com cerdas gris selecionadas. Indicada para tintas l\u00e1tex e acr\u00edlica. Superf\u00edcies: Parede. Espessura: 3 polegadas. Cerda\/Filamento: Natural Gris Selecionadas. Cabo: Pl\u00e1stico Marrom.<\/p>\n","protected":false},"featured_media":2394,"comment_status":"open","ping_status":"closed","template":"","meta":[],"product_brand":[],"product_cat":[28],"product_tag":[],"class_list":{"0":"post-2103","1":"product","2":"type-product","3":"status-publish","4":"has-post-thumbnail","6":"product_cat-tintas-e-acessorios","8":"first","9":"instock","10":"shipping-taxable","11":"purchasable","12":"product-type-simple"},"_links":{"self":[{"href":"https:\/\/marsangomateriais.com.br\/index.php\/wp-json\/wp\/v2\/product\/2103","targetHints":{"allow":["GET"]}}],"collection":[{"href":"https:\/\/marsangomateriais.com.br\/index.php\/wp-json\/wp\/v2\/product"}],"about":[{"href":"https:\/\/marsangomateriais.com.br\/index.php\/wp-json\/wp\/v2\/types\/product"}],"replies":[{"embeddable":true,"href":"https:\/\/marsangomateriais.com.br\/index.php\/wp-json\/wp\/v2\/comments?post=2103"}],"wp:featuredmedia":[{"embeddable":true,"href":"https:\/\/marsangomateriais.com.br\/index.php\/wp-json\/wp\/v2\/media\/2394"}],"wp:attachment":[{"href":"https:\/\/marsangomateriais.com.br\/index.php\/wp-json\/wp\/v2\/media?parent=2103"}],"wp:term":[{"taxonomy":"product_brand","embeddable":true,"href":"https:\/\/marsangomateriais.com.br\/index.php\/wp-json\/wp\/v2\/product_brand?post=2103"},{"taxonomy":"product_cat","embeddable":true,"href":"https:\/\/marsangomateriais.com.br\/index.php\/wp-json\/wp\/v2\/product_cat?post=2103"},{"taxonomy":"product_tag","embeddable":true,"href":"https:\/\/marsangomateriais.com.br\/index.php\/wp-json\/wp\/v2\/product_tag?post=2103"}],"curies":[{"name":"wp","href":"https:\/\/api.w.org\/{rel}","templated":true}]}}