{"id":1892,"date":"2026-04-02T17:04:52","date_gmt":"2026-04-02T20:04:52","guid":{"rendered":"https:\/\/marsangomateriais.com.br\/index.php\/produto\/bomba-submersa-bsl-900-254v-lorenzetti\/"},"modified":"2026-04-06T15:48:00","modified_gmt":"2026-04-06T18:48:00","slug":"bomba-submersa-bsl-900-254v-lorenzetti","status":"publish","type":"product","link":"https:\/\/marsangomateriais.com.br\/index.php\/produto\/bomba-submersa-bsl-900-254v-lorenzetti\/","title":{"rendered":"BOMBA SUBMERSA BSL-900 254V &#8211; LORENZETTI"},"content":{"rendered":"<p>ESPECIFICA\u00c7\u00d5ES DO PRODUTO<\/p>\n<p>Bomba Submersa:<\/p>\n<p>Peso 5,5kg<br \/>\nAltura 295mm<br \/>\nDi\u00e2metro 177mm<br \/>\nTens\u00e3o 127V, 220V ou 254V<br \/>\nPot\u00eancia 430W<br \/>\nFrequ\u00eancia 60Hz<br \/>\nConex\u00e3o de Sa\u00edda (pol.) 1&#8243;<\/p>\n<p>Bomba submersa vibrat\u00f3ria<\/p>\n<p>MUITA POT\u00caNCIA E ALTO RENDIMENTO<\/p>\n<p>APLICA\u00c7\u00d5ES<\/p>\n<p>CONDI\u00c7\u00d5ES DE OPERA\u00c7\u00c3O<br \/>\n? Abastecimento dom\u00e9stico<br \/>\n? Jardinagem e pequenas irriga\u00e7\u00f5es<br \/>\n? Transfer\u00eancia de \u00e1gua limpa de po\u00e7os,<br \/>\ncisternas e reservat\u00f3rios subterr\u00e2neos<br \/>\n? Di\u00e2metro do po\u00e7o: superior a 8? (pol.)<br \/>\n? Temperatura m\u00e1xima da \u00e1gua: 35\u00baC<br \/>\n? Submers\u00e3o m\u00e1xima: 20 metros<\/p>\n<p>CURVA DE PRESS\u00c3O X VAZ\u00c3O<br \/>\nPress\u00e3o (m.c.a.)<br \/>\nVaz\u00e3o (l\/h)<br \/>\nPARAFUSOS EM A\u00c7O INOX<br \/>\nCORPO EM ALUM\u00cdNIO<br \/>\nRefer\u00eancia: 7413023<\/p>\n","protected":false},"excerpt":{"rendered":"<p>ESPECIFICA\u00c7\u00d5ES DO PRODUTO Bomba Submersa: Peso 5,5kg Altura 295mm Di\u00e2metro 177mm Tens\u00e3o 127V, 220V ou 254V Pot\u00eancia 430W Frequ\u00eancia 60Hz Conex\u00e3o de Sa\u00edda (pol.) 1&#8243; Bomba submersa vibrat\u00f3ria MUITA POT\u00caNCIA E ALTO RENDIMENTO APLICA\u00c7\u00d5ES CONDI\u00c7\u00d5ES DE OPERA\u00c7\u00c3O ? Abastecimento dom\u00e9stico ? Jardinagem e pequenas irriga\u00e7\u00f5es ? Transfer\u00eancia de \u00e1gua limpa de po\u00e7os, cisternas e reservat\u00f3rios [&hellip;]<\/p>\n","protected":false},"featured_media":2056,"comment_status":"open","ping_status":"closed","template":"","meta":[],"product_brand":[],"product_cat":[36],"product_tag":[],"class_list":{"0":"post-1892","1":"product","2":"type-product","3":"status-publish","4":"has-post-thumbnail","6":"product_cat-materiais-eletricos","8":"first","9":"instock","10":"shipping-taxable","11":"purchasable","12":"product-type-simple"},"_links":{"self":[{"href":"https:\/\/marsangomateriais.com.br\/index.php\/wp-json\/wp\/v2\/product\/1892","targetHints":{"allow":["GET"]}}],"collection":[{"href":"https:\/\/marsangomateriais.com.br\/index.php\/wp-json\/wp\/v2\/product"}],"about":[{"href":"https:\/\/marsangomateriais.com.br\/index.php\/wp-json\/wp\/v2\/types\/product"}],"replies":[{"embeddable":true,"href":"https:\/\/marsangomateriais.com.br\/index.php\/wp-json\/wp\/v2\/comments?post=1892"}],"wp:featuredmedia":[{"embeddable":true,"href":"https:\/\/marsangomateriais.com.br\/index.php\/wp-json\/wp\/v2\/media\/2056"}],"wp:attachment":[{"href":"https:\/\/marsangomateriais.com.br\/index.php\/wp-json\/wp\/v2\/media?parent=1892"}],"wp:term":[{"taxonomy":"product_brand","embeddable":true,"href":"https:\/\/marsangomateriais.com.br\/index.php\/wp-json\/wp\/v2\/product_brand?post=1892"},{"taxonomy":"product_cat","embeddable":true,"href":"https:\/\/marsangomateriais.com.br\/index.php\/wp-json\/wp\/v2\/product_cat?post=1892"},{"taxonomy":"product_tag","embeddable":true,"href":"https:\/\/marsangomateriais.com.br\/index.php\/wp-json\/wp\/v2\/product_tag?post=1892"}],"curies":[{"name":"wp","href":"https:\/\/api.w.org\/{rel}","templated":true}]}}