{"id":1891,"date":"2026-04-02T17:04:51","date_gmt":"2026-04-02T20:04:51","guid":{"rendered":"https:\/\/marsangomateriais.com.br\/index.php\/produto\/bomba-periferica-bpl35-1-2-cv-lorenzetti\/"},"modified":"2026-04-06T15:47:11","modified_gmt":"2026-04-06T18:47:11","slug":"bomba-periferica-bpl35-1-2-cv-lorenzetti","status":"publish","type":"product","link":"https:\/\/marsangomateriais.com.br\/index.php\/produto\/bomba-periferica-bpl35-1-2-cv-lorenzetti\/","title":{"rendered":"BOMBA PERIF\u00c9RICA BPL35 1\/2 CV &#8211; LORENZETTI"},"content":{"rendered":"<p>ESPECIFICA\u00c7\u00d5ES DO PRODUTO<\/p>\n<p>Bomba d\u00b4\u00e1gua perif\u00e9rica: BPL-35<\/p>\n<p>APLICA\u00c7\u00d5ES<\/p>\n<p>? Abastecimento comercial e residencial.<br \/>\n? Transfer\u00eancia de \u00e1gua limpa de po\u00e7os,<br \/>\ncisternas e reservat\u00f3rios subterr\u00e2neos.<br \/>\n? Jardinagem e pequenas irriga\u00e7\u00f5es.<br \/>\n? Prote\u00e7\u00e3o T\u00e9rmica: Termostato que desliga a bomba<br \/>\nautomaticamente no caso de superaquecimento.<br \/>\n? Compacta e de f\u00e1cil instala\u00e7\u00e3o.<br \/>\n? Bivolt.<br \/>\n*mca = metro de coluna de \u00e1gua<br \/>\n**Esta curva \u00e9 uma refer\u00eancia para dimensionamento do sistema hid<\/p>\n<p>PESO 4,6 kg<br \/>\nDIMENS\u00c3O A X L X C (mm) 152 x 98 x 258<br \/>\nTENS\u00c3O 127V ou 220V<br \/>\nPOT\u00caNCIA \u00bd cv (370 W)<br \/>\nFREQU\u00caNCIA 60 Hz<br \/>\nCONEX\u00d5ES ENTRADA X SA\u00cdDA (POL.) G1? x G1?<br \/>\nTEMPERATURA M\u00c1XIMA DO AMBIENTE 40\u00baC<br \/>\nTEMPERATURA M\u00c1XIMA DA \u00c1GUA 60\u00baC<br \/>\nRefer\u00eancia: 7413018<\/p>\n","protected":false},"excerpt":{"rendered":"<p>ESPECIFICA\u00c7\u00d5ES DO PRODUTO Bomba d\u00b4\u00e1gua perif\u00e9rica: BPL-35 APLICA\u00c7\u00d5ES ? Abastecimento comercial e residencial. ? Transfer\u00eancia de \u00e1gua limpa de po\u00e7os, cisternas e reservat\u00f3rios subterr\u00e2neos. ? Jardinagem e pequenas irriga\u00e7\u00f5es. ? Prote\u00e7\u00e3o T\u00e9rmica: Termostato que desliga a bomba automaticamente no caso de superaquecimento. ? Compacta e de f\u00e1cil instala\u00e7\u00e3o. ? Bivolt. *mca = metro de coluna [&hellip;]<\/p>\n","protected":false},"featured_media":2055,"comment_status":"open","ping_status":"closed","template":"","meta":[],"product_brand":[],"product_cat":[36],"product_tag":[],"class_list":{"0":"post-1891","1":"product","2":"type-product","3":"status-publish","4":"has-post-thumbnail","6":"product_cat-materiais-eletricos","8":"first","9":"instock","10":"shipping-taxable","11":"purchasable","12":"product-type-simple"},"_links":{"self":[{"href":"https:\/\/marsangomateriais.com.br\/index.php\/wp-json\/wp\/v2\/product\/1891","targetHints":{"allow":["GET"]}}],"collection":[{"href":"https:\/\/marsangomateriais.com.br\/index.php\/wp-json\/wp\/v2\/product"}],"about":[{"href":"https:\/\/marsangomateriais.com.br\/index.php\/wp-json\/wp\/v2\/types\/product"}],"replies":[{"embeddable":true,"href":"https:\/\/marsangomateriais.com.br\/index.php\/wp-json\/wp\/v2\/comments?post=1891"}],"wp:featuredmedia":[{"embeddable":true,"href":"https:\/\/marsangomateriais.com.br\/index.php\/wp-json\/wp\/v2\/media\/2055"}],"wp:attachment":[{"href":"https:\/\/marsangomateriais.com.br\/index.php\/wp-json\/wp\/v2\/media?parent=1891"}],"wp:term":[{"taxonomy":"product_brand","embeddable":true,"href":"https:\/\/marsangomateriais.com.br\/index.php\/wp-json\/wp\/v2\/product_brand?post=1891"},{"taxonomy":"product_cat","embeddable":true,"href":"https:\/\/marsangomateriais.com.br\/index.php\/wp-json\/wp\/v2\/product_cat?post=1891"},{"taxonomy":"product_tag","embeddable":true,"href":"https:\/\/marsangomateriais.com.br\/index.php\/wp-json\/wp\/v2\/product_tag?post=1891"}],"curies":[{"name":"wp","href":"https:\/\/api.w.org\/{rel}","templated":true}]}}