{"id":1889,"date":"2026-04-02T17:04:50","date_gmt":"2026-04-02T20:04:50","guid":{"rendered":"https:\/\/marsangomateriais.com.br\/index.php\/produto\/abajur-color-branco-fosco-blumenau\/"},"modified":"2026-04-17T11:16:32","modified_gmt":"2026-04-17T14:16:32","slug":"abajur-color-branco-fosco-blumenau","status":"publish","type":"product","link":"https:\/\/marsangomateriais.com.br\/index.php\/produto\/abajur-color-branco-fosco-blumenau\/","title":{"rendered":"Abajur Color Branco Fosco &#8211; BLUMENAU"},"content":{"rendered":"<p>ESPECIFICA\u00c7\u00d5ES DO PRODUTO<\/p>\n<p>Luminaria de mesa color branco liso22cm x 45cm<br \/>\nBlumenau<br \/>\nPot\u00eancia m\u00e1xima: 60wTens\u00e3o: 100-240v 1a &#8211; 50\/60hz<br \/>\nComponentes: a\u00e7o, cupula em alum\u00ednio.Soquete e27.<br \/>\nPeso l\u00edquido: 0,5kg<br \/>\nComprimento do fio: 1m Altura: 45cm Diametro: 22cm Altura total: 45 cm<br \/>\nCondi\u00e7\u00e3o do item: novo<br \/>\nCor da base: preto<br \/>\nCor do abajur: preto<br \/>\nDi\u00e2metro total: 22 cm Largura total: 22 cm<br \/>\nRefer\u00eancia: 612200-11<\/p>\n","protected":false},"excerpt":{"rendered":"<p>ESPECIFICA\u00c7\u00d5ES DO PRODUTO Luminaria de mesa color branco liso22cm x 45cm Blumenau Pot\u00eancia m\u00e1xima: 60wTens\u00e3o: 100-240v 1a &#8211; 50\/60hz Componentes: a\u00e7o, cupula em alum\u00ednio.Soquete e27. Peso l\u00edquido: 0,5kg Comprimento do fio: 1m Altura: 45cm Diametro: 22cm Altura total: 45 cm Condi\u00e7\u00e3o do item: novo Cor da base: preto Cor do abajur: preto Di\u00e2metro total: 22 [&hellip;]<\/p>\n","protected":false},"featured_media":2054,"comment_status":"open","ping_status":"closed","template":"","meta":[],"product_brand":[],"product_cat":[36],"product_tag":[],"class_list":{"0":"post-1889","1":"product","2":"type-product","3":"status-publish","4":"has-post-thumbnail","6":"product_cat-materiais-eletricos","8":"first","9":"instock","10":"sale","11":"shipping-taxable","12":"purchasable","13":"product-type-simple"},"_links":{"self":[{"href":"https:\/\/marsangomateriais.com.br\/index.php\/wp-json\/wp\/v2\/product\/1889","targetHints":{"allow":["GET"]}}],"collection":[{"href":"https:\/\/marsangomateriais.com.br\/index.php\/wp-json\/wp\/v2\/product"}],"about":[{"href":"https:\/\/marsangomateriais.com.br\/index.php\/wp-json\/wp\/v2\/types\/product"}],"replies":[{"embeddable":true,"href":"https:\/\/marsangomateriais.com.br\/index.php\/wp-json\/wp\/v2\/comments?post=1889"}],"wp:featuredmedia":[{"embeddable":true,"href":"https:\/\/marsangomateriais.com.br\/index.php\/wp-json\/wp\/v2\/media\/2054"}],"wp:attachment":[{"href":"https:\/\/marsangomateriais.com.br\/index.php\/wp-json\/wp\/v2\/media?parent=1889"}],"wp:term":[{"taxonomy":"product_brand","embeddable":true,"href":"https:\/\/marsangomateriais.com.br\/index.php\/wp-json\/wp\/v2\/product_brand?post=1889"},{"taxonomy":"product_cat","embeddable":true,"href":"https:\/\/marsangomateriais.com.br\/index.php\/wp-json\/wp\/v2\/product_cat?post=1889"},{"taxonomy":"product_tag","embeddable":true,"href":"https:\/\/marsangomateriais.com.br\/index.php\/wp-json\/wp\/v2\/product_tag?post=1889"}],"curies":[{"name":"wp","href":"https:\/\/api.w.org\/{rel}","templated":true}]}}