{"id":1888,"date":"2026-04-02T17:04:49","date_gmt":"2026-04-02T20:04:49","guid":{"rendered":"https:\/\/marsangomateriais.com.br\/index.php\/produto\/pendente-cristal-light-com-base-de-aco-dourado-blumenau\/"},"modified":"2026-04-17T11:17:37","modified_gmt":"2026-04-17T14:17:37","slug":"pendente-cristal-light-com-base-de-aco-dourado-blumenau","status":"publish","type":"product","link":"https:\/\/marsangomateriais.com.br\/index.php\/produto\/pendente-cristal-light-com-base-de-aco-dourado-blumenau\/","title":{"rendered":"Pendente Cristal Light Com Base de A\u00e7o Dourado &#8211; BLUMENAU"},"content":{"rendered":"<p>ESPECIFICA\u00c7\u00d5ES DO PRODUTO<\/p>\n<p>PENDENTE LIGHT \u00d88X22,3CM CRISTAL E A\u00c7O DOURADO &#8211; GERMANY BLUMENAU ILUMINA\u00c7\u00c3O 89621130<\/p>\n<p>Os pendentes s\u00e3o tend\u00eancia em projetos de ilumina\u00e7\u00e3o decorativa em todo o pa\u00eds. \u00c9 por isso que o design cl\u00e1ssico do Pendente Light \u00d88&#215;22,3cm Cristal e A\u00e7o Dourado &#8211; Germany Blumenau Ilumina\u00e7\u00e3o 89621130 foi pensado para compor a decora\u00e7\u00e3o de qualquer ambiente, seja ele residencial, comercial ou empresarial. Outro benef\u00edcio do modelo \u00e9 sua funcionalidade, que proporciona uma ilumina\u00e7\u00e3o bem distribu\u00edda por todo o espa\u00e7o, garantindo comodidade e praticidade. Sua estrutura comporta tens\u00e3o Bivolt, utilizando 1x Halopin (n\u00e3o inclusas) e soquete G9.<\/p>\n<p>Sendo pendente para cozinha, pendente para sala e pendente para quarto, geralmente as cores mais utilizadas para estes tipos de produtos s\u00e3o: pendente branco, pendente preto, pendente dourado e pendente cobre (combinado com alguns elementos como globo transparente, globo fosco e globo \u00e2mbar). Especialmente, essa op\u00e7\u00e3o \u00e9 entregue na cor Dourado.<\/p>\n<p>O produto \u00e9 perfeito para compor a decora\u00e7\u00e3o de banheiro, cozinha, quarto, sala de estar, sala de jantar, home office, hall, lavabo, varanda, closet. As dimens\u00f5es do produto s\u00e3o importantes para que voc\u00ea possa planejar a disposi\u00e7\u00e3o do objeto no espa\u00e7o. Este modelo da Germany Blumenau Ilumina\u00e7\u00e3o conta com dimens\u00f5es de: \u00d88&#215;22,3cm.<br \/>\nRefer\u00eancia: 89621130<\/p>\n","protected":false},"excerpt":{"rendered":"<p>ESPECIFICA\u00c7\u00d5ES DO PRODUTO PENDENTE LIGHT \u00d88X22,3CM CRISTAL E A\u00c7O DOURADO &#8211; GERMANY BLUMENAU ILUMINA\u00c7\u00c3O 89621130 Os pendentes s\u00e3o tend\u00eancia em projetos de ilumina\u00e7\u00e3o decorativa em todo o pa\u00eds. \u00c9 por isso que o design cl\u00e1ssico do Pendente Light \u00d88&#215;22,3cm Cristal e A\u00e7o Dourado &#8211; Germany Blumenau Ilumina\u00e7\u00e3o 89621130 foi pensado para compor a decora\u00e7\u00e3o de [&hellip;]<\/p>\n","protected":false},"featured_media":2049,"comment_status":"open","ping_status":"closed","template":"","meta":[],"product_brand":[],"product_cat":[36],"product_tag":[],"class_list":{"0":"post-1888","1":"product","2":"type-product","3":"status-publish","4":"has-post-thumbnail","6":"product_cat-materiais-eletricos","8":"first","9":"instock","10":"sale","11":"shipping-taxable","12":"purchasable","13":"product-type-simple"},"_links":{"self":[{"href":"https:\/\/marsangomateriais.com.br\/index.php\/wp-json\/wp\/v2\/product\/1888","targetHints":{"allow":["GET"]}}],"collection":[{"href":"https:\/\/marsangomateriais.com.br\/index.php\/wp-json\/wp\/v2\/product"}],"about":[{"href":"https:\/\/marsangomateriais.com.br\/index.php\/wp-json\/wp\/v2\/types\/product"}],"replies":[{"embeddable":true,"href":"https:\/\/marsangomateriais.com.br\/index.php\/wp-json\/wp\/v2\/comments?post=1888"}],"wp:featuredmedia":[{"embeddable":true,"href":"https:\/\/marsangomateriais.com.br\/index.php\/wp-json\/wp\/v2\/media\/2049"}],"wp:attachment":[{"href":"https:\/\/marsangomateriais.com.br\/index.php\/wp-json\/wp\/v2\/media?parent=1888"}],"wp:term":[{"taxonomy":"product_brand","embeddable":true,"href":"https:\/\/marsangomateriais.com.br\/index.php\/wp-json\/wp\/v2\/product_brand?post=1888"},{"taxonomy":"product_cat","embeddable":true,"href":"https:\/\/marsangomateriais.com.br\/index.php\/wp-json\/wp\/v2\/product_cat?post=1888"},{"taxonomy":"product_tag","embeddable":true,"href":"https:\/\/marsangomateriais.com.br\/index.php\/wp-json\/wp\/v2\/product_tag?post=1888"}],"curies":[{"name":"wp","href":"https:\/\/api.w.org\/{rel}","templated":true}]}}