{"id":1886,"date":"2026-04-02T17:04:48","date_gmt":"2026-04-02T20:04:48","guid":{"rendered":"https:\/\/marsangomateriais.com.br\/index.php\/produto\/chuveiro-loren-shower-eletronic-220v-7500w-lorenzetti\/"},"modified":"2026-04-06T09:59:51","modified_gmt":"2026-04-06T12:59:51","slug":"chuveiro-loren-shower-eletronic-220v-7500w-lorenzetti","status":"publish","type":"product","link":"https:\/\/marsangomateriais.com.br\/index.php\/produto\/chuveiro-loren-shower-eletronic-220v-7500w-lorenzetti\/","title":{"rendered":"CHUVEIRO LOREN SHOWER ELETRONIC 220V 7500W &#8211; LORENZETTI"},"content":{"rendered":"<p>ESPECIFICA\u00c7\u00d5ES DO PRODUTO<\/p>\n<p>Maior conforto no banho. Design moderno com linhas quadradas que combinem com o banheiro. Maior espalhador em um chuveiro el\u00e9trico. Para o modelo eletr\u00f4nico, um produto com maior controle de temperaturas e economia. Produto inovador, com pre\u00e7o acess\u00edvel.<\/p>\n<p>Fabricante: Lorenzetti<br \/>\nCertifica\u00e7\u00e3o: IPT<br \/>\nCor: Branco<br \/>\nEstilo: Moderno<br \/>\nAcabamento: Polido<br \/>\nMaterial: Pl\u00e1stico<br \/>\nFormato: Quadrado<br \/>\nTipo de fonte de energia: Energia el\u00e9trica<br \/>\nVoltagem: 220 Volts<br \/>\nEtiqueta Nacional de Efici\u00eancia Energ\u00e9tica (ENCE): F<br \/>\nForma de instala\u00e7\u00e3o: Montagem na parede<br \/>\nN\u00famero de produtos: 1<br \/>\nComponentes inclu\u00eddos: Chuveiro, mangueira, chuveirinho, suporte do chuveirinho e haste controle de temperatura.<br \/>\nFunciona a bateria ou pilha: N\u00e3o<br \/>\nPeso: 0,900 Quilogramas<br \/>\nComprimento: 47,3 cent\u00edmetros<br \/>\nLargura: 18,9 cent\u00edmetros<br \/>\nAltura: 12,6 cent\u00edmetros<br \/>\nFabricante: Lorenzetti<br \/>\nEAN: 7896451879035<br \/>\nRefer\u00eancia: 7510156<\/p>\n","protected":false},"excerpt":{"rendered":"<p>ESPECIFICA\u00c7\u00d5ES DO PRODUTO Maior conforto no banho. Design moderno com linhas quadradas que combinem com o banheiro. Maior espalhador em um chuveiro el\u00e9trico. Para o modelo eletr\u00f4nico, um produto com maior controle de temperaturas e economia. Produto inovador, com pre\u00e7o acess\u00edvel. Fabricante: Lorenzetti Certifica\u00e7\u00e3o: IPT Cor: Branco Estilo: Moderno Acabamento: Polido Material: Pl\u00e1stico Formato: Quadrado [&hellip;]<\/p>\n","protected":false},"featured_media":2021,"comment_status":"open","ping_status":"closed","template":"","meta":[],"product_brand":[],"product_cat":[36],"product_tag":[],"class_list":{"0":"post-1886","1":"product","2":"type-product","3":"status-publish","4":"has-post-thumbnail","6":"product_cat-materiais-eletricos","8":"first","9":"instock","10":"shipping-taxable","11":"purchasable","12":"product-type-simple"},"_links":{"self":[{"href":"https:\/\/marsangomateriais.com.br\/index.php\/wp-json\/wp\/v2\/product\/1886","targetHints":{"allow":["GET"]}}],"collection":[{"href":"https:\/\/marsangomateriais.com.br\/index.php\/wp-json\/wp\/v2\/product"}],"about":[{"href":"https:\/\/marsangomateriais.com.br\/index.php\/wp-json\/wp\/v2\/types\/product"}],"replies":[{"embeddable":true,"href":"https:\/\/marsangomateriais.com.br\/index.php\/wp-json\/wp\/v2\/comments?post=1886"}],"wp:featuredmedia":[{"embeddable":true,"href":"https:\/\/marsangomateriais.com.br\/index.php\/wp-json\/wp\/v2\/media\/2021"}],"wp:attachment":[{"href":"https:\/\/marsangomateriais.com.br\/index.php\/wp-json\/wp\/v2\/media?parent=1886"}],"wp:term":[{"taxonomy":"product_brand","embeddable":true,"href":"https:\/\/marsangomateriais.com.br\/index.php\/wp-json\/wp\/v2\/product_brand?post=1886"},{"taxonomy":"product_cat","embeddable":true,"href":"https:\/\/marsangomateriais.com.br\/index.php\/wp-json\/wp\/v2\/product_cat?post=1886"},{"taxonomy":"product_tag","embeddable":true,"href":"https:\/\/marsangomateriais.com.br\/index.php\/wp-json\/wp\/v2\/product_tag?post=1886"}],"curies":[{"name":"wp","href":"https:\/\/api.w.org\/{rel}","templated":true}]}}