{"id":1885,"date":"2026-04-02T17:04:47","date_gmt":"2026-04-02T20:04:47","guid":{"rendered":"https:\/\/marsangomateriais.com.br\/index.php\/produto\/chuveiro-loren-shower-eletronic-127v-5500w-lorenzetti\/"},"modified":"2026-04-17T11:20:48","modified_gmt":"2026-04-17T14:20:48","slug":"chuveiro-loren-shower-eletronic-127v-5500w-lorenzetti","status":"publish","type":"product","link":"https:\/\/marsangomateriais.com.br\/index.php\/produto\/chuveiro-loren-shower-eletronic-127v-5500w-lorenzetti\/","title":{"rendered":"Chuveiro Loren Showe Eletronic 127V 5500W &#8211; LORENZETTI"},"content":{"rendered":"<p>ESPECIFICA\u00c7\u00d5ES DO PRODUTO<\/p>\n<p>O Loren Shower Ultra possui formato quadrado, seguindo as tend\u00eancias de arquitetura. A Resist\u00eancia Loren Ultra integra o conceito tecnol\u00f3gico do produto e garante alta performance e longa dura\u00e7\u00e3o, se comparada \u00e0s resist\u00eancias comuns. Loren Shower Eletr\u00f4nico possui controle de temperatura gradual, sem a necessidade de aumentar ou diminuir a vaz\u00e3o da \u00e1gua para obter a temperatura desejada, garantindo comodidade e economia no banho.<\/p>\n<p>Marca: LORENZETTI<br \/>\nForma: Quadrado<br \/>\nTipo de acabamento: Polido<br \/>\nTipo de configura\u00e7\u00e3o: Chuva<br \/>\nTipo de instala\u00e7\u00e3o: Montagem na parede<br \/>\nTipo de instala\u00e7\u00e3o: instala\u00e7\u00e3o sem encanamento<br \/>\nCompat\u00edvel com aquecimento solar: sim<br \/>\nFaixa de press\u00e3o operacional: 10 a 400 kPa<br \/>\nGrau de prote\u00e7\u00e3o: IP24<br \/>\nFabricante: Lorenzetti<br \/>\nN\u00famero da Pe\u00e7a: 7510155<br \/>\nCertifica\u00e7\u00e3o: IPT<br \/>\nCor: Branco<br \/>\nAcabamento: Polido<br \/>\nFormato: Quadrado<br \/>\nTipo de fonte de energia: Energia el\u00e9trica<br \/>\nVoltagem: 127 Volts<br \/>\nEtiqueta Nacional de Efici\u00eancia Energ\u00e9tica (ENCE): D<br \/>\nForma de instala\u00e7\u00e3o: Montagem na parede<br \/>\nN\u00famero de produtos: 1<br \/>\nComponentes inclu\u00eddos: Chuveiro, mangueira, chuveirinho, suporte do chuveirinho e haste controle de temperatura.<br \/>\nFunciona a bateria ou pilha: N\u00e3o<br \/>\nComprimento: 47,3 cent\u00edmetros<br \/>\nLargura: 18,9 cent\u00edmetros<br \/>\nAltura: 12,7 cent\u00edmetros<br \/>\nFabricante: Lorenzetti<br \/>\nDimens\u00f5es do produto: 47,3 x 18,9 x 12,7 cm; 890 g<br \/>\nEAN: 7896451880512<br \/>\nRefer\u00eancia: 7510155<\/p>\n","protected":false},"excerpt":{"rendered":"<p>ESPECIFICA\u00c7\u00d5ES DO PRODUTO O Loren Shower Ultra possui formato quadrado, seguindo as tend\u00eancias de arquitetura. A Resist\u00eancia Loren Ultra integra o conceito tecnol\u00f3gico do produto e garante alta performance e longa dura\u00e7\u00e3o, se comparada \u00e0s resist\u00eancias comuns. Loren Shower Eletr\u00f4nico possui controle de temperatura gradual, sem a necessidade de aumentar ou diminuir a vaz\u00e3o da [&hellip;]<\/p>\n","protected":false},"featured_media":2017,"comment_status":"open","ping_status":"closed","template":"","meta":[],"product_brand":[],"product_cat":[36],"product_tag":[],"class_list":{"0":"post-1885","1":"product","2":"type-product","3":"status-publish","4":"has-post-thumbnail","6":"product_cat-materiais-eletricos","8":"first","9":"instock","10":"sale","11":"shipping-taxable","12":"purchasable","13":"product-type-simple"},"_links":{"self":[{"href":"https:\/\/marsangomateriais.com.br\/index.php\/wp-json\/wp\/v2\/product\/1885","targetHints":{"allow":["GET"]}}],"collection":[{"href":"https:\/\/marsangomateriais.com.br\/index.php\/wp-json\/wp\/v2\/product"}],"about":[{"href":"https:\/\/marsangomateriais.com.br\/index.php\/wp-json\/wp\/v2\/types\/product"}],"replies":[{"embeddable":true,"href":"https:\/\/marsangomateriais.com.br\/index.php\/wp-json\/wp\/v2\/comments?post=1885"}],"wp:featuredmedia":[{"embeddable":true,"href":"https:\/\/marsangomateriais.com.br\/index.php\/wp-json\/wp\/v2\/media\/2017"}],"wp:attachment":[{"href":"https:\/\/marsangomateriais.com.br\/index.php\/wp-json\/wp\/v2\/media?parent=1885"}],"wp:term":[{"taxonomy":"product_brand","embeddable":true,"href":"https:\/\/marsangomateriais.com.br\/index.php\/wp-json\/wp\/v2\/product_brand?post=1885"},{"taxonomy":"product_cat","embeddable":true,"href":"https:\/\/marsangomateriais.com.br\/index.php\/wp-json\/wp\/v2\/product_cat?post=1885"},{"taxonomy":"product_tag","embeddable":true,"href":"https:\/\/marsangomateriais.com.br\/index.php\/wp-json\/wp\/v2\/product_tag?post=1885"}],"curies":[{"name":"wp","href":"https:\/\/api.w.org\/{rel}","templated":true}]}}