{"id":1880,"date":"2026-04-02T17:01:05","date_gmt":"2026-04-02T20:01:05","guid":{"rendered":"https:\/\/marsangomateriais.com.br\/index.php\/produto\/ducha-eletronica-sublime-black-7500w-220v-zagonel\/"},"modified":"2026-04-06T09:57:45","modified_gmt":"2026-04-06T12:57:45","slug":"ducha-eletronica-sublime-black-7500w-220v-zagonel","status":"publish","type":"product","link":"https:\/\/marsangomateriais.com.br\/index.php\/produto\/ducha-eletronica-sublime-black-7500w-220v-zagonel\/","title":{"rendered":"DUCHA ELETR\u00d4NICA SUBLIME BLACK 7500W 220V &#8211; ZAGONEL"},"content":{"rendered":"<p>ESPECIFICA\u00c7\u00d5ES DO PRODUTO<\/p>\n<p>Ducha Eletr\u00f4nica Zagonel Sublime Black<\/p>\n<p>Sublime Black \u00e9 uma ducha de f\u00e1cil instala\u00e7\u00e3o, que somando design e tecnologia, garante funcionalidade e precis\u00e3o para o melhor banho.<br \/>\nMarca: Zagonel<br \/>\nForma: Redondo<br \/>\nTipo de configura\u00e7\u00e3o: Chuva<br \/>\nCor: Preto<br \/>\nDimens\u00f5es do produto: 50,5L x 38W cent\u00edmetros<br \/>\nVerifique a voltagem antes de comprar o produto para certificar-se de que corresponde \u00e0 da sua regi\u00e3o<br \/>\nFacilidade na instala\u00e7\u00e3o com sistema de engate r\u00e1pido<br \/>\nPraticidade na troca de temperatura<\/p>\n<p>Voltagem\/Pot\u00eancia: 220V \/ 7500W<\/p>\n<p>Voltagem\/Pot\u00eancia: 127V \/ 5500W<\/p>\n<p>Fabricado no Brasil<br \/>\nCompat\u00edvel com sistema de prote\u00e7\u00e3o DR<br \/>\nCompat\u00edvel com sistema solar e a g\u00e1s<br \/>\nSistema de prote\u00e7\u00e3o contra choque<br \/>\nQuant. furos do espalhador 72 furos \/ 0,8mm<br \/>\nDi\u00e2metro do espalhador 93mm<br \/>\nDimens\u00f5es do produto 494,4 X 112,8 X 323,8 mm<br \/>\nPress\u00e3o m\u00ednima de acionamento 10 kPa (1 m.c.a.*) *metro de coluna de \u00e1gua<br \/>\nPress\u00e3o m\u00ednima para vaz\u00e3o (3L\/min) 20 kPa (2 m.c.a.*) *metro de coluna de \u00e1gua<br \/>\nPress\u00e3o est\u00e1tica m\u00e1xima 400 kPa (40 m.c.a.*) *metro de coluna de \u00e1gua<br \/>\nC\u00e2mara de aquecimento 200ml (Armazenamento de \u00e1gua)<br \/>\nFia\u00e7\u00e3o\/Disjuntor (7.500W\/220V) 6mm \/ 40A<br \/>\nFia\u00e7\u00e3o\/Disjuntor (5.500W\/127V) 10mm \/ 50A<br \/>\nComposi\u00e7\u00e3o b\u00e1sica produto Termopl\u00e1sticos, elast\u00f4meros e ligas de cobre, ferro, zinco, n\u00edquel e prata<br \/>\nRefer\u00eancia: DSBEL75220BL03<\/p>\n","protected":false},"excerpt":{"rendered":"<p>ESPECIFICA\u00c7\u00d5ES DO PRODUTO Ducha Eletr\u00f4nica Zagonel Sublime Black Sublime Black \u00e9 uma ducha de f\u00e1cil instala\u00e7\u00e3o, que somando design e tecnologia, garante funcionalidade e precis\u00e3o para o melhor banho. Marca: Zagonel Forma: Redondo Tipo de configura\u00e7\u00e3o: Chuva Cor: Preto Dimens\u00f5es do produto: 50,5L x 38W cent\u00edmetros Verifique a voltagem antes de comprar o produto para [&hellip;]<\/p>\n","protected":false},"featured_media":2013,"comment_status":"open","ping_status":"closed","template":"","meta":[],"product_brand":[],"product_cat":[36],"product_tag":[],"class_list":{"0":"post-1880","1":"product","2":"type-product","3":"status-publish","4":"has-post-thumbnail","6":"product_cat-materiais-eletricos","8":"first","9":"instock","10":"shipping-taxable","11":"purchasable","12":"product-type-simple"},"_links":{"self":[{"href":"https:\/\/marsangomateriais.com.br\/index.php\/wp-json\/wp\/v2\/product\/1880","targetHints":{"allow":["GET"]}}],"collection":[{"href":"https:\/\/marsangomateriais.com.br\/index.php\/wp-json\/wp\/v2\/product"}],"about":[{"href":"https:\/\/marsangomateriais.com.br\/index.php\/wp-json\/wp\/v2\/types\/product"}],"replies":[{"embeddable":true,"href":"https:\/\/marsangomateriais.com.br\/index.php\/wp-json\/wp\/v2\/comments?post=1880"}],"wp:featuredmedia":[{"embeddable":true,"href":"https:\/\/marsangomateriais.com.br\/index.php\/wp-json\/wp\/v2\/media\/2013"}],"wp:attachment":[{"href":"https:\/\/marsangomateriais.com.br\/index.php\/wp-json\/wp\/v2\/media?parent=1880"}],"wp:term":[{"taxonomy":"product_brand","embeddable":true,"href":"https:\/\/marsangomateriais.com.br\/index.php\/wp-json\/wp\/v2\/product_brand?post=1880"},{"taxonomy":"product_cat","embeddable":true,"href":"https:\/\/marsangomateriais.com.br\/index.php\/wp-json\/wp\/v2\/product_cat?post=1880"},{"taxonomy":"product_tag","embeddable":true,"href":"https:\/\/marsangomateriais.com.br\/index.php\/wp-json\/wp\/v2\/product_tag?post=1880"}],"curies":[{"name":"wp","href":"https:\/\/api.w.org\/{rel}","templated":true}]}}