{"id":1879,"date":"2026-04-02T17:01:03","date_gmt":"2026-04-02T20:01:03","guid":{"rendered":"https:\/\/marsangomateriais.com.br\/index.php\/produto\/ducha-eletronica-sublime-black-5500w-127v-zagonel\/"},"modified":"2026-04-06T09:57:29","modified_gmt":"2026-04-06T12:57:29","slug":"ducha-eletronica-sublime-black-5500w-127v-zagonel","status":"publish","type":"product","link":"https:\/\/marsangomateriais.com.br\/index.php\/produto\/ducha-eletronica-sublime-black-5500w-127v-zagonel\/","title":{"rendered":"DUCHA ELETR\u00d4NICA SUBLIME BLACK 5500W 127V &#8211; ZAGONEL"},"content":{"rendered":"<p>ESPECIFICA\u00c7\u00d5ES DO PRODUTO<\/p>\n<p>Ducha Eletr\u00f4nica Zagonel Sublime Black<\/p>\n<p>Sublime Black \u00e9 uma ducha de f\u00e1cil instala\u00e7\u00e3o, que somando design e tecnologia, garante funcionalidade e precis\u00e3o para o melhor banho.<\/p>\n<p>Voltagem\/Pot\u00eancia: 220V \/ 7500W<\/p>\n<p>Voltagem\/Pot\u00eancia: 127V \/ 5500W<\/p>\n<p>Marca: Zagonel<\/p>\n<p>Forma: Redondo<\/p>\n<p>Tipo de configura\u00e7\u00e3o: Chuva<\/p>\n<p>Cor: Preto<\/p>\n<p>Dimens\u00f5es do produto: 50,5L x 38W cent\u00edmetros<\/p>\n<p>Fabricado no Brasil<\/p>\n<p>Compat\u00edvel com sistema de prote\u00e7\u00e3o DR<\/p>\n<p>Compat\u00edvel com sistema solar e a g\u00e1s<\/p>\n<p>Sistema de prote\u00e7\u00e3o contra choque<\/p>\n<p>Quant. furos do espalhador: 72 furos \/ 0,8mm<\/p>\n<p>Di\u00e2metro do espalhador: 93mm<\/p>\n<p>Dimens\u00f5es do produto: 494,4 X 112,8 X 323,8 mm<\/p>\n<p>Press\u00e3o m\u00ednima de acionamento: 10 kPa (1 m.c.a.*) *metro de coluna de \u00e1gua<\/p>\n<p>Press\u00e3o m\u00ednima para vaz\u00e3o: (3L\/min) 20 kPa (2 m.c.a.*) *metro de coluna de \u00e1gua<\/p>\n<p>Press\u00e3o est\u00e1tica m\u00e1xima: 400 kPa (40 m.c.a.*) *metro de coluna de \u00e1gua<\/p>\n<p>C\u00e2mara de aquecimento: 200ml (Armazenamento de \u00e1gua)<\/p>\n<p>Fia\u00e7\u00e3o\/Disjuntor (7.500W\/220V) 6mm \/ 40A<\/p>\n<p>Fia\u00e7\u00e3o\/Disjuntor (5.500W\/127V) 10mm \/ 50A<\/p>\n<p>Composi\u00e7\u00e3o b\u00e1sica produto Termopl\u00e1sticos, elast\u00f4meros e ligas de cobre, ferro, zinco, n\u00edquel e prata<br \/>\nRefer\u00eancia: DSBEL55127BL03<\/p>\n","protected":false},"excerpt":{"rendered":"<p>ESPECIFICA\u00c7\u00d5ES DO PRODUTO Ducha Eletr\u00f4nica Zagonel Sublime Black Sublime Black \u00e9 uma ducha de f\u00e1cil instala\u00e7\u00e3o, que somando design e tecnologia, garante funcionalidade e precis\u00e3o para o melhor banho. Voltagem\/Pot\u00eancia: 220V \/ 7500W Voltagem\/Pot\u00eancia: 127V \/ 5500W Marca: Zagonel Forma: Redondo Tipo de configura\u00e7\u00e3o: Chuva Cor: Preto Dimens\u00f5es do produto: 50,5L x 38W cent\u00edmetros Fabricado [&hellip;]<\/p>\n","protected":false},"featured_media":2013,"comment_status":"open","ping_status":"closed","template":"","meta":[],"product_brand":[],"product_cat":[36],"product_tag":[],"class_list":{"0":"post-1879","1":"product","2":"type-product","3":"status-publish","4":"has-post-thumbnail","6":"product_cat-materiais-eletricos","8":"first","9":"instock","10":"shipping-taxable","11":"purchasable","12":"product-type-simple"},"_links":{"self":[{"href":"https:\/\/marsangomateriais.com.br\/index.php\/wp-json\/wp\/v2\/product\/1879","targetHints":{"allow":["GET"]}}],"collection":[{"href":"https:\/\/marsangomateriais.com.br\/index.php\/wp-json\/wp\/v2\/product"}],"about":[{"href":"https:\/\/marsangomateriais.com.br\/index.php\/wp-json\/wp\/v2\/types\/product"}],"replies":[{"embeddable":true,"href":"https:\/\/marsangomateriais.com.br\/index.php\/wp-json\/wp\/v2\/comments?post=1879"}],"wp:featuredmedia":[{"embeddable":true,"href":"https:\/\/marsangomateriais.com.br\/index.php\/wp-json\/wp\/v2\/media\/2013"}],"wp:attachment":[{"href":"https:\/\/marsangomateriais.com.br\/index.php\/wp-json\/wp\/v2\/media?parent=1879"}],"wp:term":[{"taxonomy":"product_brand","embeddable":true,"href":"https:\/\/marsangomateriais.com.br\/index.php\/wp-json\/wp\/v2\/product_brand?post=1879"},{"taxonomy":"product_cat","embeddable":true,"href":"https:\/\/marsangomateriais.com.br\/index.php\/wp-json\/wp\/v2\/product_cat?post=1879"},{"taxonomy":"product_tag","embeddable":true,"href":"https:\/\/marsangomateriais.com.br\/index.php\/wp-json\/wp\/v2\/product_tag?post=1879"}],"curies":[{"name":"wp","href":"https:\/\/api.w.org\/{rel}","templated":true}]}}