{"id":1878,"date":"2026-04-02T17:01:02","date_gmt":"2026-04-02T20:01:02","guid":{"rendered":"https:\/\/marsangomateriais.com.br\/index.php\/produto\/ducha-ducali-eletronica-branco-7500w-220v-zagonel\/"},"modified":"2026-04-13T08:26:42","modified_gmt":"2026-04-13T11:26:42","slug":"ducha-ducali-eletronica-branco-7500w-220v-zagonel","status":"publish","type":"product","link":"https:\/\/marsangomateriais.com.br\/index.php\/produto\/ducha-ducali-eletronica-branco-7500w-220v-zagonel\/","title":{"rendered":"DUCHA DUCALI ELETR\u00d4NICA BRANCO 7500W 220V &#8211; ZAGONEL"},"content":{"rendered":"<p>ESPECIFICA\u00c7\u00d5ES DO PRODUTO<\/p>\n<p>DUCHA DUCALI ELETR\u00d4NICA BRANCO 7500W 220V ? ZAGONEL<\/p>\n<p>A Ducha Ducali recebeu esse nome em refer\u00eancia ao pal\u00e1cio Ducal, uma obra-prima arquitet\u00f4nica, situado em Veneza, cidade famosa pelos seus canais e cenas culturais. Aliando tecnologia de ponta, com design, pesquisa e desenvolvimento, o resultado \u00e9 uma ducha que proporciona uma experi\u00eancia \u00fanica de banho, com um grande espalhador, o que permite uma excelente vaz\u00e3o de \u00e1gua. Sistema microprocessado de ajuste de temperatura progressiva que fornece a temperatura ideal, garantindo o conforto e a praticidade que voc\u00ea merece.<\/p>\n<p>Marca: Zagonel<br \/>\nTipo de configura\u00e7\u00e3o: Chuva<br \/>\nCor: Branco<br \/>\nDimens\u00f5es do produto: 47,6L x 26,5W cent\u00edmetros<br \/>\nDucha Eletr\u00f4nica: Regulagem a Dist\u00e2ncia<br \/>\nPot\u00eancia: 7.500w<br \/>\nAcionamento em baixa press\u00e3o de \u00e1gua 1 M.C.A.<br \/>\nGarantia: 12 meses pelo fabricante Zagonel<\/p>\n<p>Voltagem\/Pot\u00eancia: 220V \/ 7500W<\/p>\n<p>Fabricado no Brasil<\/p>\n<p>Compat\u00edvel com sistema de prote\u00e7\u00e3o DR<\/p>\n<p>Compat\u00edvel com sistema solar e a g\u00e1s<\/p>\n<p>Sistema de prote\u00e7\u00e3o contra choque<\/p>\n<p>Quant. furos do espalhador 76 furos \/ 0,9mm<\/p>\n<p>Di\u00e2metro do espalhador 210 X 130mm<\/p>\n<p>Dimens\u00f5es do produto 476 X 265 X 458 mm<\/p>\n<p>Press\u00e3o m\u00ednima de acionamento 10 kPa (1 m.c.a.*) *metro de coluna de \u00e1gua<\/p>\n<p>Press\u00e3o m\u00ednima para vaz\u00e3o (3L\/min) 10 kPa (1 m.c.a.*) *metro de coluna de \u00e1gua<\/p>\n<p>Press\u00e3o est\u00e1tica m\u00e1xima 400 kPa (40 m.c.a.*) *metro de coluna de \u00e1gua<\/p>\n<p>C\u00e2mara de aquecimento 350ml (Armazenamento de \u00e1gua)<\/p>\n<p>Fia\u00e7\u00e3o\/Disjuntor (7.500W\/220V) 6mm \/ 40A<br \/>\nFia\u00e7\u00e3o\/Disjuntor (5.500W\/127V) 10mm \/ 50A<br \/>\nComposi\u00e7\u00e3o b\u00e1sica produto Termopl\u00e1sticos, elast\u00f4meros e ligas de cobre, ferro, zinco, niquel e prata<br \/>\nRefer\u00eancia: DDCEL75220BR03<\/p>\n","protected":false},"excerpt":{"rendered":"<p>ESPECIFICA\u00c7\u00d5ES DO PRODUTO DUCHA DUCALI ELETR\u00d4NICA BRANCO 7500W 220V ? ZAGONEL A Ducha Ducali recebeu esse nome em refer\u00eancia ao pal\u00e1cio Ducal, uma obra-prima arquitet\u00f4nica, situado em Veneza, cidade famosa pelos seus canais e cenas culturais. Aliando tecnologia de ponta, com design, pesquisa e desenvolvimento, o resultado \u00e9 uma ducha que proporciona uma experi\u00eancia \u00fanica [&hellip;]<\/p>\n","protected":false},"featured_media":2010,"comment_status":"open","ping_status":"closed","template":"","meta":[],"product_brand":[],"product_cat":[36],"product_tag":[],"class_list":{"0":"post-1878","1":"product","2":"type-product","3":"status-publish","4":"has-post-thumbnail","6":"product_cat-materiais-eletricos","8":"first","9":"instock","10":"sale","11":"shipping-taxable","12":"purchasable","13":"product-type-simple"},"_links":{"self":[{"href":"https:\/\/marsangomateriais.com.br\/index.php\/wp-json\/wp\/v2\/product\/1878","targetHints":{"allow":["GET"]}}],"collection":[{"href":"https:\/\/marsangomateriais.com.br\/index.php\/wp-json\/wp\/v2\/product"}],"about":[{"href":"https:\/\/marsangomateriais.com.br\/index.php\/wp-json\/wp\/v2\/types\/product"}],"replies":[{"embeddable":true,"href":"https:\/\/marsangomateriais.com.br\/index.php\/wp-json\/wp\/v2\/comments?post=1878"}],"wp:featuredmedia":[{"embeddable":true,"href":"https:\/\/marsangomateriais.com.br\/index.php\/wp-json\/wp\/v2\/media\/2010"}],"wp:attachment":[{"href":"https:\/\/marsangomateriais.com.br\/index.php\/wp-json\/wp\/v2\/media?parent=1878"}],"wp:term":[{"taxonomy":"product_brand","embeddable":true,"href":"https:\/\/marsangomateriais.com.br\/index.php\/wp-json\/wp\/v2\/product_brand?post=1878"},{"taxonomy":"product_cat","embeddable":true,"href":"https:\/\/marsangomateriais.com.br\/index.php\/wp-json\/wp\/v2\/product_cat?post=1878"},{"taxonomy":"product_tag","embeddable":true,"href":"https:\/\/marsangomateriais.com.br\/index.php\/wp-json\/wp\/v2\/product_tag?post=1878"}],"curies":[{"name":"wp","href":"https:\/\/api.w.org\/{rel}","templated":true}]}}