{"id":1872,"date":"2026-04-02T16:54:50","date_gmt":"2026-04-02T19:54:50","guid":{"rendered":"https:\/\/marsangomateriais.com.br\/index.php\/produto\/torneira-luna-4-temperaturas-branco-127v-zagonel\/"},"modified":"2026-04-06T09:54:50","modified_gmt":"2026-04-06T12:54:50","slug":"torneira-luna-4-temperaturas-branco-127v-zagonel","status":"publish","type":"product","link":"https:\/\/marsangomateriais.com.br\/index.php\/produto\/torneira-luna-4-temperaturas-branco-127v-zagonel\/","title":{"rendered":"TORNEIRA LUNA 4 TEMPERATURAS BRANCO 127V &#8211; ZAGONEL"},"content":{"rendered":"<p>ESPECIFICA\u00c7\u00d5ES DO PRODUTO<\/p>\n<p>TORNEIRA lUNA<\/p>\n<p>A Torneira Luna recebe este nome inspirada na Lua e sua influ\u00eancia sobre o movimento das mar\u00e9s.<br \/>\nApresenta em seu design, linhas org\u00e2nicas que remetem ao movimento e a fluidez das \u00e1guas, al\u00e9m de ter em seu seletor de temperatura a representa\u00e7\u00e3o das fases da lua.<br \/>\nTecnologia, efici\u00eancia, conforto e design s\u00e3o os quatros pilares fundamentais presentes na torneira Luna. Al\u00e9m de eleg\u00e2ncia e estilo, ela traz conforto e praticidade com excelente vaz\u00e3o de \u00e1gua e ajuste de temperatura para todas as esta\u00e7\u00f5es do ano.<\/p>\n<p>*As medidas e peso correspodem ao produto dentro da embalagem, mais informa\u00e7\u00f5es entre em contato com nossa equipe de vendas da Marsango<\/p>\n<p>4 temperaturas.<br \/>\nF\u00e1cil troca de resist\u00eancia.<br \/>\nRegistro de 1\/4 de volta, com pastilha cer\u00e2mica. Bica girat\u00f3ria 360\u00b0.<br \/>\nAcionamento com baixa press\u00e3o d \u00e1gua (1,5 m.c.a.).<br \/>\nEconomia de \u00e1gua e detergente, f\u00e1cil remo\u00e7\u00e3o de gordura.<br \/>\nInstala\u00e7\u00e3o em parede. Arejador anti-respingo.<br \/>\nInstala\u00e7\u00e3o em parede.<br \/>\n12 meses garantia.<br \/>\nResist\u00eancia com 3 meses garantia.<br \/>\nSistema de prote\u00e7\u00e3o contra choque.<br \/>\nCompat\u00edvel com sistema de prote\u00e7\u00e3o DR.<br \/>\nCompat\u00edvel com sistema solar e a g\u00e1s.<br \/>\nFabricado no Brasil.<br \/>\nRefer\u00eancia: TLU4T55127BR03<\/p>\n","protected":false},"excerpt":{"rendered":"<p>ESPECIFICA\u00c7\u00d5ES DO PRODUTO TORNEIRA lUNA A Torneira Luna recebe este nome inspirada na Lua e sua influ\u00eancia sobre o movimento das mar\u00e9s. Apresenta em seu design, linhas org\u00e2nicas que remetem ao movimento e a fluidez das \u00e1guas, al\u00e9m de ter em seu seletor de temperatura a representa\u00e7\u00e3o das fases da lua. Tecnologia, efici\u00eancia, conforto e [&hellip;]<\/p>\n","protected":false},"featured_media":2002,"comment_status":"open","ping_status":"closed","template":"","meta":[],"product_brand":[],"product_cat":[36],"product_tag":[],"class_list":{"0":"post-1872","1":"product","2":"type-product","3":"status-publish","4":"has-post-thumbnail","6":"product_cat-materiais-eletricos","8":"first","9":"instock","10":"shipping-taxable","11":"purchasable","12":"product-type-simple"},"_links":{"self":[{"href":"https:\/\/marsangomateriais.com.br\/index.php\/wp-json\/wp\/v2\/product\/1872","targetHints":{"allow":["GET"]}}],"collection":[{"href":"https:\/\/marsangomateriais.com.br\/index.php\/wp-json\/wp\/v2\/product"}],"about":[{"href":"https:\/\/marsangomateriais.com.br\/index.php\/wp-json\/wp\/v2\/types\/product"}],"replies":[{"embeddable":true,"href":"https:\/\/marsangomateriais.com.br\/index.php\/wp-json\/wp\/v2\/comments?post=1872"}],"wp:featuredmedia":[{"embeddable":true,"href":"https:\/\/marsangomateriais.com.br\/index.php\/wp-json\/wp\/v2\/media\/2002"}],"wp:attachment":[{"href":"https:\/\/marsangomateriais.com.br\/index.php\/wp-json\/wp\/v2\/media?parent=1872"}],"wp:term":[{"taxonomy":"product_brand","embeddable":true,"href":"https:\/\/marsangomateriais.com.br\/index.php\/wp-json\/wp\/v2\/product_brand?post=1872"},{"taxonomy":"product_cat","embeddable":true,"href":"https:\/\/marsangomateriais.com.br\/index.php\/wp-json\/wp\/v2\/product_cat?post=1872"},{"taxonomy":"product_tag","embeddable":true,"href":"https:\/\/marsangomateriais.com.br\/index.php\/wp-json\/wp\/v2\/product_tag?post=1872"}],"curies":[{"name":"wp","href":"https:\/\/api.w.org\/{rel}","templated":true}]}}