{"id":1871,"date":"2026-04-02T16:54:49","date_gmt":"2026-04-02T19:54:49","guid":{"rendered":"https:\/\/marsangomateriais.com.br\/index.php\/produto\/ducha-ducali-eletronica-7500w-220v-black-zagonel\/"},"modified":"2026-04-17T11:24:47","modified_gmt":"2026-04-17T14:24:47","slug":"ducha-ducali-eletronica-7500w-220v-black-zagonel","status":"publish","type":"product","link":"https:\/\/marsangomateriais.com.br\/index.php\/produto\/ducha-ducali-eletronica-7500w-220v-black-zagonel\/","title":{"rendered":"Ducha Ducali Eletr\u00f4nica 7500W 220V Black &#8211; ZAGONEL"},"content":{"rendered":"<p>ESPECIFICA\u00c7\u00d5ES DO PRODUTO<\/p>\n<p>DUCHA DUCALI ELETRONICA 7500W 220V BLACK CX.PR -ZAGONEL<\/p>\n<p>Uma grande experi\u00eancia de banho. Com uma nova concep\u00e7\u00e3o de design, a ducha Ducali te proporcionar\u00e1 um banho confort\u00e1vel de ombro \u00e0 ombro, com a sensa\u00e7\u00e3o de estar embaixo de uma cachoeira. S\u00e3o in\u00fameros atributos que se sobressaem no mercado, juntando custo e benef\u00edcio.<br \/>\nDucha Eletr\u00f4nica Zagonel Ducali Black<br \/>\nA Ducha Ducali Black recebeu esse nome em refer\u00eancia ao pal\u00e1cio Ducal, uma obra-prima arquitet\u00f4nica, situado em Veneza, cidade famosa pelos seus canais e cenas culturais. Aliando tecnologia de ponta, com design, pesquisa e desenvolvimento, o resultado \u00e9 uma ducha que proporciona uma experi\u00eancia \u00fanica de banho, com um grande espalhador, o que permite uma excelente vaz\u00e3o de \u00e1gua. Sistema microprocessado de ajuste de temperatura progressiva que fornece a temperatura ideal, garantindo o conforto e a praticidade que voc\u00ea merece.<\/p>\n<p>Cor: Preto<br \/>\nMarca: Zagonel<br \/>\nTipo de configura\u00e7\u00e3o: Massagem<br \/>\nCor: Preto<br \/>\nDimens\u00f5es do produto: 56L x 47W cent\u00edmetros<br \/>\nEfici\u00eancia D, 95%<br \/>\nDucha Eletr\u00f4nica<br \/>\nRegulagem a Dist\u00e2ncia<br \/>\nPot\u00eancia: 5.500w<br \/>\nAcionamento em baixa press\u00e3o de \u00e1gua 1 M.C.A.<br \/>\nGarantia: 12 meses pelo fabricante Zagonel<br \/>\nVoltagem\/Pot\u00eancia: 220V \/ 7500W<br \/>\nFabricado no Brasil<br \/>\nCompat\u00edvel com sistema de prote\u00e7\u00e3o DR<br \/>\nCompat\u00edvel com sistema solar e a g\u00e1s<br \/>\nSistema de prote\u00e7\u00e3o contra choque<br \/>\nQuant. furos do espalhador 76 furos \/ 0,9mm<br \/>\nDi\u00e2metro do espalhador 210 X 130mm<br \/>\nDimens\u00f5es do produto 476 X 265 X 458 mm<br \/>\nPress\u00e3o m\u00ednima de acionamento 10 kPa (1 m.c.a.*) *metro de coluna de \u00e1gua<br \/>\nPress\u00e3o m\u00ednima para vaz\u00e3o (3L\/min) 10 kPa (1 m.c.a.*) *metro de coluna de \u00e1gua<br \/>\nPress\u00e3o est\u00e1tica m\u00e1xima 400 kPa (40 m.c.a.*) *metro de coluna de \u00e1gua<br \/>\nC\u00e2mara de aquecimento 350ml (Armazenamento de \u00e1gua)<br \/>\nFia\u00e7\u00e3o\/Disjuntor (7.500W\/220V) 6mm \/ 40A<br \/>\nFia\u00e7\u00e3o\/Disjuntor (5.500W\/127V) 10mm \/ 50A<br \/>\nComposi\u00e7\u00e3o b\u00e1sica produto Termopl\u00e1sticos, elast\u00f4meros e ligas de cobre, ferro, zinco, n\u00edquel e prata<br \/>\nRefer\u00eancia: DDCEL75220BL03<\/p>\n","protected":false},"excerpt":{"rendered":"<p>ESPECIFICA\u00c7\u00d5ES DO PRODUTO DUCHA DUCALI ELETRONICA 7500W 220V BLACK CX.PR -ZAGONEL Uma grande experi\u00eancia de banho. Com uma nova concep\u00e7\u00e3o de design, a ducha Ducali te proporcionar\u00e1 um banho confort\u00e1vel de ombro \u00e0 ombro, com a sensa\u00e7\u00e3o de estar embaixo de uma cachoeira. S\u00e3o in\u00fameros atributos que se sobressaem no mercado, juntando custo e benef\u00edcio. [&hellip;]<\/p>\n","protected":false},"featured_media":1999,"comment_status":"open","ping_status":"closed","template":"","meta":[],"product_brand":[],"product_cat":[36],"product_tag":[],"class_list":{"0":"post-1871","1":"product","2":"type-product","3":"status-publish","4":"has-post-thumbnail","6":"product_cat-materiais-eletricos","8":"first","9":"instock","10":"sale","11":"shipping-taxable","12":"purchasable","13":"product-type-simple"},"_links":{"self":[{"href":"https:\/\/marsangomateriais.com.br\/index.php\/wp-json\/wp\/v2\/product\/1871","targetHints":{"allow":["GET"]}}],"collection":[{"href":"https:\/\/marsangomateriais.com.br\/index.php\/wp-json\/wp\/v2\/product"}],"about":[{"href":"https:\/\/marsangomateriais.com.br\/index.php\/wp-json\/wp\/v2\/types\/product"}],"replies":[{"embeddable":true,"href":"https:\/\/marsangomateriais.com.br\/index.php\/wp-json\/wp\/v2\/comments?post=1871"}],"wp:featuredmedia":[{"embeddable":true,"href":"https:\/\/marsangomateriais.com.br\/index.php\/wp-json\/wp\/v2\/media\/1999"}],"wp:attachment":[{"href":"https:\/\/marsangomateriais.com.br\/index.php\/wp-json\/wp\/v2\/media?parent=1871"}],"wp:term":[{"taxonomy":"product_brand","embeddable":true,"href":"https:\/\/marsangomateriais.com.br\/index.php\/wp-json\/wp\/v2\/product_brand?post=1871"},{"taxonomy":"product_cat","embeddable":true,"href":"https:\/\/marsangomateriais.com.br\/index.php\/wp-json\/wp\/v2\/product_cat?post=1871"},{"taxonomy":"product_tag","embeddable":true,"href":"https:\/\/marsangomateriais.com.br\/index.php\/wp-json\/wp\/v2\/product_tag?post=1871"}],"curies":[{"name":"wp","href":"https:\/\/api.w.org\/{rel}","templated":true}]}}