{"id":1869,"date":"2026-04-02T16:54:47","date_gmt":"2026-04-02T19:54:47","guid":{"rendered":"https:\/\/marsangomateriais.com.br\/index.php\/produto\/bomba-submersa-bsl-800-220v-lorenzetti\/"},"modified":"2026-04-17T11:25:45","modified_gmt":"2026-04-17T14:25:45","slug":"bomba-submersa-bsl-800-220v-lorenzetti","status":"publish","type":"product","link":"https:\/\/marsangomateriais.com.br\/index.php\/produto\/bomba-submersa-bsl-800-220v-lorenzetti\/","title":{"rendered":"Bomba Submersa BSL-800 220V    LORENZETTI"},"content":{"rendered":"<p>ESPECIFICA\u00c7\u00d5ES DO PRODUTO<\/p>\n<p>Bomba Submersa Vibrat\u00f3ria BSL-800 Lorenzetti<\/p>\n<p>Aplica\u00e7\u00f5es:<br \/>\n&#8211; Abastecimento Dom\u00e9stico<br \/>\n&#8211; Jardinagem e pequenas irriga\u00e7\u00f5es<br \/>\n&#8211; Transfer\u00eancia de \u00e1gua limpa de po\u00e7os, cisternas e reservat\u00f3rios subterr\u00e2neos<br \/>\nInforma\u00e7\u00f5es t\u00e9cnicas:<br \/>\n&#8211; Submers\u00e3o m\u00e1xima: 20 metros<br \/>\n&#8211; Altura\/press\u00e3o m\u00e1xima: 70 metros<br \/>\n&#8211; Vaz\u00e3o m\u00e1xima: 1970 L\/h<br \/>\n&#8211; Temperatura m\u00e1xima da \u00e1gua: 35\u00baC<br \/>\n&#8211; Frequ\u00eancia: 60Hz<br \/>\n&#8211; Pot\u00eancia: 360w<br \/>\n&#8211; Classe de Isola\u00e7\u00e3o: F<br \/>\n&#8211; Corrente El\u00e9trica: 6,6A<br \/>\n&#8211; Conex\u00e3o de Sa\u00edda: 3\/4&#8243;<br \/>\n&#8211; Di\u00e2metro do po\u00e7o: &gt;8&#8243;<br \/>\n&#8211; Peso 5,4 Kg<br \/>\n&#8211; Altura: 295mm<br \/>\n&#8211; Di\u00e2metro: 177mm<br \/>\n&#8211; Corpo em alum\u00ednio<br \/>\n&#8211; Parafusos em a\u00e7o inox<br \/>\nRefer\u00eancia: 7413015<\/p>\n","protected":false},"excerpt":{"rendered":"<p>ESPECIFICA\u00c7\u00d5ES DO PRODUTO Bomba Submersa Vibrat\u00f3ria BSL-800 Lorenzetti Aplica\u00e7\u00f5es: &#8211; Abastecimento Dom\u00e9stico &#8211; Jardinagem e pequenas irriga\u00e7\u00f5es &#8211; Transfer\u00eancia de \u00e1gua limpa de po\u00e7os, cisternas e reservat\u00f3rios subterr\u00e2neos Informa\u00e7\u00f5es t\u00e9cnicas: &#8211; Submers\u00e3o m\u00e1xima: 20 metros &#8211; Altura\/press\u00e3o m\u00e1xima: 70 metros &#8211; Vaz\u00e3o m\u00e1xima: 1970 L\/h &#8211; Temperatura m\u00e1xima da \u00e1gua: 35\u00baC &#8211; Frequ\u00eancia: 60Hz &#8211; [&hellip;]<\/p>\n","protected":false},"featured_media":1994,"comment_status":"open","ping_status":"closed","template":"","meta":[],"product_brand":[],"product_cat":[36],"product_tag":[],"class_list":{"0":"post-1869","1":"product","2":"type-product","3":"status-publish","4":"has-post-thumbnail","6":"product_cat-materiais-eletricos","8":"first","9":"instock","10":"sale","11":"shipping-taxable","12":"purchasable","13":"product-type-simple"},"_links":{"self":[{"href":"https:\/\/marsangomateriais.com.br\/index.php\/wp-json\/wp\/v2\/product\/1869","targetHints":{"allow":["GET"]}}],"collection":[{"href":"https:\/\/marsangomateriais.com.br\/index.php\/wp-json\/wp\/v2\/product"}],"about":[{"href":"https:\/\/marsangomateriais.com.br\/index.php\/wp-json\/wp\/v2\/types\/product"}],"replies":[{"embeddable":true,"href":"https:\/\/marsangomateriais.com.br\/index.php\/wp-json\/wp\/v2\/comments?post=1869"}],"wp:featuredmedia":[{"embeddable":true,"href":"https:\/\/marsangomateriais.com.br\/index.php\/wp-json\/wp\/v2\/media\/1994"}],"wp:attachment":[{"href":"https:\/\/marsangomateriais.com.br\/index.php\/wp-json\/wp\/v2\/media?parent=1869"}],"wp:term":[{"taxonomy":"product_brand","embeddable":true,"href":"https:\/\/marsangomateriais.com.br\/index.php\/wp-json\/wp\/v2\/product_brand?post=1869"},{"taxonomy":"product_cat","embeddable":true,"href":"https:\/\/marsangomateriais.com.br\/index.php\/wp-json\/wp\/v2\/product_cat?post=1869"},{"taxonomy":"product_tag","embeddable":true,"href":"https:\/\/marsangomateriais.com.br\/index.php\/wp-json\/wp\/v2\/product_tag?post=1869"}],"curies":[{"name":"wp","href":"https:\/\/api.w.org\/{rel}","templated":true}]}}