{"id":1868,"date":"2026-04-02T16:54:46","date_gmt":"2026-04-02T19:54:46","guid":{"rendered":"https:\/\/marsangomateriais.com.br\/index.php\/produto\/bomba-submersa-bsl-800-127v-lorenzetti\/"},"modified":"2026-04-06T09:53:43","modified_gmt":"2026-04-06T12:53:43","slug":"bomba-submersa-bsl-800-127v-lorenzetti","status":"publish","type":"product","link":"https:\/\/marsangomateriais.com.br\/index.php\/produto\/bomba-submersa-bsl-800-127v-lorenzetti\/","title":{"rendered":"BOMBA SUBMERSA BSL-800 127V   LORENZETTI"},"content":{"rendered":"<p>ESPECIFICA\u00c7\u00d5ES DO PRODUTO<\/p>\n<p>Bomba Submersa Bsl-800 127v Lorenzetti Lorenzetti Bomba Submersa Bsl-800 127v Lorenzetti Alum\u00ednio<br \/>\nDetalhes t\u00e9cnicos N\u00famero da pe\u00e7a 7413014 Cor Alum\u00ednio Material Alum\u00ednio, parafusos em a\u00e7o inox Voltagem 110 volts Forma de instala\u00e7\u00e3o El\u00e9trica e Hidr\u00e1ulica Uso Abastecimento dom\u00e9stico, Jardinagem e pequenas irriga\u00e7\u00f5es, Transfer\u00eancia de \u00e1gua limpa de po\u00e7os, cisternas e reservat\u00f3rios subterr\u00e2neos. Componentes inclusos 01 Bomba submersa BSL-800, 01 Kit Instala\u00e7\u00e3o(03 parafusos, 03 abra\u00e7adeiras e 01 curva suporte), 01 manual para instala\u00e7\u00e3o. Peso 4.54 g Comprimento 17.7 cent\u00edmetros Largura 17.7 cent\u00edmetros Altura 29.5 cent\u00edmetros Informa\u00e7\u00f5es adicionais Dimens\u00f5es do pacote 31 x 18,4 x 16 cm Dimens\u00f5es do produto 17,7 x 17,7 x 29,5 cm ; 4,54 g Peso do envio 4,5 g.<br \/>\nRefer\u00eancia: 7413014<\/p>\n","protected":false},"excerpt":{"rendered":"<p>ESPECIFICA\u00c7\u00d5ES DO PRODUTO Bomba Submersa Bsl-800 127v Lorenzetti Lorenzetti Bomba Submersa Bsl-800 127v Lorenzetti Alum\u00ednio Detalhes t\u00e9cnicos N\u00famero da pe\u00e7a 7413014 Cor Alum\u00ednio Material Alum\u00ednio, parafusos em a\u00e7o inox Voltagem 110 volts Forma de instala\u00e7\u00e3o El\u00e9trica e Hidr\u00e1ulica Uso Abastecimento dom\u00e9stico, Jardinagem e pequenas irriga\u00e7\u00f5es, Transfer\u00eancia de \u00e1gua limpa de po\u00e7os, cisternas e reservat\u00f3rios subterr\u00e2neos. [&hellip;]<\/p>\n","protected":false},"featured_media":1994,"comment_status":"open","ping_status":"closed","template":"","meta":[],"product_brand":[],"product_cat":[36],"product_tag":[],"class_list":{"0":"post-1868","1":"product","2":"type-product","3":"status-publish","4":"has-post-thumbnail","6":"product_cat-materiais-eletricos","8":"first","9":"instock","10":"shipping-taxable","11":"purchasable","12":"product-type-simple"},"_links":{"self":[{"href":"https:\/\/marsangomateriais.com.br\/index.php\/wp-json\/wp\/v2\/product\/1868","targetHints":{"allow":["GET"]}}],"collection":[{"href":"https:\/\/marsangomateriais.com.br\/index.php\/wp-json\/wp\/v2\/product"}],"about":[{"href":"https:\/\/marsangomateriais.com.br\/index.php\/wp-json\/wp\/v2\/types\/product"}],"replies":[{"embeddable":true,"href":"https:\/\/marsangomateriais.com.br\/index.php\/wp-json\/wp\/v2\/comments?post=1868"}],"wp:featuredmedia":[{"embeddable":true,"href":"https:\/\/marsangomateriais.com.br\/index.php\/wp-json\/wp\/v2\/media\/1994"}],"wp:attachment":[{"href":"https:\/\/marsangomateriais.com.br\/index.php\/wp-json\/wp\/v2\/media?parent=1868"}],"wp:term":[{"taxonomy":"product_brand","embeddable":true,"href":"https:\/\/marsangomateriais.com.br\/index.php\/wp-json\/wp\/v2\/product_brand?post=1868"},{"taxonomy":"product_cat","embeddable":true,"href":"https:\/\/marsangomateriais.com.br\/index.php\/wp-json\/wp\/v2\/product_cat?post=1868"},{"taxonomy":"product_tag","embeddable":true,"href":"https:\/\/marsangomateriais.com.br\/index.php\/wp-json\/wp\/v2\/product_tag?post=1868"}],"curies":[{"name":"wp","href":"https:\/\/api.w.org\/{rel}","templated":true}]}}