{"id":1865,"date":"2026-04-02T16:54:44","date_gmt":"2026-04-02T19:54:44","guid":{"rendered":"https:\/\/marsangomateriais.com.br\/index.php\/produto\/chuveiro-acqua-preto-cromado-220v-lorenzetti\/"},"modified":"2026-04-06T09:51:31","modified_gmt":"2026-04-06T12:51:31","slug":"chuveiro-acqua-preto-cromado-220v-lorenzetti","status":"publish","type":"product","link":"https:\/\/marsangomateriais.com.br\/index.php\/produto\/chuveiro-acqua-preto-cromado-220v-lorenzetti\/","title":{"rendered":"CHUVEIRO ACQUA PRETO CROMADO 220V &#8211; LORENZETTI"},"content":{"rendered":"<p>ESPECIFICA\u00c7\u00d5ES DO PRODUTO<\/p>\n<p>Chuveiro Acqua Duo Bk\/cr 220\/7800 Lorenzetti<\/p>\n<p>Economia de \u00e1gua e energia, f\u00e1cil instala\u00e7\u00e3o, design moderno, sem fia\u00e7\u00e3o aparente, sem necessidade de instalar cano.<br \/>\nO chuveiro el\u00e9trico Lorenzetti \u00e9 perfeito para quem busca um banho cheio de conforto e bem-estar, conta com jatos de \u00e1gua lineares e prazeroso durante o banho. Acompanhando as tend\u00eancias mundiais de arquitetura e design, a linha apresenta acabamento moderno e inovador com design compacto, ultrafino, seu espalhador moderno valoriza o design do chuveiro, proporcionando um banho vigoroso aliado a bom gosto e funcionalidade. Produto que garante alta performance e longa dura\u00e7\u00e3o. A ducha \u00e9 compat\u00edvel com aquecedores solares, ampliando assim a sua utiliza\u00e7\u00e3o.<\/p>\n<p>Caracter\u00edsticas T\u00e9cnicas<br \/>\n? Tecnologia Press Plus: Jatos de alta performance mesmo com baixa press\u00e3o.<br \/>\nComando eletr\u00f4nico: Permite a escolha gradual e precisa da temperatura.<br \/>\nSeletor para escolha do jato: chuveiro ou ducha.<br \/>\nHaste de comando: controle de temperaturas ou sele\u00e7\u00e3o do tipo de jato ao alcance das m\u00e3os (uso opcional).<br \/>\nJato multidirecional: \u00e1gua na dire\u00e7\u00e3o desejada.<br \/>\nResist\u00eancia de troca r\u00e1pida Loren Ultra: exclusivo cartucho que garante uma troca r\u00e1pida e segura.<br \/>\n? Material: Ligas met\u00e1licas e termopl\u00e1stico<br \/>\n? Cor: Preto<br \/>\n? Embalagem: Caixa<br \/>\n? Acabamento: Cromado<br \/>\n? Tonalidade: Preto<br \/>\n? Tipo de Chuveiro: Eletr\u00f4nico<br \/>\n? Formato: Quadrado<br \/>\n? Pot\u00eancia: 7800W<br \/>\n? Acompanha Kit de Instala\u00e7\u00e3o: Acompanha kit de instala\u00e7\u00e3o<br \/>\n? Acompanha Chuveirinho: Acompanha chuveirinho<br \/>\n? Controle de Temperatura: Eletr\u00f4nico<br \/>\n? Quantidade de Temperaturas: Gradual<br \/>\n? Marca: Lorenzetti<\/p>\n<p>Dimens\u00f5es<br \/>\n? Altura: 26.1cm<br \/>\n? Comprimento: 52cm<br \/>\n? Largura: 21cm<br \/>\n? Peso: 2200g<\/p>\n","protected":false},"excerpt":{"rendered":"<p>ESPECIFICA\u00c7\u00d5ES DO PRODUTO Chuveiro Acqua Duo Bk\/cr 220\/7800 Lorenzetti Economia de \u00e1gua e energia, f\u00e1cil instala\u00e7\u00e3o, design moderno, sem fia\u00e7\u00e3o aparente, sem necessidade de instalar cano. O chuveiro el\u00e9trico Lorenzetti \u00e9 perfeito para quem busca um banho cheio de conforto e bem-estar, conta com jatos de \u00e1gua lineares e prazeroso durante o banho. Acompanhando as [&hellip;]<\/p>\n","protected":false},"featured_media":1983,"comment_status":"open","ping_status":"closed","template":"","meta":[],"product_brand":[],"product_cat":[36],"product_tag":[],"class_list":{"0":"post-1865","1":"product","2":"type-product","3":"status-publish","4":"has-post-thumbnail","6":"product_cat-materiais-eletricos","8":"first","9":"instock","10":"shipping-taxable","11":"purchasable","12":"product-type-simple"},"_links":{"self":[{"href":"https:\/\/marsangomateriais.com.br\/index.php\/wp-json\/wp\/v2\/product\/1865","targetHints":{"allow":["GET"]}}],"collection":[{"href":"https:\/\/marsangomateriais.com.br\/index.php\/wp-json\/wp\/v2\/product"}],"about":[{"href":"https:\/\/marsangomateriais.com.br\/index.php\/wp-json\/wp\/v2\/types\/product"}],"replies":[{"embeddable":true,"href":"https:\/\/marsangomateriais.com.br\/index.php\/wp-json\/wp\/v2\/comments?post=1865"}],"wp:featuredmedia":[{"embeddable":true,"href":"https:\/\/marsangomateriais.com.br\/index.php\/wp-json\/wp\/v2\/media\/1983"}],"wp:attachment":[{"href":"https:\/\/marsangomateriais.com.br\/index.php\/wp-json\/wp\/v2\/media?parent=1865"}],"wp:term":[{"taxonomy":"product_brand","embeddable":true,"href":"https:\/\/marsangomateriais.com.br\/index.php\/wp-json\/wp\/v2\/product_brand?post=1865"},{"taxonomy":"product_cat","embeddable":true,"href":"https:\/\/marsangomateriais.com.br\/index.php\/wp-json\/wp\/v2\/product_cat?post=1865"},{"taxonomy":"product_tag","embeddable":true,"href":"https:\/\/marsangomateriais.com.br\/index.php\/wp-json\/wp\/v2\/product_tag?post=1865"}],"curies":[{"name":"wp","href":"https:\/\/api.w.org\/{rel}","templated":true}]}}