{"id":1863,"date":"2026-04-02T15:58:44","date_gmt":"2026-04-02T18:58:44","guid":{"rendered":"https:\/\/marsangomateriais.com.br\/index.php\/produto\/purificador-agua-naturalis-lorenzetti\/"},"modified":"2026-04-06T09:43:47","modified_gmt":"2026-04-06T12:43:47","slug":"purificador-agua-naturalis-lorenzetti","status":"publish","type":"product","link":"https:\/\/marsangomateriais.com.br\/index.php\/produto\/purificador-agua-naturalis-lorenzetti\/","title":{"rendered":"PURIFICADOR AGUA NATURALIS LORENZETTI"},"content":{"rendered":"<p>ESPECIFICA\u00c7\u00d5ES DO PRODUTO<\/p>\n<p>O Purificador de \u00c1gua Naturalis possui design com linhas arredondadas que une eleg\u00e2ncia e modernidade, sem esquecer da praticidade. Seu design e suas dimens\u00f5es facilitam a cria\u00e7\u00e3o de um projeto de cozinha contempor\u00e2neo e elegante. Ideal para fam\u00edlias maiores, com m\u00e9dia de 6 mil litros de consumo de \u00e1gua. Bica M\u00f3vel Maior \u00e1rea de alcance. Maior facilidade de uso. Retrolimpeza Com trava de seguran\u00e7a. Prolonga a vida \u00fatil dos refis. contem: deriva\u00e7ao met\u00e1lica, adaptador 3\/4&#8243;x 1\/2&#8243;, tampao 3\/4&#8243;, mangueira para retrolimpeza, mangueira de alimenta\u00e7ao, etiqueta magn\u00e9tica, anel de veda\u00e7ao sobressalente, parafusos e buchas de fixa\u00e7ao Troca dos Refis A troca dos refis \u00e9 recomendada ap\u00f3s 6.000 litros de \u00e1gua consumida ou 1 ano em m\u00e9dia de uso, n\u00e3o havendo necessidade do uso de ferramentas ou da presen\u00e7a de um t\u00e9cnico. A vida \u00fatil dos refis pode ser prolongada executando a retrolimpeza do seu aparelho. O produto vem com um im\u00e3 de geladeira para anotar a data da pr\u00f3xima troca do refil. Garantindo assim, sempre uma \u00e1gua saud\u00e1vel para voc\u00ea e sua fam\u00edlia.<\/p>\n","protected":false},"excerpt":{"rendered":"<p>ESPECIFICA\u00c7\u00d5ES DO PRODUTO O Purificador de \u00c1gua Naturalis possui design com linhas arredondadas que une eleg\u00e2ncia e modernidade, sem esquecer da praticidade. Seu design e suas dimens\u00f5es facilitam a cria\u00e7\u00e3o de um projeto de cozinha contempor\u00e2neo e elegante. Ideal para fam\u00edlias maiores, com m\u00e9dia de 6 mil litros de consumo de \u00e1gua. Bica M\u00f3vel Maior [&hellip;]<\/p>\n","protected":false},"featured_media":1979,"comment_status":"open","ping_status":"closed","template":"","meta":[],"product_brand":[],"product_cat":[36],"product_tag":[],"class_list":{"0":"post-1863","1":"product","2":"type-product","3":"status-publish","4":"has-post-thumbnail","6":"product_cat-materiais-eletricos","8":"first","9":"instock","10":"shipping-taxable","11":"purchasable","12":"product-type-simple"},"_links":{"self":[{"href":"https:\/\/marsangomateriais.com.br\/index.php\/wp-json\/wp\/v2\/product\/1863","targetHints":{"allow":["GET"]}}],"collection":[{"href":"https:\/\/marsangomateriais.com.br\/index.php\/wp-json\/wp\/v2\/product"}],"about":[{"href":"https:\/\/marsangomateriais.com.br\/index.php\/wp-json\/wp\/v2\/types\/product"}],"replies":[{"embeddable":true,"href":"https:\/\/marsangomateriais.com.br\/index.php\/wp-json\/wp\/v2\/comments?post=1863"}],"wp:featuredmedia":[{"embeddable":true,"href":"https:\/\/marsangomateriais.com.br\/index.php\/wp-json\/wp\/v2\/media\/1979"}],"wp:attachment":[{"href":"https:\/\/marsangomateriais.com.br\/index.php\/wp-json\/wp\/v2\/media?parent=1863"}],"wp:term":[{"taxonomy":"product_brand","embeddable":true,"href":"https:\/\/marsangomateriais.com.br\/index.php\/wp-json\/wp\/v2\/product_brand?post=1863"},{"taxonomy":"product_cat","embeddable":true,"href":"https:\/\/marsangomateriais.com.br\/index.php\/wp-json\/wp\/v2\/product_cat?post=1863"},{"taxonomy":"product_tag","embeddable":true,"href":"https:\/\/marsangomateriais.com.br\/index.php\/wp-json\/wp\/v2\/product_tag?post=1863"}],"curies":[{"name":"wp","href":"https:\/\/api.w.org\/{rel}","templated":true}]}}