{"id":1861,"date":"2026-04-02T15:58:43","date_gmt":"2026-04-02T18:58:43","guid":{"rendered":"https:\/\/marsangomateriais.com.br\/index.php\/produto\/ducha-futura-eletronica-127v-5500w-lorenzetti\/"},"modified":"2026-04-06T09:32:25","modified_gmt":"2026-04-06T12:32:25","slug":"ducha-futura-eletronica-127v-5500w-lorenzetti","status":"publish","type":"product","link":"https:\/\/marsangomateriais.com.br\/index.php\/produto\/ducha-futura-eletronica-127v-5500w-lorenzetti\/","title":{"rendered":"DUCHA FUTURA ELETR\u00d4NICA 127V 5500W &#8211; LORENZETTI"},"content":{"rendered":"<p>ESPECIFICA\u00c7\u00d5ES DO PRODUTO<\/p>\n<p>Ducha Futura Eletr\u00f4nica 127V 5500W Lorenzetti<\/p>\n<p>A ducha Futura possuem design moderno e oferecem uma experi\u00eancia \u00fanica de relaxamento durante o banho, al\u00e9m de dispensar o cano para instala\u00e7\u00e3o, deixando o ambiente mais harmonioso. A Ducha Futura Eletr\u00f4nica, possui controle de temperatura gradual proporcionando maior comodidade e economia na hora do banho. A escolha da temperatura \u00e9 realizada por meio de bot\u00e3o ou de haste prolongadora de 20 cm, que facilita ainda mais o acesso.<br \/>\nDesign Moderno<br \/>\nDucha de Parede (sem a necessidade de cano para instala\u00e7\u00e3o) com design inovador, seguindo a tend\u00eancia de linhas quadradas.<br \/>\nComando Eletr\u00f4nico<br \/>\nPermite a escolha gradual e precisa da temperatura.<br \/>\nHaste de Comando com 20cm<br \/>\nTroca de temperaturas ao alcance das m\u00e3os (uso opcional).*<br \/>\nCompat\u00edvel com dispositivo de prote\u00e7\u00e3o DR*<br \/>\n*Dispositivo Diferencial Residual.<br \/>\nCompat\u00edvel com aquecimento solar e outros sistemas de aquecimento.<br \/>\n-Pot\u00eancia: 5500W<br \/>\n-Tens\u00e3o: 127V<br \/>\n-Lorenzetti<br \/>\n*Dispositivo Diferencial Residual.<br \/>\n*Compat\u00edvel com aquecimento solar e outros sistemas de aquecimento.<br \/>\nPeso: 1751 Gramas<br \/>\nComprimento: 43 cent\u00edmetros<br \/>\nLargura: 11.7 cent\u00edmetros<br \/>\nAltura: 24.8 cent\u00edmetros<br \/>\nFabricante: Lorenzetti<\/p>\n","protected":false},"excerpt":{"rendered":"<p>ESPECIFICA\u00c7\u00d5ES DO PRODUTO Ducha Futura Eletr\u00f4nica 127V 5500W Lorenzetti A ducha Futura possuem design moderno e oferecem uma experi\u00eancia \u00fanica de relaxamento durante o banho, al\u00e9m de dispensar o cano para instala\u00e7\u00e3o, deixando o ambiente mais harmonioso. A Ducha Futura Eletr\u00f4nica, possui controle de temperatura gradual proporcionando maior comodidade e economia na hora do banho. [&hellip;]<\/p>\n","protected":false},"featured_media":1966,"comment_status":"open","ping_status":"closed","template":"","meta":[],"product_brand":[],"product_cat":[36],"product_tag":[],"class_list":{"0":"post-1861","1":"product","2":"type-product","3":"status-publish","4":"has-post-thumbnail","6":"product_cat-materiais-eletricos","8":"first","9":"instock","10":"shipping-taxable","11":"purchasable","12":"product-type-simple"},"_links":{"self":[{"href":"https:\/\/marsangomateriais.com.br\/index.php\/wp-json\/wp\/v2\/product\/1861","targetHints":{"allow":["GET"]}}],"collection":[{"href":"https:\/\/marsangomateriais.com.br\/index.php\/wp-json\/wp\/v2\/product"}],"about":[{"href":"https:\/\/marsangomateriais.com.br\/index.php\/wp-json\/wp\/v2\/types\/product"}],"replies":[{"embeddable":true,"href":"https:\/\/marsangomateriais.com.br\/index.php\/wp-json\/wp\/v2\/comments?post=1861"}],"wp:featuredmedia":[{"embeddable":true,"href":"https:\/\/marsangomateriais.com.br\/index.php\/wp-json\/wp\/v2\/media\/1966"}],"wp:attachment":[{"href":"https:\/\/marsangomateriais.com.br\/index.php\/wp-json\/wp\/v2\/media?parent=1861"}],"wp:term":[{"taxonomy":"product_brand","embeddable":true,"href":"https:\/\/marsangomateriais.com.br\/index.php\/wp-json\/wp\/v2\/product_brand?post=1861"},{"taxonomy":"product_cat","embeddable":true,"href":"https:\/\/marsangomateriais.com.br\/index.php\/wp-json\/wp\/v2\/product_cat?post=1861"},{"taxonomy":"product_tag","embeddable":true,"href":"https:\/\/marsangomateriais.com.br\/index.php\/wp-json\/wp\/v2\/product_tag?post=1861"}],"curies":[{"name":"wp","href":"https:\/\/api.w.org\/{rel}","templated":true}]}}