{"id":1857,"date":"2026-04-02T15:56:48","date_gmt":"2026-04-02T18:56:48","guid":{"rendered":"https:\/\/marsangomateriais.com.br\/index.php\/produto\/torneira-eletronica-prima-black-5500w-220v-zagonel\/"},"modified":"2026-04-06T09:33:55","modified_gmt":"2026-04-06T12:33:55","slug":"torneira-eletronica-prima-black-5500w-220v-zagonel","status":"publish","type":"product","link":"https:\/\/marsangomateriais.com.br\/index.php\/produto\/torneira-eletronica-prima-black-5500w-220v-zagonel\/","title":{"rendered":"TORNEIRA ELETR\u00d4NICA PRIMA BLACK 5500W 220V &#8211; ZAGONEL"},"content":{"rendered":"<p>ESPECIFICA\u00c7\u00d5ES DO PRODUTO<\/p>\n<p>DESCRI\u00c7\u00c3O<br \/>\nINFORMA\u00c7\u00d5ES<br \/>\nA torneira Prima touch foi pensada para ser sin\u00f4nimo de conforto e funcionalidade desde sua instala\u00e7\u00e3o. Al\u00e9m disso, possui bica girat\u00f3ria, acionamento simplifica com registro com 1\/4 de volta.<\/p>\n<p>CARACTER\u00cdSTICAS<br \/>\n:: A primeira torneira eletr\u00f4nica touch do mercado<br \/>\n:: Possui arejador articul\u00e1vel que n\u00e3o respinga;<br \/>\n:: Indicador de temperatura luminoso em LED;<br \/>\n:: 2 em 1: Possibilidade de instala\u00e7\u00e3o em parede ou bancada;<br \/>\n:: Ajuste de temperatura linear e progressivo no touch;<br \/>\n:: Bica girat\u00f3ria<\/p>\n<p>(AO LIGAR A DUCHA PELA 1\u00b0DEIXE NA TEMPERATURA FRIA PARA ESCORRER A \u00c1GUA, DEPOIS USE NORMALMENTE.)<\/p>\n<p>dimen\u00e7\u00e3o c\/ embalagem: 0,23Lx0,33C X0,09A cm<\/p>\n<p>ten\u00e7\u00e3o: 220v<\/p>\n<p>potencia: 7500w<\/p>\n<p>peso: 0,800g<\/p>\n","protected":false},"excerpt":{"rendered":"<p>ESPECIFICA\u00c7\u00d5ES DO PRODUTO DESCRI\u00c7\u00c3O INFORMA\u00c7\u00d5ES A torneira Prima touch foi pensada para ser sin\u00f4nimo de conforto e funcionalidade desde sua instala\u00e7\u00e3o. Al\u00e9m disso, possui bica girat\u00f3ria, acionamento simplifica com registro com 1\/4 de volta. CARACTER\u00cdSTICAS :: A primeira torneira eletr\u00f4nica touch do mercado :: Possui arejador articul\u00e1vel que n\u00e3o respinga; :: Indicador de temperatura luminoso [&hellip;]<\/p>\n","protected":false},"featured_media":1962,"comment_status":"open","ping_status":"closed","template":"","meta":[],"product_brand":[],"product_cat":[36],"product_tag":[],"class_list":{"0":"post-1857","1":"product","2":"type-product","3":"status-publish","4":"has-post-thumbnail","6":"product_cat-materiais-eletricos","8":"first","9":"instock","10":"shipping-taxable","11":"purchasable","12":"product-type-simple"},"_links":{"self":[{"href":"https:\/\/marsangomateriais.com.br\/index.php\/wp-json\/wp\/v2\/product\/1857","targetHints":{"allow":["GET"]}}],"collection":[{"href":"https:\/\/marsangomateriais.com.br\/index.php\/wp-json\/wp\/v2\/product"}],"about":[{"href":"https:\/\/marsangomateriais.com.br\/index.php\/wp-json\/wp\/v2\/types\/product"}],"replies":[{"embeddable":true,"href":"https:\/\/marsangomateriais.com.br\/index.php\/wp-json\/wp\/v2\/comments?post=1857"}],"wp:featuredmedia":[{"embeddable":true,"href":"https:\/\/marsangomateriais.com.br\/index.php\/wp-json\/wp\/v2\/media\/1962"}],"wp:attachment":[{"href":"https:\/\/marsangomateriais.com.br\/index.php\/wp-json\/wp\/v2\/media?parent=1857"}],"wp:term":[{"taxonomy":"product_brand","embeddable":true,"href":"https:\/\/marsangomateriais.com.br\/index.php\/wp-json\/wp\/v2\/product_brand?post=1857"},{"taxonomy":"product_cat","embeddable":true,"href":"https:\/\/marsangomateriais.com.br\/index.php\/wp-json\/wp\/v2\/product_cat?post=1857"},{"taxonomy":"product_tag","embeddable":true,"href":"https:\/\/marsangomateriais.com.br\/index.php\/wp-json\/wp\/v2\/product_tag?post=1857"}],"curies":[{"name":"wp","href":"https:\/\/api.w.org\/{rel}","templated":true}]}}