{"id":1856,"date":"2026-04-02T15:56:47","date_gmt":"2026-04-02T18:56:47","guid":{"rendered":"https:\/\/marsangomateriais.com.br\/index.php\/produto\/torneira-eletrica-4t-elegance-127-4800w-fame\/"},"modified":"2026-04-06T09:42:52","modified_gmt":"2026-04-06T12:42:52","slug":"torneira-eletrica-4t-elegance-127-4800w-fame","status":"publish","type":"product","link":"https:\/\/marsangomateriais.com.br\/index.php\/produto\/torneira-eletrica-4t-elegance-127-4800w-fame\/","title":{"rendered":"TORNEIRA ELETRICA 4T ELEGANCE 127 4800W FAME"},"content":{"rendered":"<p>ESPECIFICA\u00c7\u00d5ES DO PRODUTO<\/p>\n<p>A torneira \u00e9 sem d\u00favidas o acess\u00f3rio mais utilizado dentro de uma cozinha, pois al\u00e9m de fornecer a \u00e1gua necess\u00e1ria para lavar e cozinhar os alimentos ela tamb\u00e9m \u00e9 a respons\u00e1vel por deixar tudo limpinho e brilhando ap\u00f3s cada refei\u00e7\u00e3o. E para deixar a sua cozinha completa e funcional, a Fame traz a torneira el\u00e9trica de parede Elegance. Com um design moderno, ela conta com bica m\u00f3vel com giro de 180 graus que permite o direcionamento do fluxo de \u00e1gua para as \u00e1reas desejadas. Dispon\u00edvel na cor branca, possui acionamento de 1\/4 volta que proporciona f\u00e1cil controle de vaz\u00e3o da \u00e1gua. Seu arejador articulado produz um jato uniforme, que al\u00e9m de trazer economia, garante maior praticidade e conforto na utiliza\u00e7\u00e3o do produto. Ela conta com 4800W de pot\u00eancia e 4 temperaturas: fria, morna, quente e super quente, que ajuda na hora de ferver a \u00e1gua com mais rapidez e tamb\u00e9m a desengordurar lou\u00e7as e pia com facilidade, economizando detergente, \u00e1gua e energia el\u00e9trica!<\/p>\n","protected":false},"excerpt":{"rendered":"<p>ESPECIFICA\u00c7\u00d5ES DO PRODUTO A torneira \u00e9 sem d\u00favidas o acess\u00f3rio mais utilizado dentro de uma cozinha, pois al\u00e9m de fornecer a \u00e1gua necess\u00e1ria para lavar e cozinhar os alimentos ela tamb\u00e9m \u00e9 a respons\u00e1vel por deixar tudo limpinho e brilhando ap\u00f3s cada refei\u00e7\u00e3o. E para deixar a sua cozinha completa e funcional, a Fame traz [&hellip;]<\/p>\n","protected":false},"featured_media":1960,"comment_status":"open","ping_status":"closed","template":"","meta":[],"product_brand":[],"product_cat":[36],"product_tag":[],"class_list":{"0":"post-1856","1":"product","2":"type-product","3":"status-publish","4":"has-post-thumbnail","6":"product_cat-materiais-eletricos","8":"first","9":"instock","10":"shipping-taxable","11":"purchasable","12":"product-type-simple"},"_links":{"self":[{"href":"https:\/\/marsangomateriais.com.br\/index.php\/wp-json\/wp\/v2\/product\/1856","targetHints":{"allow":["GET"]}}],"collection":[{"href":"https:\/\/marsangomateriais.com.br\/index.php\/wp-json\/wp\/v2\/product"}],"about":[{"href":"https:\/\/marsangomateriais.com.br\/index.php\/wp-json\/wp\/v2\/types\/product"}],"replies":[{"embeddable":true,"href":"https:\/\/marsangomateriais.com.br\/index.php\/wp-json\/wp\/v2\/comments?post=1856"}],"wp:featuredmedia":[{"embeddable":true,"href":"https:\/\/marsangomateriais.com.br\/index.php\/wp-json\/wp\/v2\/media\/1960"}],"wp:attachment":[{"href":"https:\/\/marsangomateriais.com.br\/index.php\/wp-json\/wp\/v2\/media?parent=1856"}],"wp:term":[{"taxonomy":"product_brand","embeddable":true,"href":"https:\/\/marsangomateriais.com.br\/index.php\/wp-json\/wp\/v2\/product_brand?post=1856"},{"taxonomy":"product_cat","embeddable":true,"href":"https:\/\/marsangomateriais.com.br\/index.php\/wp-json\/wp\/v2\/product_cat?post=1856"},{"taxonomy":"product_tag","embeddable":true,"href":"https:\/\/marsangomateriais.com.br\/index.php\/wp-json\/wp\/v2\/product_tag?post=1856"}],"curies":[{"name":"wp","href":"https:\/\/api.w.org\/{rel}","templated":true}]}}