{"id":1670,"date":"2026-04-01T10:16:47","date_gmt":"2026-04-01T13:16:47","guid":{"rendered":"https:\/\/marsangomateriais.com.br\/index.php\/produto\/parafusadeira-furadeira-bat-12v-pfv120-bivolt-vonder\/"},"modified":"2026-04-02T07:40:48","modified_gmt":"2026-04-02T10:40:48","slug":"parafusadeira-furadeira-bat-12v-pfv120-bivolt-vonder","status":"publish","type":"product","link":"https:\/\/marsangomateriais.com.br\/index.php\/produto\/parafusadeira-furadeira-bat-12v-pfv120-bivolt-vonder\/","title":{"rendered":"Parafusadeira\/Furadeira Bat 12V PFV 120 Bivolt &#8211; VONDER"},"content":{"rendered":"<p>ESPECIFICA\u00c7\u00d5ES DO PRODUTO<\/p>\n<p>Refer\u00eancia: 6001100120<\/p>\n","protected":false},"excerpt":{"rendered":"<p>ESPECIFICA\u00c7\u00d5ES DO PRODUTO Refer\u00eancia: 6001100120<\/p>\n","protected":false},"featured_media":1763,"comment_status":"open","ping_status":"closed","template":"","meta":[],"product_brand":[],"product_cat":[29],"product_tag":[],"class_list":{"0":"post-1670","1":"product","2":"type-product","3":"status-publish","4":"has-post-thumbnail","6":"product_cat-ferramentas","8":"first","9":"instock","10":"shipping-taxable","11":"purchasable","12":"product-type-simple"},"_links":{"self":[{"href":"https:\/\/marsangomateriais.com.br\/index.php\/wp-json\/wp\/v2\/product\/1670","targetHints":{"allow":["GET"]}}],"collection":[{"href":"https:\/\/marsangomateriais.com.br\/index.php\/wp-json\/wp\/v2\/product"}],"about":[{"href":"https:\/\/marsangomateriais.com.br\/index.php\/wp-json\/wp\/v2\/types\/product"}],"replies":[{"embeddable":true,"href":"https:\/\/marsangomateriais.com.br\/index.php\/wp-json\/wp\/v2\/comments?post=1670"}],"wp:featuredmedia":[{"embeddable":true,"href":"https:\/\/marsangomateriais.com.br\/index.php\/wp-json\/wp\/v2\/media\/1763"}],"wp:attachment":[{"href":"https:\/\/marsangomateriais.com.br\/index.php\/wp-json\/wp\/v2\/media?parent=1670"}],"wp:term":[{"taxonomy":"product_brand","embeddable":true,"href":"https:\/\/marsangomateriais.com.br\/index.php\/wp-json\/wp\/v2\/product_brand?post=1670"},{"taxonomy":"product_cat","embeddable":true,"href":"https:\/\/marsangomateriais.com.br\/index.php\/wp-json\/wp\/v2\/product_cat?post=1670"},{"taxonomy":"product_tag","embeddable":true,"href":"https:\/\/marsangomateriais.com.br\/index.php\/wp-json\/wp\/v2\/product_tag?post=1670"}],"curies":[{"name":"wp","href":"https:\/\/api.w.org\/{rel}","templated":true}]}}