{"id":1637,"date":"2026-04-01T09:46:40","date_gmt":"2026-04-01T12:46:40","guid":{"rendered":"https:\/\/marsangomateriais.com.br\/index.php\/produto\/alicate-nivelador-de-piso-23mm-cortag\/"},"modified":"2026-04-13T09:34:28","modified_gmt":"2026-04-13T12:34:28","slug":"alicate-nivelador-de-piso-23mm-cortag","status":"publish","type":"product","link":"https:\/\/marsangomateriais.com.br\/index.php\/produto\/alicate-nivelador-de-piso-23mm-cortag\/","title":{"rendered":"Alicate Nivelador de Piso 23MM &#8211; CORTAG"},"content":{"rendered":"<p>ESPECIFICA\u00c7\u00d5ES DO PRODUTO<\/p>\n<p>Alicate Nivelador de Piso Cortag O alicate nivelador de piso Cortag \u00e9 a pe\u00e7a ideal para deixar seu piso de porcelanato completamente plano. Feito de metal e a\u00e7o com cabos injetados dando maior conforto e praticidade, ele serve para assentar os revestimentos e garantir o nivelamento correto entre as pe\u00e7as e minimizam o tempo de aplica\u00e7\u00e3o, principalmente as de grande formato. Acompanham adaptador para SISTEMA SLIM.<\/p>\n","protected":false},"excerpt":{"rendered":"<p>ESPECIFICA\u00c7\u00d5ES DO PRODUTO Alicate Nivelador de Piso Cortag O alicate nivelador de piso Cortag \u00e9 a pe\u00e7a ideal para deixar seu piso de porcelanato completamente plano. Feito de metal e a\u00e7o com cabos injetados dando maior conforto e praticidade, ele serve para assentar os revestimentos e garantir o nivelamento correto entre as pe\u00e7as e minimizam [&hellip;]<\/p>\n","protected":false},"featured_media":1703,"comment_status":"open","ping_status":"closed","template":"","meta":[],"product_brand":[],"product_cat":[29],"product_tag":[],"class_list":{"0":"post-1637","1":"product","2":"type-product","3":"status-publish","4":"has-post-thumbnail","6":"product_cat-ferramentas","8":"first","9":"instock","10":"sale","11":"shipping-taxable","12":"purchasable","13":"product-type-simple"},"_links":{"self":[{"href":"https:\/\/marsangomateriais.com.br\/index.php\/wp-json\/wp\/v2\/product\/1637","targetHints":{"allow":["GET"]}}],"collection":[{"href":"https:\/\/marsangomateriais.com.br\/index.php\/wp-json\/wp\/v2\/product"}],"about":[{"href":"https:\/\/marsangomateriais.com.br\/index.php\/wp-json\/wp\/v2\/types\/product"}],"replies":[{"embeddable":true,"href":"https:\/\/marsangomateriais.com.br\/index.php\/wp-json\/wp\/v2\/comments?post=1637"}],"wp:featuredmedia":[{"embeddable":true,"href":"https:\/\/marsangomateriais.com.br\/index.php\/wp-json\/wp\/v2\/media\/1703"}],"wp:attachment":[{"href":"https:\/\/marsangomateriais.com.br\/index.php\/wp-json\/wp\/v2\/media?parent=1637"}],"wp:term":[{"taxonomy":"product_brand","embeddable":true,"href":"https:\/\/marsangomateriais.com.br\/index.php\/wp-json\/wp\/v2\/product_brand?post=1637"},{"taxonomy":"product_cat","embeddable":true,"href":"https:\/\/marsangomateriais.com.br\/index.php\/wp-json\/wp\/v2\/product_cat?post=1637"},{"taxonomy":"product_tag","embeddable":true,"href":"https:\/\/marsangomateriais.com.br\/index.php\/wp-json\/wp\/v2\/product_tag?post=1637"}],"curies":[{"name":"wp","href":"https:\/\/api.w.org\/{rel}","templated":true}]}}