{"id":1632,"date":"2026-04-01T09:44:50","date_gmt":"2026-04-01T12:44:50","guid":{"rendered":"https:\/\/marsangomateriais.com.br\/index.php\/produto\/pe-de-cabra-redondo-70cm-paraboni\/"},"modified":"2026-04-01T22:20:19","modified_gmt":"2026-04-02T01:20:19","slug":"pe-de-cabra-redondo-70cm-paraboni","status":"publish","type":"product","link":"https:\/\/marsangomateriais.com.br\/index.php\/produto\/pe-de-cabra-redondo-70cm-paraboni\/","title":{"rendered":"P\u00e9 de Cabra Redondo 70CM &#8211; ROCAMA"},"content":{"rendered":"<p>ESPECIFICA\u00c7\u00d5ES DO PRODUTO<\/p>\n<p>Forjado em a\u00e7o carbono especial o p\u00e9 de cabra, possui estrutura termicamente refor\u00e7ada em suas extremidades e pintura protetiva que lhe confere grande durabilidade e resist\u00eancia mec\u00e2nica para trabalhos diversos. Indicada para trabalhos moderados ou pesados na abertura ou desmonte de caixas, caixotes e engradados de madeira.<\/p>\n","protected":false},"excerpt":{"rendered":"<p>ESPECIFICA\u00c7\u00d5ES DO PRODUTO Forjado em a\u00e7o carbono especial o p\u00e9 de cabra, possui estrutura termicamente refor\u00e7ada em suas extremidades e pintura protetiva que lhe confere grande durabilidade e resist\u00eancia mec\u00e2nica para trabalhos diversos. Indicada para trabalhos moderados ou pesados na abertura ou desmonte de caixas, caixotes e engradados de madeira.<\/p>\n","protected":false},"featured_media":1691,"comment_status":"open","ping_status":"closed","template":"","meta":[],"product_brand":[],"product_cat":[29],"product_tag":[],"class_list":{"0":"post-1632","1":"product","2":"type-product","3":"status-publish","4":"has-post-thumbnail","6":"product_cat-ferramentas","8":"first","9":"instock","10":"shipping-taxable","11":"purchasable","12":"product-type-simple"},"_links":{"self":[{"href":"https:\/\/marsangomateriais.com.br\/index.php\/wp-json\/wp\/v2\/product\/1632","targetHints":{"allow":["GET"]}}],"collection":[{"href":"https:\/\/marsangomateriais.com.br\/index.php\/wp-json\/wp\/v2\/product"}],"about":[{"href":"https:\/\/marsangomateriais.com.br\/index.php\/wp-json\/wp\/v2\/types\/product"}],"replies":[{"embeddable":true,"href":"https:\/\/marsangomateriais.com.br\/index.php\/wp-json\/wp\/v2\/comments?post=1632"}],"wp:featuredmedia":[{"embeddable":true,"href":"https:\/\/marsangomateriais.com.br\/index.php\/wp-json\/wp\/v2\/media\/1691"}],"wp:attachment":[{"href":"https:\/\/marsangomateriais.com.br\/index.php\/wp-json\/wp\/v2\/media?parent=1632"}],"wp:term":[{"taxonomy":"product_brand","embeddable":true,"href":"https:\/\/marsangomateriais.com.br\/index.php\/wp-json\/wp\/v2\/product_brand?post=1632"},{"taxonomy":"product_cat","embeddable":true,"href":"https:\/\/marsangomateriais.com.br\/index.php\/wp-json\/wp\/v2\/product_cat?post=1632"},{"taxonomy":"product_tag","embeddable":true,"href":"https:\/\/marsangomateriais.com.br\/index.php\/wp-json\/wp\/v2\/product_tag?post=1632"}],"curies":[{"name":"wp","href":"https:\/\/api.w.org\/{rel}","templated":true}]}}