{"id":1625,"date":"2026-04-01T09:44:38","date_gmt":"2026-04-01T12:44:38","guid":{"rendered":"https:\/\/marsangomateriais.com.br\/index.php\/produto\/lixadeira-excentrica-127v-gex-125-1-ae-bosch\/"},"modified":"2026-04-01T13:39:16","modified_gmt":"2026-04-01T16:39:16","slug":"lixadeira-excentrica-127v-gex-125-1-ae-bosch","status":"publish","type":"product","link":"https:\/\/marsangomateriais.com.br\/index.php\/produto\/lixadeira-excentrica-127v-gex-125-1-ae-bosch\/","title":{"rendered":"Lixadeira Exc\u00eantrica 127V &#8211; BOSCH"},"content":{"rendered":"<p>ESPECIFICA\u00c7\u00d5ES DO PRODUTO<\/p>\n<p>Esta lixadeira exc\u00eantrica se destina ao lixamento, lixamento intermedi\u00e1rio, remo\u00e7\u00e3o de verniz e para acabamento de superf\u00edcies em diversos materiais. A lixadeira exc\u00eantrica \u00e9 extremamente vers\u00e1til capaz de polir materiais variados como pl\u00e1stico, massa de aparelhar, verniz, metal e madeira, tanto para superf\u00edcies planas como curvadas. Ela proporciona um lixamento fino e sem estrias.<\/p>\n<p>Dados t\u00e9cnicos<br \/>\n&#8211; Marca: Bosch<br \/>\n&#8211; Modelo: GEX 125-1 AE<br \/>\n&#8211; C\u00f3digo do fabricante: 0 601 387 5D0<br \/>\n&#8211; Di\u00e2metro do prato de lixar*: 125 mm<br \/>\n&#8211; Pot\u00eancia nominal absorvida*: 250 W<br \/>\n&#8211; 127v<br \/>\n&#8211; Di\u00e2metro do c\u00edrculo de oscila\u00e7\u00e3o*: 2,5 mm<br \/>\n&#8211; N\u00ba de rota\u00e7\u00f5es em vazio: 7.500 ? 12.000 r.p.m.<br \/>\n&#8211; N\u00ba de oscila\u00e7\u00f5es: 15.000 ? 24.000 o.p.m.<br \/>\n&#8211; Excentricidade: 1,25 mm<br \/>\n&#8211; Fixa\u00e7\u00e3o da folha de lixa\/disco abrasivo: Fixa\u00e7\u00e3o autoaderente<br \/>\n&#8211; Peso: 1,3 kg<\/p>\n<p>Valores totais de vibra\u00e7\u00e3o (Lixar madeira maci\u00e7a)<br \/>\n&#8211; Valor de emiss\u00e3o de vibra\u00e7\u00f5es ah: 5 m\/s\u00b2<br \/>\n&#8211; Incerteza K: 1,5 m\/s\u00b2<br \/>\n-Dimens\u00e3o c\/ embale. :0,24&#215;0,16&#215;0,14cm<br \/>\n&#8211; peso c\/ embalagem : 1,700 kg<\/p>\n","protected":false},"excerpt":{"rendered":"<p>ESPECIFICA\u00c7\u00d5ES DO PRODUTO Esta lixadeira exc\u00eantrica se destina ao lixamento, lixamento intermedi\u00e1rio, remo\u00e7\u00e3o de verniz e para acabamento de superf\u00edcies em diversos materiais. A lixadeira exc\u00eantrica \u00e9 extremamente vers\u00e1til capaz de polir materiais variados como pl\u00e1stico, massa de aparelhar, verniz, metal e madeira, tanto para superf\u00edcies planas como curvadas. Ela proporciona um lixamento fino e [&hellip;]<\/p>\n","protected":false},"featured_media":1675,"comment_status":"open","ping_status":"closed","template":"","meta":[],"product_brand":[],"product_cat":[29],"product_tag":[],"class_list":{"0":"post-1625","1":"product","2":"type-product","3":"status-publish","4":"has-post-thumbnail","6":"product_cat-ferramentas","8":"first","9":"instock","10":"shipping-taxable","11":"purchasable","12":"product-type-simple"},"_links":{"self":[{"href":"https:\/\/marsangomateriais.com.br\/index.php\/wp-json\/wp\/v2\/product\/1625","targetHints":{"allow":["GET"]}}],"collection":[{"href":"https:\/\/marsangomateriais.com.br\/index.php\/wp-json\/wp\/v2\/product"}],"about":[{"href":"https:\/\/marsangomateriais.com.br\/index.php\/wp-json\/wp\/v2\/types\/product"}],"replies":[{"embeddable":true,"href":"https:\/\/marsangomateriais.com.br\/index.php\/wp-json\/wp\/v2\/comments?post=1625"}],"wp:featuredmedia":[{"embeddable":true,"href":"https:\/\/marsangomateriais.com.br\/index.php\/wp-json\/wp\/v2\/media\/1675"}],"wp:attachment":[{"href":"https:\/\/marsangomateriais.com.br\/index.php\/wp-json\/wp\/v2\/media?parent=1625"}],"wp:term":[{"taxonomy":"product_brand","embeddable":true,"href":"https:\/\/marsangomateriais.com.br\/index.php\/wp-json\/wp\/v2\/product_brand?post=1625"},{"taxonomy":"product_cat","embeddable":true,"href":"https:\/\/marsangomateriais.com.br\/index.php\/wp-json\/wp\/v2\/product_cat?post=1625"},{"taxonomy":"product_tag","embeddable":true,"href":"https:\/\/marsangomateriais.com.br\/index.php\/wp-json\/wp\/v2\/product_tag?post=1625"}],"curies":[{"name":"wp","href":"https:\/\/api.w.org\/{rel}","templated":true}]}}