{"id":1620,"date":"2026-03-31T16:22:34","date_gmt":"2026-03-31T19:22:34","guid":{"rendered":"https:\/\/marsangomateriais.com.br\/index.php\/produto\/enrolador-p-mangueira-parede-40mm\/"},"modified":"2026-04-10T14:57:36","modified_gmt":"2026-04-10T17:57:36","slug":"enrolador-p-mangueira-parede-40mm","status":"publish","type":"product","link":"https:\/\/marsangomateriais.com.br\/index.php\/produto\/enrolador-p-mangueira-parede-40mm\/","title":{"rendered":"Enrolador para Mangueira 40 MM &#8211; KALA"},"content":{"rendered":"<p>ESPECIFICA\u00c7\u00d5ES DO PRODUTO<\/p>\n<p>Enrolador de Mangueira Parede<br \/>\nCapacidade de 40 metros de mangueira<br \/>\nTubos de a\u00e7o galvanizado 5\/8<br \/>\nEngate r\u00e1pido girat\u00f3rio<br \/>\nN\u00e3o acompanha mangueira.<\/p>\n","protected":false},"excerpt":{"rendered":"<p>ESPECIFICA\u00c7\u00d5ES DO PRODUTO Enrolador de Mangueira Parede Capacidade de 40 metros de mangueira Tubos de a\u00e7o galvanizado 5\/8 Engate r\u00e1pido girat\u00f3rio N\u00e3o acompanha mangueira.<\/p>\n","protected":false},"featured_media":1622,"comment_status":"open","ping_status":"closed","template":"","meta":[],"product_brand":[],"product_cat":[32],"product_tag":[],"class_list":{"0":"post-1620","1":"product","2":"type-product","3":"status-publish","4":"has-post-thumbnail","6":"product_cat-jardinagem","8":"first","9":"instock","10":"sale","11":"shipping-taxable","12":"purchasable","13":"product-type-simple"},"_links":{"self":[{"href":"https:\/\/marsangomateriais.com.br\/index.php\/wp-json\/wp\/v2\/product\/1620","targetHints":{"allow":["GET"]}}],"collection":[{"href":"https:\/\/marsangomateriais.com.br\/index.php\/wp-json\/wp\/v2\/product"}],"about":[{"href":"https:\/\/marsangomateriais.com.br\/index.php\/wp-json\/wp\/v2\/types\/product"}],"replies":[{"embeddable":true,"href":"https:\/\/marsangomateriais.com.br\/index.php\/wp-json\/wp\/v2\/comments?post=1620"}],"wp:featuredmedia":[{"embeddable":true,"href":"https:\/\/marsangomateriais.com.br\/index.php\/wp-json\/wp\/v2\/media\/1622"}],"wp:attachment":[{"href":"https:\/\/marsangomateriais.com.br\/index.php\/wp-json\/wp\/v2\/media?parent=1620"}],"wp:term":[{"taxonomy":"product_brand","embeddable":true,"href":"https:\/\/marsangomateriais.com.br\/index.php\/wp-json\/wp\/v2\/product_brand?post=1620"},{"taxonomy":"product_cat","embeddable":true,"href":"https:\/\/marsangomateriais.com.br\/index.php\/wp-json\/wp\/v2\/product_cat?post=1620"},{"taxonomy":"product_tag","embeddable":true,"href":"https:\/\/marsangomateriais.com.br\/index.php\/wp-json\/wp\/v2\/product_tag?post=1620"}],"curies":[{"name":"wp","href":"https:\/\/api.w.org\/{rel}","templated":true}]}}