{"id":1504,"date":"2026-03-31T10:48:36","date_gmt":"2026-03-31T13:48:36","guid":{"rendered":"https:\/\/marsangomateriais.com.br\/index.php\/produto\/aspersor-irrigacao-25cm-liege\/"},"modified":"2026-04-10T14:54:01","modified_gmt":"2026-04-10T17:54:01","slug":"aspersor-irrigacao-25cm-liege","status":"publish","type":"product","link":"https:\/\/marsangomateriais.com.br\/index.php\/produto\/aspersor-irrigacao-25cm-liege\/","title":{"rendered":"Aspersor Irriga\u00e7\u00e3o 25 CM &#8211; LIEGE"},"content":{"rendered":"<p>ESPECIFICA\u00c7\u00d5ES DO PRODUTO<\/p>\n<p>Pode ser usados em hortalicas, jardins, estufas, campos esportivos, Pomares: banana, mamao, manga, citros, maca, etc.<br \/>\nCOMPOSICAO DO CONJUNTO: Defletor estriado para irrigacao de plantas jovens ou canteiros estreitos Conecta com T ou adaptador de 1\/2, 3\/4 ou 1 com bucha de reducao Bailarina rotativa apoiada em dois mancais proporcionando um desemprenho confiavel Design do aspersor com corpo no formato C, otimiza a uniformidade da precipita\u00e7\u00e3o.<\/p>\n","protected":false},"excerpt":{"rendered":"<p>ESPECIFICA\u00c7\u00d5ES DO PRODUTO Pode ser usados em hortalicas, jardins, estufas, campos esportivos, Pomares: banana, mamao, manga, citros, maca, etc. COMPOSICAO DO CONJUNTO: Defletor estriado para irrigacao de plantas jovens ou canteiros estreitos Conecta com T ou adaptador de 1\/2, 3\/4 ou 1 com bucha de reducao Bailarina rotativa apoiada em dois mancais proporcionando um desemprenho [&hellip;]<\/p>\n","protected":false},"featured_media":1614,"comment_status":"open","ping_status":"closed","template":"","meta":[],"product_brand":[],"product_cat":[32],"product_tag":[],"class_list":{"0":"post-1504","1":"product","2":"type-product","3":"status-publish","4":"has-post-thumbnail","6":"product_cat-jardinagem","8":"first","9":"instock","10":"sale","11":"shipping-taxable","12":"purchasable","13":"product-type-simple"},"_links":{"self":[{"href":"https:\/\/marsangomateriais.com.br\/index.php\/wp-json\/wp\/v2\/product\/1504","targetHints":{"allow":["GET"]}}],"collection":[{"href":"https:\/\/marsangomateriais.com.br\/index.php\/wp-json\/wp\/v2\/product"}],"about":[{"href":"https:\/\/marsangomateriais.com.br\/index.php\/wp-json\/wp\/v2\/types\/product"}],"replies":[{"embeddable":true,"href":"https:\/\/marsangomateriais.com.br\/index.php\/wp-json\/wp\/v2\/comments?post=1504"}],"wp:featuredmedia":[{"embeddable":true,"href":"https:\/\/marsangomateriais.com.br\/index.php\/wp-json\/wp\/v2\/media\/1614"}],"wp:attachment":[{"href":"https:\/\/marsangomateriais.com.br\/index.php\/wp-json\/wp\/v2\/media?parent=1504"}],"wp:term":[{"taxonomy":"product_brand","embeddable":true,"href":"https:\/\/marsangomateriais.com.br\/index.php\/wp-json\/wp\/v2\/product_brand?post=1504"},{"taxonomy":"product_cat","embeddable":true,"href":"https:\/\/marsangomateriais.com.br\/index.php\/wp-json\/wp\/v2\/product_cat?post=1504"},{"taxonomy":"product_tag","embeddable":true,"href":"https:\/\/marsangomateriais.com.br\/index.php\/wp-json\/wp\/v2\/product_tag?post=1504"}],"curies":[{"name":"wp","href":"https:\/\/api.w.org\/{rel}","templated":true}]}}