{"id":11629,"date":"2026-05-15T08:49:48","date_gmt":"2026-05-15T11:49:48","guid":{"rendered":"https:\/\/marsangomateriais.com.br\/index.php\/produto\/tesoura-de-poda-para-grama-12-tramontina\/"},"modified":"2026-05-15T09:40:42","modified_gmt":"2026-05-15T12:40:42","slug":"tesoura-de-poda-para-grama-12-tramontina","status":"publish","type":"product","link":"https:\/\/marsangomateriais.com.br\/index.php\/produto\/tesoura-de-poda-para-grama-12-tramontina\/","title":{"rendered":"Tesoura de Poda Para Grama 12&#8221; &#8211; TRAMONTINA"},"content":{"rendered":"<p>ESPECIFICA\u00c7\u00d5ES DO PRODUTO<\/p>\n<p>A Tesoura Tramontina \u00e9 temperada em todo o corpo da pe\u00e7a, proporcionando maior resist\u00eancia e menor desgaste durante o uso. As l\u00e2minas lisas fabricadas em a\u00e7o carbono especial de alta qualidade. A afia\u00e7\u00e3o das l\u00e2minas \u00e9 feita em m\u00e1quinas CNC, proporcionando excelente durabilidade do fio e um corte mais preciso e macio. O cabo desta ferramenta, al\u00e9m de possuir \u00f3tima resist\u00eancia, \u00e9 produzido com madeira de origem renov\u00e1vel. Cabo com acabamento envernizado, para um melhor acabamento e apresenta\u00e7\u00e3o do produto. A camada protetora em verniz incolor real\u00e7a sua tonalidade, concedendo brilho e um toque mais liso ao produto. Leve e pr\u00e1tica no uso.Os cuidados com a casa come\u00e7am pelo jardim, e com esta pr\u00e1tica tesoura de cerca-viva, deix\u00e1-lo impec\u00e1vel ser\u00e1 muito mais simples e agrad\u00e1vel. A tesoura \u00e9 perfeita para podar, aparar e para dar acabamento a vegeta\u00e7\u00e3o, deixando as plantas e jardins lindos e bem cuidados. Seu cabo, al\u00e9m de ser produzido com madeira de origem renov\u00e1vel, tem formato ergon\u00f4mico, proporcionando mais conforto durante o uso.<\/p>\n","protected":false},"excerpt":{"rendered":"<p>ESPECIFICA\u00c7\u00d5ES DO PRODUTO A Tesoura Tramontina \u00e9 temperada em todo o corpo da pe\u00e7a, proporcionando maior resist\u00eancia e menor desgaste durante o uso. As l\u00e2minas lisas fabricadas em a\u00e7o carbono especial de alta qualidade. A afia\u00e7\u00e3o das l\u00e2minas \u00e9 feita em m\u00e1quinas CNC, proporcionando excelente durabilidade do fio e um corte mais preciso e macio. [&hellip;]<\/p>\n","protected":false},"featured_media":11648,"comment_status":"open","ping_status":"closed","template":"","meta":[],"product_brand":[],"product_cat":[32],"product_tag":[],"class_list":{"0":"post-11629","1":"product","2":"type-product","3":"status-publish","4":"has-post-thumbnail","6":"product_cat-jardinagem","8":"first","9":"instock","10":"sale","11":"shipping-taxable","12":"purchasable","13":"product-type-simple"},"_links":{"self":[{"href":"https:\/\/marsangomateriais.com.br\/index.php\/wp-json\/wp\/v2\/product\/11629","targetHints":{"allow":["GET"]}}],"collection":[{"href":"https:\/\/marsangomateriais.com.br\/index.php\/wp-json\/wp\/v2\/product"}],"about":[{"href":"https:\/\/marsangomateriais.com.br\/index.php\/wp-json\/wp\/v2\/types\/product"}],"replies":[{"embeddable":true,"href":"https:\/\/marsangomateriais.com.br\/index.php\/wp-json\/wp\/v2\/comments?post=11629"}],"wp:featuredmedia":[{"embeddable":true,"href":"https:\/\/marsangomateriais.com.br\/index.php\/wp-json\/wp\/v2\/media\/11648"}],"wp:attachment":[{"href":"https:\/\/marsangomateriais.com.br\/index.php\/wp-json\/wp\/v2\/media?parent=11629"}],"wp:term":[{"taxonomy":"product_brand","embeddable":true,"href":"https:\/\/marsangomateriais.com.br\/index.php\/wp-json\/wp\/v2\/product_brand?post=11629"},{"taxonomy":"product_cat","embeddable":true,"href":"https:\/\/marsangomateriais.com.br\/index.php\/wp-json\/wp\/v2\/product_cat?post=11629"},{"taxonomy":"product_tag","embeddable":true,"href":"https:\/\/marsangomateriais.com.br\/index.php\/wp-json\/wp\/v2\/product_tag?post=11629"}],"curies":[{"name":"wp","href":"https:\/\/api.w.org\/{rel}","templated":true}]}}